{"id":46581,"date":"2019-11-30T00:00:00","date_gmt":"2019-11-30T00:00:00","guid":{"rendered":"https:\/\/wydawnictwo.ug.edu.pl\/ksiegarnia-online\/uncategorized\/gdanskie-studia-archeologiczne-2020-nr-8\/"},"modified":"2026-02-11T14:39:43","modified_gmt":"2026-02-11T14:39:43","slug":"gdanskie-studia-archeologiczne-2020-nr-8","status":"publish","type":"product","link":"https:\/\/wydawnictwo.ug.edu.pl\/en\/ksiegarnia-online\/historia\/gdanskie-studia-archeologiczne-2020-nr-8\/","title":{"rendered":"Gda\u0144skie Studia Archeologiczne 2020, nr 8"},"content":{"rendered":"","protected":false},"excerpt":{"rendered":"<p><span class=\"TextRun BCX0 SCXW240224272\" lang=\"PL-PL\" xml:lang=\"PL-PL\" data-contrast=\"auto\"><span class=\"NormalTextRun BCX0 SCXW240224272\">Gda\u0144skie <\/span><\/span><span class=\"TextRun BCX0 SCXW240224272\" lang=\"PL-PL\" xml:lang=\"PL-PL\" data-contrast=\"none\"><span class=\"NormalTextRun BCX0 SCXW240224272\">Studia Archeologiczne s\u0105 rocznikiem wydawanym przez Instytut Archeologii i\u202fEtnologii Uniwersytetu Gda\u0144skiego. Czasopismo spe\u0142nia funkcj\u0119 platformy prezentuj\u0105cej dorobek naukowy archeolog\u00f3w \u015brodowiska Gda\u0144skiego oraz naukowc\u00f3w z innych o\u015brodk\u00f3w z Polski i zagranicy.\u00a0<\/span><\/span><\/p>\n<p>&nbsp;<\/p>\n","protected":false},"featured_media":16327,"template":"","meta":{"_acf_changed":false},"journal":[8017],"rodzaj":[7077],"seria":[],"product_brand":[],"product_cat":[6958],"product_tag":[],"class_list":{"0":"post-46581","1":"product","2":"type-product","3":"status-publish","4":"has-post-thumbnail","6":"journal-gdanskie-studia-archeologiczne","7":"rodzaj-czasopismo","8":"product_cat-historia","9":"pa_rok-wydania-2020-en","11":"first","12":"outofstock","13":"taxable","14":"shipping-taxable","15":"purchasable","16":"product-type-simple"},"acf":[],"_links":{"self":[{"href":"https:\/\/wydawnictwo.ug.edu.pl\/en\/wp-json\/wp\/v2\/product\/46581","targetHints":{"allow":["GET"]}}],"collection":[{"href":"https:\/\/wydawnictwo.ug.edu.pl\/en\/wp-json\/wp\/v2\/product"}],"about":[{"href":"https:\/\/wydawnictwo.ug.edu.pl\/en\/wp-json\/wp\/v2\/types\/product"}],"wp:featuredmedia":[{"embeddable":true,"href":"https:\/\/wydawnictwo.ug.edu.pl\/en\/wp-json\/wp\/v2\/media\/16327"}],"wp:attachment":[{"href":"https:\/\/wydawnictwo.ug.edu.pl\/en\/wp-json\/wp\/v2\/media?parent=46581"}],"wp:term":[{"taxonomy":"journal","embeddable":true,"href":"https:\/\/wydawnictwo.ug.edu.pl\/en\/wp-json\/wp\/v2\/journal?post=46581"},{"taxonomy":"rodzaj","embeddable":true,"href":"https:\/\/wydawnictwo.ug.edu.pl\/en\/wp-json\/wp\/v2\/rodzaj?post=46581"},{"taxonomy":"seria","embeddable":true,"href":"https:\/\/wydawnictwo.ug.edu.pl\/en\/wp-json\/wp\/v2\/seria?post=46581"},{"taxonomy":"product_brand","embeddable":true,"href":"https:\/\/wydawnictwo.ug.edu.pl\/en\/wp-json\/wp\/v2\/product_brand?post=46581"},{"taxonomy":"product_cat","embeddable":true,"href":"https:\/\/wydawnictwo.ug.edu.pl\/en\/wp-json\/wp\/v2\/product_cat?post=46581"},{"taxonomy":"product_tag","embeddable":true,"href":"https:\/\/wydawnictwo.ug.edu.pl\/en\/wp-json\/wp\/v2\/product_tag?post=46581"}],"curies":[{"name":"wp","href":"https:\/\/api.w.org\/{rel}","templated":true}]}}