{"id":46580,"date":"2019-11-30T00:00:00","date_gmt":"2019-11-30T00:00:00","guid":{"rendered":"https:\/\/wydawnictwo.ug.edu.pl\/ksiegarnia-online\/uncategorized\/miedzy-nauka-a-polityka-dzialalnosc-naukowa-i-spoleczno-polityczna-aleksandra-hilferdinga-1831-1872\/"},"modified":"2026-02-11T14:43:12","modified_gmt":"2026-02-11T14:43:12","slug":"miedzy-nauka-a-polityka-dzialalnosc-naukowa-i-spoleczno-polityczna-aleksandra-hilferdinga-1831-1872","status":"publish","type":"product","link":"https:\/\/wydawnictwo.ug.edu.pl\/en\/ksiegarnia-online\/historia\/miedzy-nauka-a-polityka-dzialalnosc-naukowa-i-spoleczno-polityczna-aleksandra-hilferdinga-1831-1872\/","title":{"rendered":"Mi\u0119dzy nauk\u0105 a polityk\u0105. Dzia\u0142alno\u015b\u0107 naukowa i spo\u0142eczno-polityczna Aleksandra Hilferdinga (1831\u20131872)"},"content":{"rendered":"","protected":false},"excerpt":{"rendered":"<p>Aleksander Fiodorowicz Hilferding urodzi\u0142 si\u0119 14 (2 wed\u0142ug starego stylu) lipca 1831 roku w Warszawie, gdzie jego ojciec piastowa\u0142 stanowisko dyrektora kancelarii dyplomatycznej namiestnika Cesarstwa Polskiego. M\u0142ody Hilferding otrzyma\u0142 staranne domowe wykszta\u0142cenie, w kt\u00f3rym szczeg\u00f3lny nacisk po\u0142o\u017cono na nauk\u0119 j\u0119zyk\u00f3w obcych, zar\u00f3wno staro\u017cytnych jak i nowo\u017cytnych, w tym tak\u017ce s\u0142owia\u0144skich. Hilferding zna\u0142 m.in.j\u0119zyk polski. Odebrane wykszta\u0142cenie bardzo mu pomog\u0142o w p\u00f3\u017aniejszych latach przy badaniu ziem s\u0142owia\u0144skich.<\/p>\n<p>W 1848 roku rozpocz\u0105\u0142 nauk\u0119 na Uniwersytecie Moskiewskim, na Wydziale Filologiczno \u2013 Historycznym. W tym czasie ostatecznie kszta\u0142tuj\u0105 si\u0119 te\u017c jego zainteresowania zwi\u0105zane z histori\u0105 i kultur\u0105 S\u0142owian. Jego zainteresowania naukowe obejmowa\u0142y wszystkie ziemie zamieszkiwane przez S\u0142owian. Podczas wyjazd\u00f3w naukowych Aleksander Fiodorowicz odwiedzi\u0142 m.in. Czechy, \u0141u\u017cyce, Bo\u015bni\u0119, Hercegowin\u0119, Serbi\u0119, a tak\u017ce ziemie zamieszkiwane przez Kaszub\u00f3w. Efektem podr\u00f3\u017cy przez niego odbytych by\u0142y liczne prace naukowe dokumentuj\u0105ce \u017cycie codzienne, j\u0119zyk, kultur\u0119, a tak\u017ce zabytki pi\u015bmiennictwa s\u0142owia\u0144skiego.<\/p>\n<p>W okresie powstania styczniowego Hilferding w trzech artyku\u0142ach zawar\u0142 swoje pogl\u0105dy na temat Polak\u00f3w i kwestii polskiej. Jego pogl\u0105dy nie odbiega\u0142y znacz\u0105co od pogl\u0105d\u00f3w innych intelektualist\u00f3w rosyjskich, stanowi\u0105 jednak\u017ce wa\u017cne i interesuj\u0105ce \u015bwiadectwo, tym bardziej, \u017ce wysz\u0142y spod r\u0119ki cz\u0142owieka, kt\u00f3ry wychowa\u0142 si\u0119 w Kr\u00f3lestwie Polskim, dobrze zna\u0142 j\u0119zyk, a tak\u017ce cz\u0119\u015b\u0107 jego nauczycieli by\u0142a narodowo\u015bci polskiej.<\/p>\n<p>Od ko\u0144ca lat 60. XIX wieku Aleksander Fiodorowicz bra\u0142 czynny udzia\u0142 w tworzeniu Petersburskiego Oddzia\u0142u S\u0142owia\u0144skiego Komitetu Dobroczynno\u015bci, kt\u00f3ry za sw\u00f3j cel obra\u0142 niesienie r\u00f3\u017cnorakiej pomocy S\u0142owianom zamieszkuj\u0105cym ziemie poza Cesarstwem Rosyjskim. Najwi\u0119kszym przedsi\u0119wzi\u0119ciem Komitetu by\u0142o zainicjowanie i sfinansowanie remontu budynku przeznaczonego na \u015bwi\u0105tynie prawos\u0142awn\u0105 w Pradze.<\/p>\n<p>Ostatnim etapem dzia\u0142alno\u015bci naukowej Hilferdinga by\u0142a wyprawa na p\u00f3\u0142nocne ziemie Rosji celem zebrania i spisania bylin. Z pierwszej wyprawy uda\u0142o mu si\u0119 przywie\u017a\u0107 kilkaset pie\u015bni pogrupowanych wedle motyw\u00f3w, kt\u00f3re si\u0119 w nich pojawia\u0142y. Podczas drugiej wyprawy do guberni o\u0142onieckiej zarazi\u0142 si\u0119 tyfusem i zmar\u0142 w wieku zaledwie 42 lat.<\/p>\n","protected":false},"featured_media":17027,"template":"","meta":{"_acf_changed":false},"journal":[],"rodzaj":[7077,7076],"seria":[7797],"product_brand":[],"product_cat":[6958],"product_tag":[7359],"class_list":{"0":"post-46580","1":"product","2":"type-product","3":"status-publish","4":"has-post-thumbnail","6":"rodzaj-czasopismo","7":"rodzaj-serie-wydawnicze","8":"seria-dissertationes-laudatissimae-universitas-gedanensis","9":"product_cat-historia","10":"product_tag-bianca-sadowska","11":"pa_rok-wydania-2020-en","13":"first","14":"outofstock","15":"taxable","16":"shipping-taxable","17":"purchasable","18":"product-type-simple"},"acf":[],"_links":{"self":[{"href":"https:\/\/wydawnictwo.ug.edu.pl\/en\/wp-json\/wp\/v2\/product\/46580","targetHints":{"allow":["GET"]}}],"collection":[{"href":"https:\/\/wydawnictwo.ug.edu.pl\/en\/wp-json\/wp\/v2\/product"}],"about":[{"href":"https:\/\/wydawnictwo.ug.edu.pl\/en\/wp-json\/wp\/v2\/types\/product"}],"wp:featuredmedia":[{"embeddable":true,"href":"https:\/\/wydawnictwo.ug.edu.pl\/en\/wp-json\/wp\/v2\/media\/17027"}],"wp:attachment":[{"href":"https:\/\/wydawnictwo.ug.edu.pl\/en\/wp-json\/wp\/v2\/media?parent=46580"}],"wp:term":[{"taxonomy":"journal","embeddable":true,"href":"https:\/\/wydawnictwo.ug.edu.pl\/en\/wp-json\/wp\/v2\/journal?post=46580"},{"taxonomy":"rodzaj","embeddable":true,"href":"https:\/\/wydawnictwo.ug.edu.pl\/en\/wp-json\/wp\/v2\/rodzaj?post=46580"},{"taxonomy":"seria","embeddable":true,"href":"https:\/\/wydawnictwo.ug.edu.pl\/en\/wp-json\/wp\/v2\/seria?post=46580"},{"taxonomy":"product_brand","embeddable":true,"href":"https:\/\/wydawnictwo.ug.edu.pl\/en\/wp-json\/wp\/v2\/product_brand?post=46580"},{"taxonomy":"product_cat","embeddable":true,"href":"https:\/\/wydawnictwo.ug.edu.pl\/en\/wp-json\/wp\/v2\/product_cat?post=46580"},{"taxonomy":"product_tag","embeddable":true,"href":"https:\/\/wydawnictwo.ug.edu.pl\/en\/wp-json\/wp\/v2\/product_tag?post=46580"}],"curies":[{"name":"wp","href":"https:\/\/api.w.org\/{rel}","templated":true}]}}