{"id":46579,"date":"2019-11-30T00:00:00","date_gmt":"2019-11-30T00:00:00","guid":{"rendered":"https:\/\/wydawnictwo.ug.edu.pl\/ksiegarnia-online\/uncategorized\/polszczyzna-wczoraj-i-dzis\/"},"modified":"2026-02-11T14:37:44","modified_gmt":"2026-02-11T14:37:44","slug":"polszczyzna-wczoraj-i-dzis","status":"publish","type":"product","link":"https:\/\/wydawnictwo.ug.edu.pl\/en\/ksiegarnia-online\/jezykoznawstwo\/polszczyzna-wczoraj-i-dzis\/","title":{"rendered":"Polszczyzna wczoraj i dzi\u015b"},"content":{"rendered":"","protected":false},"excerpt":{"rendered":"<p>Niniejszy tom jest zbiorem 24 tekst\u00f3w przygotowanych specjalnie z okazji 60-lecia Oddzia\u0142u Gda\u0144skiego TMJP przez jego cz\u0142onk\u00f3w i sympatyk\u00f3w. Znalaz\u0142y si\u0119 tu artyku\u0142y zebrane w kilku kr\u0119gach tematycznych: s\u0142owotw\u00f3rstwo onomastyczne, kultura j\u0119zyka, j\u0119zyk medi\u00f3w, leksyka i semantyka, j\u0119zyk utwor\u00f3w literackich i tekst\u00f3w kultury oraz kaszubszczyzna literacka, kt\u00f3re z jednej strony s\u0105 najcz\u0119\u015bciej podejmowane na spotkaniach Oddzia\u0142u, z drugiej za\u015b wpisywa\u0142y si\u0119 w zainteresowania badawcze Profesor Ewy Rogowskiej-Cybulskiej. Tom otwiera Jej artyku\u0142\u00a0<em>Motywy \u201eptasie\u201d w etymologiach ludowych nazw miejscowo\u015bci<\/em>, wydany po raz pierwszy w recenzowanym zbiorze (wcze\u015bniej zosta\u0142 on opublikowany na stronie internetowej Interdyscyplinarnego Ko\u0142a Naukowego Doktorant\u00f3w FSD UG i\u00a0<em>post mortem<\/em>\u00a0w zeszycie specjalnym czasopisma \u201eJ\u0119zyk \u2013 Szko\u0142a \u2013 Religia\u201d (2019, nr 0) po\u015bwi\u0119conym pami\u0119ci Autorki).<\/p>\n","protected":false},"featured_media":15643,"template":"","meta":{"_acf_changed":false},"journal":[],"rodzaj":[7074],"seria":[],"product_brand":[],"product_cat":[6924],"product_tag":[7674,7480,8292],"class_list":{"0":"post-46579","1":"product","2":"type-product","3":"status-publish","4":"has-post-thumbnail","6":"rodzaj-ksiazki","7":"product_cat-jezykoznawstwo","8":"product_tag-alicja-pstyga","9":"product_tag-joanna-ginterjoanna-ginter","10":"product_tag-lucyna-wardy-radys","11":"pa_rok-wydania-2020-en","13":"first","14":"instock","15":"taxable","16":"shipping-taxable","17":"purchasable","18":"product-type-simple"},"acf":[],"_links":{"self":[{"href":"https:\/\/wydawnictwo.ug.edu.pl\/en\/wp-json\/wp\/v2\/product\/46579","targetHints":{"allow":["GET"]}}],"collection":[{"href":"https:\/\/wydawnictwo.ug.edu.pl\/en\/wp-json\/wp\/v2\/product"}],"about":[{"href":"https:\/\/wydawnictwo.ug.edu.pl\/en\/wp-json\/wp\/v2\/types\/product"}],"wp:featuredmedia":[{"embeddable":true,"href":"https:\/\/wydawnictwo.ug.edu.pl\/en\/wp-json\/wp\/v2\/media\/15643"}],"wp:attachment":[{"href":"https:\/\/wydawnictwo.ug.edu.pl\/en\/wp-json\/wp\/v2\/media?parent=46579"}],"wp:term":[{"taxonomy":"journal","embeddable":true,"href":"https:\/\/wydawnictwo.ug.edu.pl\/en\/wp-json\/wp\/v2\/journal?post=46579"},{"taxonomy":"rodzaj","embeddable":true,"href":"https:\/\/wydawnictwo.ug.edu.pl\/en\/wp-json\/wp\/v2\/rodzaj?post=46579"},{"taxonomy":"seria","embeddable":true,"href":"https:\/\/wydawnictwo.ug.edu.pl\/en\/wp-json\/wp\/v2\/seria?post=46579"},{"taxonomy":"product_brand","embeddable":true,"href":"https:\/\/wydawnictwo.ug.edu.pl\/en\/wp-json\/wp\/v2\/product_brand?post=46579"},{"taxonomy":"product_cat","embeddable":true,"href":"https:\/\/wydawnictwo.ug.edu.pl\/en\/wp-json\/wp\/v2\/product_cat?post=46579"},{"taxonomy":"product_tag","embeddable":true,"href":"https:\/\/wydawnictwo.ug.edu.pl\/en\/wp-json\/wp\/v2\/product_tag?post=46579"}],"curies":[{"name":"wp","href":"https:\/\/api.w.org\/{rel}","templated":true}]}}