{"id":46578,"date":"2019-11-30T00:00:00","date_gmt":"2019-11-30T00:00:00","guid":{"rendered":"https:\/\/wydawnictwo.ug.edu.pl\/ksiegarnia-online\/uncategorized\/wspolczesne-problemy-prawa-do-wizerunku-zagadnienia-wybrane\/"},"modified":"2026-02-11T14:37:36","modified_gmt":"2026-02-11T14:37:36","slug":"wspolczesne-problemy-prawa-do-wizerunku-zagadnienia-wybrane","status":"publish","type":"product","link":"https:\/\/wydawnictwo.ug.edu.pl\/en\/ksiegarnia-online\/prawo-i-administracja\/wspolczesne-problemy-prawa-do-wizerunku-zagadnienia-wybrane\/","title":{"rendered":"Wsp\u00f3\u0142czesne problemy prawa do wizerunku. Zagadnienia wybrane"},"content":{"rendered":"","protected":false},"excerpt":{"rendered":"<p>Problematyka ochrony prawa do wizerunku, pomimo funkcjonowania na rynku wydawniczym stosunkowo wielu opracowa\u0144, ci\u0105gle zachowuje aktualno\u015b\u0107. Liczne dotycz\u0105ce jej kwestie nie zosta\u0142y rozstrzygni\u0119te ani w judykaturze, ani w doktrynie. Nale\u017cy wzi\u0105\u0107 pod uwag\u0119, jako donios\u0142\u0105 praktycznie okoliczno\u015b\u0107, \u017ce skala eksploatacji wizerunku wynikaj\u0105ca z mo\u017cliwo\u015bci, jakie daje technika cyfrowa, jest niepor\u00f3wnywalna ze stopniem jego eksploatacji w czasach technik analogowych. Nie spos\u00f3b tak\u017ce pomin\u0105\u0107 ci\u0105gle rosn\u0105cego znaczenia gospodarczego korzystania z wizerunku. Wymusza to wypracowanie nowego spojrzenia na ochron\u0119 prawa do wizerunku.<\/p>\n","protected":false},"featured_media":15842,"template":"","meta":{"_acf_changed":false},"journal":[],"rodzaj":[7074],"seria":[],"product_brand":[],"product_cat":[6932],"product_tag":[7600,8015,8016],"class_list":{"0":"post-46578","1":"product","2":"type-product","3":"status-publish","4":"has-post-thumbnail","6":"rodzaj-ksiazki","7":"product_cat-prawo-i-administracja","8":"product_tag-anna-podolska","9":"product_tag-dominika-szumala","10":"product_tag-ewelina-szatkowskaewelina-szatkowska","11":"pa_rok-wydania-2020-en","13":"first","14":"instock","15":"taxable","16":"shipping-taxable","17":"purchasable","18":"product-type-simple"},"acf":[],"_links":{"self":[{"href":"https:\/\/wydawnictwo.ug.edu.pl\/en\/wp-json\/wp\/v2\/product\/46578","targetHints":{"allow":["GET"]}}],"collection":[{"href":"https:\/\/wydawnictwo.ug.edu.pl\/en\/wp-json\/wp\/v2\/product"}],"about":[{"href":"https:\/\/wydawnictwo.ug.edu.pl\/en\/wp-json\/wp\/v2\/types\/product"}],"wp:featuredmedia":[{"embeddable":true,"href":"https:\/\/wydawnictwo.ug.edu.pl\/en\/wp-json\/wp\/v2\/media\/15842"}],"wp:attachment":[{"href":"https:\/\/wydawnictwo.ug.edu.pl\/en\/wp-json\/wp\/v2\/media?parent=46578"}],"wp:term":[{"taxonomy":"journal","embeddable":true,"href":"https:\/\/wydawnictwo.ug.edu.pl\/en\/wp-json\/wp\/v2\/journal?post=46578"},{"taxonomy":"rodzaj","embeddable":true,"href":"https:\/\/wydawnictwo.ug.edu.pl\/en\/wp-json\/wp\/v2\/rodzaj?post=46578"},{"taxonomy":"seria","embeddable":true,"href":"https:\/\/wydawnictwo.ug.edu.pl\/en\/wp-json\/wp\/v2\/seria?post=46578"},{"taxonomy":"product_brand","embeddable":true,"href":"https:\/\/wydawnictwo.ug.edu.pl\/en\/wp-json\/wp\/v2\/product_brand?post=46578"},{"taxonomy":"product_cat","embeddable":true,"href":"https:\/\/wydawnictwo.ug.edu.pl\/en\/wp-json\/wp\/v2\/product_cat?post=46578"},{"taxonomy":"product_tag","embeddable":true,"href":"https:\/\/wydawnictwo.ug.edu.pl\/en\/wp-json\/wp\/v2\/product_tag?post=46578"}],"curies":[{"name":"wp","href":"https:\/\/api.w.org\/{rel}","templated":true}]}}