{"id":46575,"date":"2019-11-30T00:00:00","date_gmt":"2019-11-30T00:00:00","guid":{"rendered":"https:\/\/wydawnictwo.ug.edu.pl\/ksiegarnia-online\/uncategorized\/andrzej-jankowski-memorial-lectures-gdansk-1999-2018\/"},"modified":"2026-02-11T14:37:47","modified_gmt":"2026-02-11T14:37:47","slug":"andrzej-jankowski-memorial-lectures-gdansk-1999-2018","status":"publish","type":"product","link":"https:\/\/wydawnictwo.ug.edu.pl\/en\/ksiegarnia-online\/matematyka-i-informatyka\/andrzej-jankowski-memorial-lectures-gdansk-1999-2018\/","title":{"rendered":"Andrzej Jankowski Memorial Lectures. Gda\u0144sk 1999\u20132018"},"content":{"rendered":"","protected":false},"excerpt":{"rendered":"<p>W Instytucie Matematyki Uniwersytetu Gda\u0144skiego w latach 1999\u20132018 odbywa\u0142y si\u0119 wyk\u0142ady, wraz z weekendowymi konferencjami z nimi zwi\u0105zanymi, kt\u00f3rych patronem by\u0142 zmar\u0142y tragicznie w Hindukuszu w roku 1975 polski i gda\u0144ski matematyk Andrzej Jankowski. Wyk\u0142adowcami byli wybitni matematycy afiliowani przy najlepszych \u015bwiatowych centrach matematycznych. Po ka\u017cdym wyk\u0142adzie zostawa\u0142 w specjalnym zeszycie wpis wyk\u0142adowcy z kr\u00f3tkim streszczeniem wyk\u0142adu. Wszystko odbywa\u0142o si\u0119 w j\u0119zyku angielskim.<\/p>\n<p>Przygotowywana ksi\u0105\u017cka zawiera 20 odr\u0119cznych streszcze\u0144, wraz z ich drukowanymi transpozycjami. W pewnym sensie jest to podr\u00f3\u017c przez najbardziej klasyczne i modne dzia\u0142y matematyki ostatnich lat.<\/p>\n","protected":false},"featured_media":15633,"template":"","meta":{"_acf_changed":false},"journal":[],"rodzaj":[],"seria":[],"product_brand":[],"product_cat":[7309],"product_tag":[8232],"class_list":{"0":"post-46575","1":"product","2":"type-product","3":"status-publish","4":"has-post-thumbnail","6":"product_cat-matematyka-i-informatyka","7":"product_tag-andrzej-szczepanski","8":"pa_rok-wydania-2020-en","10":"first","11":"instock","12":"taxable","13":"shipping-taxable","14":"purchasable","15":"product-type-simple"},"acf":[],"_links":{"self":[{"href":"https:\/\/wydawnictwo.ug.edu.pl\/en\/wp-json\/wp\/v2\/product\/46575","targetHints":{"allow":["GET"]}}],"collection":[{"href":"https:\/\/wydawnictwo.ug.edu.pl\/en\/wp-json\/wp\/v2\/product"}],"about":[{"href":"https:\/\/wydawnictwo.ug.edu.pl\/en\/wp-json\/wp\/v2\/types\/product"}],"wp:featuredmedia":[{"embeddable":true,"href":"https:\/\/wydawnictwo.ug.edu.pl\/en\/wp-json\/wp\/v2\/media\/15633"}],"wp:attachment":[{"href":"https:\/\/wydawnictwo.ug.edu.pl\/en\/wp-json\/wp\/v2\/media?parent=46575"}],"wp:term":[{"taxonomy":"journal","embeddable":true,"href":"https:\/\/wydawnictwo.ug.edu.pl\/en\/wp-json\/wp\/v2\/journal?post=46575"},{"taxonomy":"rodzaj","embeddable":true,"href":"https:\/\/wydawnictwo.ug.edu.pl\/en\/wp-json\/wp\/v2\/rodzaj?post=46575"},{"taxonomy":"seria","embeddable":true,"href":"https:\/\/wydawnictwo.ug.edu.pl\/en\/wp-json\/wp\/v2\/seria?post=46575"},{"taxonomy":"product_brand","embeddable":true,"href":"https:\/\/wydawnictwo.ug.edu.pl\/en\/wp-json\/wp\/v2\/product_brand?post=46575"},{"taxonomy":"product_cat","embeddable":true,"href":"https:\/\/wydawnictwo.ug.edu.pl\/en\/wp-json\/wp\/v2\/product_cat?post=46575"},{"taxonomy":"product_tag","embeddable":true,"href":"https:\/\/wydawnictwo.ug.edu.pl\/en\/wp-json\/wp\/v2\/product_tag?post=46575"}],"curies":[{"name":"wp","href":"https:\/\/api.w.org\/{rel}","templated":true}]}}