{"id":46572,"date":"2019-11-30T00:00:00","date_gmt":"2019-11-30T00:00:00","guid":{"rendered":"https:\/\/wydawnictwo.ug.edu.pl\/ksiegarnia-online\/uncategorized\/rola-miejsce-i-znaczenie-zarzadzania-instytucjami-publicznymi-w-kreowaniu-jakosci-zycia-aspekt-instytucjonalny\/"},"modified":"2026-02-11T14:37:51","modified_gmt":"2026-02-11T14:37:51","slug":"rola-miejsce-i-znaczenie-zarzadzania-instytucjami-publicznymi-w-kreowaniu-jakosci-zycia-aspekt-instytucjonalny","status":"publish","type":"product","link":"https:\/\/wydawnictwo.ug.edu.pl\/en\/ksiegarnia-online\/zarzadzanie\/rola-miejsce-i-znaczenie-zarzadzania-instytucjami-publicznymi-w-kreowaniu-jakosci-zycia-aspekt-instytucjonalny\/","title":{"rendered":"Rola, miejsce i znaczenie zarz\u0105dzania instytucjami publicznymi w kreowaniu jako\u015bci \u017cycia. Aspekt instytucjonalny"},"content":{"rendered":"","protected":false},"excerpt":{"rendered":"<p>W publikacji zaprezentowane zostan\u0105 najnowsze trendy, koncepcje, modele, teorie kt\u00f3re powstaj\u0105, aby rozwi\u0105zywa\u0107 problemy wyst\u0119puj\u0105ce w sektorze publicznym. Prezentowana tematyka przyczyni si\u0119 do rozwoju metodologicznego zarz\u0105dzania publicznego i wzbogaci wiedz\u0119 o funkcjonowaniu i doskonaleniu organizacji publicznych.<\/p>\n","protected":false},"featured_media":15482,"template":"","meta":{"_acf_changed":false},"journal":[],"rodzaj":[],"seria":[],"product_brand":[],"product_cat":[6942],"product_tag":[7673,8013],"class_list":{"0":"post-46572","1":"product","2":"type-product","3":"status-publish","4":"has-post-thumbnail","6":"product_cat-zarzadzanie","7":"product_tag-jedrzej-strumillo","8":"product_tag-miroslaw-czapiewskimiroslaw-czapiewski","10":"first","11":"outofstock","12":"taxable","13":"shipping-taxable","14":"purchasable","15":"product-type-simple"},"acf":[],"_links":{"self":[{"href":"https:\/\/wydawnictwo.ug.edu.pl\/en\/wp-json\/wp\/v2\/product\/46572","targetHints":{"allow":["GET"]}}],"collection":[{"href":"https:\/\/wydawnictwo.ug.edu.pl\/en\/wp-json\/wp\/v2\/product"}],"about":[{"href":"https:\/\/wydawnictwo.ug.edu.pl\/en\/wp-json\/wp\/v2\/types\/product"}],"wp:featuredmedia":[{"embeddable":true,"href":"https:\/\/wydawnictwo.ug.edu.pl\/en\/wp-json\/wp\/v2\/media\/15482"}],"wp:attachment":[{"href":"https:\/\/wydawnictwo.ug.edu.pl\/en\/wp-json\/wp\/v2\/media?parent=46572"}],"wp:term":[{"taxonomy":"journal","embeddable":true,"href":"https:\/\/wydawnictwo.ug.edu.pl\/en\/wp-json\/wp\/v2\/journal?post=46572"},{"taxonomy":"rodzaj","embeddable":true,"href":"https:\/\/wydawnictwo.ug.edu.pl\/en\/wp-json\/wp\/v2\/rodzaj?post=46572"},{"taxonomy":"seria","embeddable":true,"href":"https:\/\/wydawnictwo.ug.edu.pl\/en\/wp-json\/wp\/v2\/seria?post=46572"},{"taxonomy":"product_brand","embeddable":true,"href":"https:\/\/wydawnictwo.ug.edu.pl\/en\/wp-json\/wp\/v2\/product_brand?post=46572"},{"taxonomy":"product_cat","embeddable":true,"href":"https:\/\/wydawnictwo.ug.edu.pl\/en\/wp-json\/wp\/v2\/product_cat?post=46572"},{"taxonomy":"product_tag","embeddable":true,"href":"https:\/\/wydawnictwo.ug.edu.pl\/en\/wp-json\/wp\/v2\/product_tag?post=46572"}],"curies":[{"name":"wp","href":"https:\/\/api.w.org\/{rel}","templated":true}]}}