{"id":46570,"date":"2019-11-30T00:00:00","date_gmt":"2019-11-30T00:00:00","guid":{"rendered":"https:\/\/wydawnictwo.ug.edu.pl\/ksiegarnia-online\/uncategorized\/behawioralny-portfel-inwestycyjny-mozg-emocje-luka-behawioralna\/"},"modified":"2026-02-11T14:37:37","modified_gmt":"2026-02-11T14:37:37","slug":"behawioralny-portfel-inwestycyjny-mozg-emocje-luka-behawioralna","status":"publish","type":"product","link":"https:\/\/wydawnictwo.ug.edu.pl\/en\/ksiegarnia-online\/zarzadzanie\/behawioralny-portfel-inwestycyjny-mozg-emocje-luka-behawioralna\/","title":{"rendered":"Behawioralny portfel inwestycyjny. M\u00f3zg \u2013 emocje \u2013 luka behawioralna"},"content":{"rendered":"","protected":false},"excerpt":{"rendered":"<p>Tak znana i uznana Autorka, jak prof. El\u017cbieta Ostrowska, stanowi bez w\u0105tpienia jeden z filar\u00f3w rangi i wysokiego poziomu niniejszego dzie\u0142a, kt\u00f3re odznacza si\u0119 niew\u0105tpliwymi walorami merytorycznymi i metodycznymi, stanowi oryginaln\u0105, warto\u015bciow\u0105 i potrzebn\u0105 pr\u00f3b\u0119 zaprezentowania istotnych wybranych problem\u00f3w naukowych z zakresu dyscypliny: ekonomia i finanse (g\u0142\u00f3wnie rynki finansowe, rynek kapita\u0142owy, gie\u0142da papier\u00f3w warto\u015bciowych, portfel inwestycyjny). Ksi\u0105\u017cka dowodzi te\u017c, \u017ce Autorka dysponuje bogat\u0105, profesjonaln\u0105 wiedz\u0105, stosownym warsztatem naukowym i przygotowaniem do uprawiania pracy naukowej na wysokim poziomie.<\/p>\n<p><em>Z recenzji prof. zw. dr. hab. Stanis\u0142awa Flejterskiego<\/em><\/p>\n<p>Ksi\u0105\u017cka otrzyma\u0142a II nagrod\u0119 w <a href=\"https:\/\/wydawnictwo.ug.edu.pl\/nominacje-i-nagrody\/nagroda\/rozstrzygniecie-konkursu-wydawnictwa-uniwersytetu-gdanskiego-2020\/\">Konkursie Wydawnictwa Uniwersytetu Gda\u0144skiego<\/a> 2020 w kategorii Najlepsza ksi\u0105\u017cka naukowa.<\/p>\n","protected":false},"featured_media":15821,"template":"","meta":{"_acf_changed":false},"journal":[],"rodzaj":[],"seria":[],"product_brand":[],"product_cat":[6942],"product_tag":[],"class_list":{"0":"post-46570","1":"product","2":"type-product","3":"status-publish","4":"has-post-thumbnail","6":"product_cat-zarzadzanie","7":"pa_rok-wydania-2020-en","9":"first","10":"outofstock","11":"taxable","12":"shipping-taxable","13":"purchasable","14":"product-type-simple"},"acf":[],"_links":{"self":[{"href":"https:\/\/wydawnictwo.ug.edu.pl\/en\/wp-json\/wp\/v2\/product\/46570","targetHints":{"allow":["GET"]}}],"collection":[{"href":"https:\/\/wydawnictwo.ug.edu.pl\/en\/wp-json\/wp\/v2\/product"}],"about":[{"href":"https:\/\/wydawnictwo.ug.edu.pl\/en\/wp-json\/wp\/v2\/types\/product"}],"wp:featuredmedia":[{"embeddable":true,"href":"https:\/\/wydawnictwo.ug.edu.pl\/en\/wp-json\/wp\/v2\/media\/15821"}],"wp:attachment":[{"href":"https:\/\/wydawnictwo.ug.edu.pl\/en\/wp-json\/wp\/v2\/media?parent=46570"}],"wp:term":[{"taxonomy":"journal","embeddable":true,"href":"https:\/\/wydawnictwo.ug.edu.pl\/en\/wp-json\/wp\/v2\/journal?post=46570"},{"taxonomy":"rodzaj","embeddable":true,"href":"https:\/\/wydawnictwo.ug.edu.pl\/en\/wp-json\/wp\/v2\/rodzaj?post=46570"},{"taxonomy":"seria","embeddable":true,"href":"https:\/\/wydawnictwo.ug.edu.pl\/en\/wp-json\/wp\/v2\/seria?post=46570"},{"taxonomy":"product_brand","embeddable":true,"href":"https:\/\/wydawnictwo.ug.edu.pl\/en\/wp-json\/wp\/v2\/product_brand?post=46570"},{"taxonomy":"product_cat","embeddable":true,"href":"https:\/\/wydawnictwo.ug.edu.pl\/en\/wp-json\/wp\/v2\/product_cat?post=46570"},{"taxonomy":"product_tag","embeddable":true,"href":"https:\/\/wydawnictwo.ug.edu.pl\/en\/wp-json\/wp\/v2\/product_tag?post=46570"}],"curies":[{"name":"wp","href":"https:\/\/api.w.org\/{rel}","templated":true}]}}