{"id":46569,"date":"2019-11-30T00:00:00","date_gmt":"2019-11-30T00:00:00","guid":{"rendered":"https:\/\/wydawnictwo.ug.edu.pl\/ksiegarnia-online\/uncategorized\/kosciuszko-i-jego-nastepcy-rozne-formy-walk-o-polske-i-polskosc-od-konca-xviii-do-poczatkow-xxi-wieku\/"},"modified":"2026-02-11T14:44:03","modified_gmt":"2026-02-11T14:44:03","slug":"kosciuszko-i-jego-nastepcy-rozne-formy-walk-o-polske-i-polskosc-od-konca-xviii-do-poczatkow-xxi-wieku","status":"publish","type":"product","link":"https:\/\/wydawnictwo.ug.edu.pl\/en\/ksiegarnia-online\/historia\/kosciuszko-i-jego-nastepcy-rozne-formy-walk-o-polske-i-polskosc-od-konca-xviii-do-poczatkow-xxi-wieku\/","title":{"rendered":"Ko\u015bciuszko i jego nast\u0119pcy. R\u00f3\u017cne formy walk o Polsk\u0119 i polsko\u015b\u0107 od ko\u0144ca XVIII do pocz\u0105tk\u00f3w XXI wieku"},"content":{"rendered":"","protected":false},"excerpt":{"rendered":"<p>Ksi\u0105\u017cka ta \u0142\u0105czy w sobie dwa spotkania konferencyjne \u2013 \u201eTadeusz Ko\u015bciuszko wobec wyzwa\u0144 epoki. Dokonania \u2013 t\u0142o historyczne &#8211; dziedzictwo\u201d (Gda\u0144sk, 2016) oraz \u201eSixth World Congress on Polish Studies\u201d (Krak\u00f3w, 2017), kt\u00f3rych tematyka oscylowa\u0142a wok\u00f3\u0142 wybitnych postaci &#8211; bohater\u00f3w narodowych, uczestnik\u00f3w walk powsta\u0144czych i wojennych. Podzielona jest na dwie cz\u0119\u015bci. Pierwsza po\u015bwi\u0119cona jest Tadeuszowi Ko\u015bciuszce \u2013 wybitnemu polskiemu wodzowi insurekcji 1794 roku. Autorzy przedstawiaj\u0105 tu zar\u00f3wno samego wodza, jego \u017cycie publiczne i prywatne, militarne dokonania, ale i uwarunkowania historyczne epoki oraz dziedzictwo jakie po nim dzi\u015b pozosta\u0142o nie tylko w Polsce, ale r\u00f3wnie\u017c na ziemiach dawnego Ksi\u0119stwa Litewskiego i Ameryki P\u00f3\u0142nocnej. Cz\u0119\u015b\u0107 druga po\u015bwi\u0119cona jest pierwszej po\u0142owie XX wieku, kiedy to najpierw starano si\u0119 wywalczy\u0107 niepodleg\u0142o\u015b\u0107, ale i na nowo ukszta\u0142towa\u0107 polsk\u0105, now\u0105 rzeczywisto\u015b\u0107. Z ca\u0142\u0105 pewno\u015bci\u0105 wielkie zas\u0142ugi dla tych idei oddali J\u00f3zef Pi\u0142sudski i szereg innych postaci z \u017cycia tak polityki, jak szeroko poj\u0119tej kultury. Publikacje oparte s\u0105 o nowe, rzadko lub w og\u00f3le nie wykorzystywane materia\u0142y \u017ar\u00f3d\u0142owe, wzbogacone s\u0105 szeregiem interesuj\u0105cych zdj\u0119\u0107 oraz nowymi ocenami wydarze\u0144 poczynionymi przez polskich, ameryka\u0144skich i rosyjskich naukowc\u00f3w.<\/p>\n","protected":false},"featured_media":16590,"template":"","meta":{"_acf_changed":false},"journal":[],"rodzaj":[],"seria":[],"product_brand":[],"product_cat":[6958],"product_tag":[7608,7421],"class_list":{"0":"post-46569","1":"product","2":"type-product","3":"status-publish","4":"has-post-thumbnail","6":"product_cat-historia","7":"product_tag-arkadiusz-janickiarkadiusz-janicki","8":"product_tag-iwona-janickaiwona-janicka","9":"pa_rok-wydania-2020-en","11":"first","12":"outofstock","13":"taxable","14":"shipping-taxable","15":"purchasable","16":"product-type-simple"},"acf":[],"_links":{"self":[{"href":"https:\/\/wydawnictwo.ug.edu.pl\/en\/wp-json\/wp\/v2\/product\/46569","targetHints":{"allow":["GET"]}}],"collection":[{"href":"https:\/\/wydawnictwo.ug.edu.pl\/en\/wp-json\/wp\/v2\/product"}],"about":[{"href":"https:\/\/wydawnictwo.ug.edu.pl\/en\/wp-json\/wp\/v2\/types\/product"}],"wp:featuredmedia":[{"embeddable":true,"href":"https:\/\/wydawnictwo.ug.edu.pl\/en\/wp-json\/wp\/v2\/media\/16590"}],"wp:attachment":[{"href":"https:\/\/wydawnictwo.ug.edu.pl\/en\/wp-json\/wp\/v2\/media?parent=46569"}],"wp:term":[{"taxonomy":"journal","embeddable":true,"href":"https:\/\/wydawnictwo.ug.edu.pl\/en\/wp-json\/wp\/v2\/journal?post=46569"},{"taxonomy":"rodzaj","embeddable":true,"href":"https:\/\/wydawnictwo.ug.edu.pl\/en\/wp-json\/wp\/v2\/rodzaj?post=46569"},{"taxonomy":"seria","embeddable":true,"href":"https:\/\/wydawnictwo.ug.edu.pl\/en\/wp-json\/wp\/v2\/seria?post=46569"},{"taxonomy":"product_brand","embeddable":true,"href":"https:\/\/wydawnictwo.ug.edu.pl\/en\/wp-json\/wp\/v2\/product_brand?post=46569"},{"taxonomy":"product_cat","embeddable":true,"href":"https:\/\/wydawnictwo.ug.edu.pl\/en\/wp-json\/wp\/v2\/product_cat?post=46569"},{"taxonomy":"product_tag","embeddable":true,"href":"https:\/\/wydawnictwo.ug.edu.pl\/en\/wp-json\/wp\/v2\/product_tag?post=46569"}],"curies":[{"name":"wp","href":"https:\/\/api.w.org\/{rel}","templated":true}]}}