{"id":46568,"date":"2019-11-30T00:00:00","date_gmt":"2019-11-30T00:00:00","guid":{"rendered":"https:\/\/wydawnictwo.ug.edu.pl\/ksiegarnia-online\/uncategorized\/sopocki-uniwersytet-wydzialy-ekonomiczne-uniwersytetu-gdanskiego-we-wspomnieniach-absolwentow\/"},"modified":"2026-02-11T14:37:53","modified_gmt":"2026-02-11T14:37:53","slug":"sopocki-uniwersytet-wydzialy-ekonomiczne-uniwersytetu-gdanskiego-we-wspomnieniach-absolwentow","status":"publish","type":"product","link":"https:\/\/wydawnictwo.ug.edu.pl\/en\/ksiegarnia-online\/historia\/sopocki-uniwersytet-wydzialy-ekonomiczne-uniwersytetu-gdanskiego-we-wspomnieniach-absolwentow\/","title":{"rendered":"Sopocki Uniwersytet. Wydzia\u0142y ekonomiczne Uniwersytetu Gda\u0144skiego we wspomnieniach absolwent\u00f3w"},"content":{"rendered":"","protected":false},"excerpt":{"rendered":"<p>W tej ksi\u0105\u017cce brzmi g\u0142os kilkunastu os\u00f3b, kt\u00f3re przywo\u0142uj\u0105 czas studi\u00f3w i pracy w sopockim o\u015brodku kszta\u0142cenia kadr ekonomicznych, w tym zw\u0142aszcza kadr dla gospodarki morskiej. Ich relacje\u00a0s\u0105 nie tylko wspomnieniem lat poprzedzaj\u0105cych powstanie Uniwersytetu Gda\u0144skiego, ale stanowi\u0105 tak\u017ce \u015bwiadectwo tego, na jakie uznanie i presti\u017c zapracowa\u0142y sobie WSHM i WSE w latach swego istnienia. \u0179r\u00f3d\u0142a tej wyj\u0105tkowej reputacji ukryte s\u0105 w wypowiedziach i wspomnieniach poszczeg\u00f3lnych os\u00f3b, a tak\u017ce we wsp\u00f3lnym dla wszystkich tych g\u0142os\u00f3w poczuciu nobilitacji i przej\u0119cia z racji studiowania w obu wspomnianych szko\u0142ach wy\u017cszych. Barwne i niekiedy z poczuciem humoru przytoczone wspomnienia b\u0119d\u0105 dla cz\u0119\u015bci czytelnik\u00f3w sentymentalnym powrotem do przesz\u0142o\u015bci, dla innych \u017ar\u00f3d\u0142em wiedzy o\u00a0pocz\u0105tkach kariery znanych publicznie os\u00f3b, a dla najm\u0142odszych zaskakuj\u0105c\u0105 by\u0107 mo\u017ce lektur\u0105 o studiowaniu bez Internetu, smartfon\u00f3w i atmosfery og\u00f3lnego po\u015bpiechu.\u00a0Warto pami\u0119ta\u0107, \u017ce dzisiejsza si\u0142a akademicka Uniwersytetu Gda\u0144skiego to tak\u017ce tamte lata codziennej pracy i nauki. Kontynuuj\u0105 je dzisiaj dwa wydzia\u0142y Uniwersytetu Gda\u0144skiego: Wydzia\u0142 Ekonomiczny i Wydzia\u0142 Zarz\u0105dzania.<\/p>\n","protected":false},"featured_media":15461,"template":"","meta":{"_acf_changed":false},"journal":[],"rodzaj":[],"seria":[],"product_brand":[],"product_cat":[6958],"product_tag":[],"class_list":{"0":"post-46568","1":"product","2":"type-product","3":"status-publish","4":"has-post-thumbnail","6":"product_cat-historia","8":"first","9":"instock","10":"taxable","11":"shipping-taxable","12":"purchasable","13":"product-type-simple"},"acf":[],"_links":{"self":[{"href":"https:\/\/wydawnictwo.ug.edu.pl\/en\/wp-json\/wp\/v2\/product\/46568","targetHints":{"allow":["GET"]}}],"collection":[{"href":"https:\/\/wydawnictwo.ug.edu.pl\/en\/wp-json\/wp\/v2\/product"}],"about":[{"href":"https:\/\/wydawnictwo.ug.edu.pl\/en\/wp-json\/wp\/v2\/types\/product"}],"wp:featuredmedia":[{"embeddable":true,"href":"https:\/\/wydawnictwo.ug.edu.pl\/en\/wp-json\/wp\/v2\/media\/15461"}],"wp:attachment":[{"href":"https:\/\/wydawnictwo.ug.edu.pl\/en\/wp-json\/wp\/v2\/media?parent=46568"}],"wp:term":[{"taxonomy":"journal","embeddable":true,"href":"https:\/\/wydawnictwo.ug.edu.pl\/en\/wp-json\/wp\/v2\/journal?post=46568"},{"taxonomy":"rodzaj","embeddable":true,"href":"https:\/\/wydawnictwo.ug.edu.pl\/en\/wp-json\/wp\/v2\/rodzaj?post=46568"},{"taxonomy":"seria","embeddable":true,"href":"https:\/\/wydawnictwo.ug.edu.pl\/en\/wp-json\/wp\/v2\/seria?post=46568"},{"taxonomy":"product_brand","embeddable":true,"href":"https:\/\/wydawnictwo.ug.edu.pl\/en\/wp-json\/wp\/v2\/product_brand?post=46568"},{"taxonomy":"product_cat","embeddable":true,"href":"https:\/\/wydawnictwo.ug.edu.pl\/en\/wp-json\/wp\/v2\/product_cat?post=46568"},{"taxonomy":"product_tag","embeddable":true,"href":"https:\/\/wydawnictwo.ug.edu.pl\/en\/wp-json\/wp\/v2\/product_tag?post=46568"}],"curies":[{"name":"wp","href":"https:\/\/api.w.org\/{rel}","templated":true}]}}