{"id":46566,"date":"2019-11-30T00:00:00","date_gmt":"2019-11-30T00:00:00","guid":{"rendered":"https:\/\/wydawnictwo.ug.edu.pl\/ksiegarnia-online\/uncategorized\/anna-j-podhajska-1938-2006-pierwsza-dama-polskiej-biotechnologii\/"},"modified":"2026-02-11T14:37:31","modified_gmt":"2026-02-11T14:37:31","slug":"anna-j-podhajska-1938-2006-pierwsza-dama-polskiej-biotechnologii","status":"publish","type":"product","link":"https:\/\/wydawnictwo.ug.edu.pl\/en\/ksiegarnia-online\/historia\/anna-j-podhajska-1938-2006-pierwsza-dama-polskiej-biotechnologii\/","title":{"rendered":"Anna J. Podhajska (1938\u20132006). Pierwsza Dama Polskiej Biotechnologii"},"content":{"rendered":"","protected":false},"excerpt":{"rendered":"<p>Podobno nie ma ludzi niezast\u0105pionych, ale na wype\u0142nienie pustki, jak\u0105 pozostawi\u0142a po sobie \u201eJagoda\u201d, czyli prof. Anna Podhajska, przyjdzie nam czeka\u0107 bardzo d\u0142ugo. Z perspektywy czasu wida\u0107 coraz wyra\u017aniej, jak niezwyk\u0142\u0105 i wyj\u0105tkow\u0105 by\u0142a kobiet\u0105. Zaskakiwa\u0142a kreatywno\u015bci\u0105 i niespo\u017cyt\u0105 energi\u0105. Skoncentrowana na pracy naukowej i dydaktycznej, jednocze\u015bnie po\u015bwi\u0119ca\u0142a wiele uwagi i czasu rodzinie. Obdarzona wielkim talentem i pasj\u0105 dydaktyczn\u0105, by\u0142a pe\u0142na empatii dla student\u00f3w, kt\u00f3rzy J\u0105 uwielbiali. Mia\u0142a niezwyk\u0142y dar zjednywania sobie ludzi, zara\u017cania ich pasj\u0105 i ch\u0119ci\u0105 dzia\u0142ania \u2013 bez problemu przekonywa\u0142a ich do swoich licznych projekt\u00f3w. Wyr\u00f3\u017cnia\u0142a si\u0119 wielk\u0105 wra\u017cliwo\u015bci\u0105 na potrzeby wszystkich swoich wsp\u00f3\u0142pracownik\u00f3w, ci\u0105g\u0142\u0105 gotowo\u015bci\u0105 do pomocy, na co nie szcz\u0119dzi\u0142a czasu, trudu i pieni\u0119dzy.<\/p>\n<p>Ukochanym dzieckiem Profesor Anny Podhajskiej by\u0142 utworzony z Jej inicjatywy Mi\u0119dzyuczelniany Wydzia\u0142 Biotechnologii Uniwersytetu Gda\u0144skiego i Akademii Medycznej w Gda\u0144sku (obecnie UG i Gda\u0144skiego Uniwersytetu Medycznego). Wydzia\u0142, jako jednostka unikatowa, jedyna w Polsce, kt\u00f3ra kszta\u0142ci w zakresie biotechnologii w oparciu o dwie uczelnie wy\u017csze, wykszta\u0142ci\u0142 ju\u017c kilkuset magistr\u00f3w biotechnologii i wypromowa\u0142 kilkudziesi\u0119ciu doktor\u00f3w. Podnosz\u0105c ci\u0105gle jako\u015b\u0107 kszta\u0142cenia, ze szczeg\u00f3lnym naciskiem na aspekty medyczne, stwarza studentom jak najdogodniejsze warunki wkraczania w \u015bwiat szeroko poj\u0119tej biotechnologii.<\/p>\n<p>Ksi\u0105\u017cka, kt\u00f3r\u0105 oddajemy do r\u0105k Czytelnikom powsta\u0142a z potrzeby serca. Chcieli\u015bmy, w ten spos\u00f3b, przynajmniej cz\u0119\u015bciowo, wype\u0142ni\u0107 pustk\u0119 po odej\u015bciu Profesor Anny Podhajskiej. Mamy nadziej\u0119, \u017ce publikacja ta przybli\u017cy posta\u0107 jej bohaterki tym wszystkim, kt\u00f3rzy nie mieli okazji pozna\u0107 Jej tak blisko i utrwali w\u015br\u00f3d potomnych pami\u0119\u0107 o tej wybitnej\u00a0kobiecie, pierwszej damie polskiej biotechnologii. Wszystkim osobom, kt\u00f3re przyczyni\u0142y si\u0119 do powstania ksi\u0105\u017cki, a w szczeg\u00f3lno\u015bci tym, kt\u00f3re udost\u0119pni\u0142y nam zdj\u0119cia i inne zasoby archiwalne, sk\u0142adamy serdeczne podzi\u0119kowanie.<\/p>\n<p><em>Wies\u0142aw Makarewicz, Ewa \u0141ojkowska<\/em><\/p>\n","protected":false},"featured_media":15810,"template":"","meta":{"_acf_changed":false},"journal":[],"rodzaj":[],"seria":[],"product_brand":[],"product_cat":[7013,6958],"product_tag":[7654,8007],"class_list":{"0":"post-46566","1":"product","2":"type-product","3":"status-publish","4":"has-post-thumbnail","6":"product_cat-biografie","7":"product_cat-historia","8":"product_tag-ewa-lojkowska","9":"product_tag-wieslaw-makarewicz","10":"pa_rok-wydania-2020-en","12":"first","13":"instock","14":"taxable","15":"shipping-taxable","16":"purchasable","17":"product-type-simple"},"acf":[],"_links":{"self":[{"href":"https:\/\/wydawnictwo.ug.edu.pl\/en\/wp-json\/wp\/v2\/product\/46566","targetHints":{"allow":["GET"]}}],"collection":[{"href":"https:\/\/wydawnictwo.ug.edu.pl\/en\/wp-json\/wp\/v2\/product"}],"about":[{"href":"https:\/\/wydawnictwo.ug.edu.pl\/en\/wp-json\/wp\/v2\/types\/product"}],"wp:featuredmedia":[{"embeddable":true,"href":"https:\/\/wydawnictwo.ug.edu.pl\/en\/wp-json\/wp\/v2\/media\/15810"}],"wp:attachment":[{"href":"https:\/\/wydawnictwo.ug.edu.pl\/en\/wp-json\/wp\/v2\/media?parent=46566"}],"wp:term":[{"taxonomy":"journal","embeddable":true,"href":"https:\/\/wydawnictwo.ug.edu.pl\/en\/wp-json\/wp\/v2\/journal?post=46566"},{"taxonomy":"rodzaj","embeddable":true,"href":"https:\/\/wydawnictwo.ug.edu.pl\/en\/wp-json\/wp\/v2\/rodzaj?post=46566"},{"taxonomy":"seria","embeddable":true,"href":"https:\/\/wydawnictwo.ug.edu.pl\/en\/wp-json\/wp\/v2\/seria?post=46566"},{"taxonomy":"product_brand","embeddable":true,"href":"https:\/\/wydawnictwo.ug.edu.pl\/en\/wp-json\/wp\/v2\/product_brand?post=46566"},{"taxonomy":"product_cat","embeddable":true,"href":"https:\/\/wydawnictwo.ug.edu.pl\/en\/wp-json\/wp\/v2\/product_cat?post=46566"},{"taxonomy":"product_tag","embeddable":true,"href":"https:\/\/wydawnictwo.ug.edu.pl\/en\/wp-json\/wp\/v2\/product_tag?post=46566"}],"curies":[{"name":"wp","href":"https:\/\/api.w.org\/{rel}","templated":true}]}}