{"id":46565,"date":"2019-11-30T00:00:00","date_gmt":"2019-11-30T00:00:00","guid":{"rendered":"https:\/\/wydawnictwo.ug.edu.pl\/ksiegarnia-online\/uncategorized\/jozef-czechowicz-i-inni-mitotworcy-studia-i-szkice-z-literatury-dwudziestolecia-miedzywojennego\/"},"modified":"2026-02-11T14:43:55","modified_gmt":"2026-02-11T14:43:55","slug":"jozef-czechowicz-i-inni-mitotworcy-studia-i-szkice-z-literatury-dwudziestolecia-miedzywojennego","status":"publish","type":"product","link":"https:\/\/wydawnictwo.ug.edu.pl\/en\/ksiegarnia-online\/literaturoznawstwo\/jozef-czechowicz-i-inni-mitotworcy-studia-i-szkice-z-literatury-dwudziestolecia-miedzywojennego\/","title":{"rendered":"J\u00f3zef Czechowicz i inni mitotw\u00f3rcy. Studia i szkice z literatury dwudziestolecia mi\u0119dzywojennego"},"content":{"rendered":"","protected":false},"excerpt":{"rendered":"<p>Ksi\u0105\u017cka jest zbiorem interpretacji dzie\u0142 literackich, pogl\u0105d\u00f3w estetycznych tr\u00f3jki tw\u00f3rc\u00f3w, kt\u00f3rych dzie\u0142a powstawa\u0142y w okresie dwudziestolecia mi\u0119dzywojennego. Kluczowym kontekstem, kt\u00f3ry przewija si\u0119 przez wszystkie odczytania jest szeroko i wieloaspektowo pojmowana kategoria mitu i jej realizacja w dziele literackim tego okresu. Z tego powodu najwa\u017cniejszym poet\u0105, kt\u00f3remu po\u015bwi\u0119cona po\u0142ow\u0119 monografii jest J\u00f3zef Czechowicz \u2013 jeden z najwa\u017cniejszych odnowicieli kategorii mitu i propagatora tworzenia pojmowanego jako imaginatywne mitotw\u00f3rstwo. Opr\u00f3cz niego wa\u017cn\u0105 rol\u0119 w monografii pe\u0142ni\u0105 odczytania utwor\u00f3w W\u0142adys\u0142awa Seby\u0142y i Brunona Schulza. W ich dziele porz\u0105dek mitycznego t\u0142a ich dzie\u0142 literackich pe\u0142ni\u0142 niepo\u015bledni\u0105 funkcj\u0119. Wa\u017cnym kontekstem odczyta\u0144 jest wprowadzenie filozoficznych odwo\u0142a\u0144 w duchu niemieckiej hermeneutyki a szczeg\u00f3lnie poj\u0119cie \u201emitopoetyckiego odwr\u00f3cenia\u201d \u2013 formu\u0142y Hansa Georga Gadamera, kt\u00f3ra charakteryzuje formu\u0142\u0119 funkcjonowania hermetycznej literatury w postnietzschea\u0144skim, dwudziestym wieku.<\/p>\n","protected":false},"featured_media":16705,"template":"","meta":{"_acf_changed":false},"journal":[],"rodzaj":[7074],"seria":[],"product_brand":[],"product_cat":[6925],"product_tag":[],"class_list":{"0":"post-46565","1":"product","2":"type-product","3":"status-publish","4":"has-post-thumbnail","6":"rodzaj-ksiazki","7":"product_cat-literaturoznawstwo","8":"pa_rok-wydania-2020-en","10":"first","11":"outofstock","12":"taxable","13":"shipping-taxable","14":"purchasable","15":"product-type-simple"},"acf":[],"_links":{"self":[{"href":"https:\/\/wydawnictwo.ug.edu.pl\/en\/wp-json\/wp\/v2\/product\/46565","targetHints":{"allow":["GET"]}}],"collection":[{"href":"https:\/\/wydawnictwo.ug.edu.pl\/en\/wp-json\/wp\/v2\/product"}],"about":[{"href":"https:\/\/wydawnictwo.ug.edu.pl\/en\/wp-json\/wp\/v2\/types\/product"}],"wp:featuredmedia":[{"embeddable":true,"href":"https:\/\/wydawnictwo.ug.edu.pl\/en\/wp-json\/wp\/v2\/media\/16705"}],"wp:attachment":[{"href":"https:\/\/wydawnictwo.ug.edu.pl\/en\/wp-json\/wp\/v2\/media?parent=46565"}],"wp:term":[{"taxonomy":"journal","embeddable":true,"href":"https:\/\/wydawnictwo.ug.edu.pl\/en\/wp-json\/wp\/v2\/journal?post=46565"},{"taxonomy":"rodzaj","embeddable":true,"href":"https:\/\/wydawnictwo.ug.edu.pl\/en\/wp-json\/wp\/v2\/rodzaj?post=46565"},{"taxonomy":"seria","embeddable":true,"href":"https:\/\/wydawnictwo.ug.edu.pl\/en\/wp-json\/wp\/v2\/seria?post=46565"},{"taxonomy":"product_brand","embeddable":true,"href":"https:\/\/wydawnictwo.ug.edu.pl\/en\/wp-json\/wp\/v2\/product_brand?post=46565"},{"taxonomy":"product_cat","embeddable":true,"href":"https:\/\/wydawnictwo.ug.edu.pl\/en\/wp-json\/wp\/v2\/product_cat?post=46565"},{"taxonomy":"product_tag","embeddable":true,"href":"https:\/\/wydawnictwo.ug.edu.pl\/en\/wp-json\/wp\/v2\/product_tag?post=46565"}],"curies":[{"name":"wp","href":"https:\/\/api.w.org\/{rel}","templated":true}]}}