{"id":46564,"date":"2019-11-30T00:00:00","date_gmt":"2019-11-30T00:00:00","guid":{"rendered":"https:\/\/wydawnictwo.ug.edu.pl\/ksiegarnia-online\/uncategorized\/determinanty-dzialalnosci-eksportowej-w-swietle-najnowszych-teorii-handlu-miedzynarodowego\/"},"modified":"2026-02-11T14:43:12","modified_gmt":"2026-02-11T14:43:12","slug":"determinanty-dzialalnosci-eksportowej-w-swietle-najnowszych-teorii-handlu-miedzynarodowego","status":"publish","type":"product","link":"https:\/\/wydawnictwo.ug.edu.pl\/en\/ksiegarnia-online\/ekonomia\/determinanty-dzialalnosci-eksportowej-w-swietle-najnowszych-teorii-handlu-miedzynarodowego\/","title":{"rendered":"Determinanty dzia\u0142alno\u015bci eksportowej w \u015bwietle najnowszych teorii handlu mi\u0119dzynarodowego"},"content":{"rendered":"","protected":false},"excerpt":{"rendered":"<p>Dzia\u0142alno\u015b\u0107 eksportowa przedsi\u0119biorstw jest przedmiotem licznych analiz, zar\u00f3wno na gruncie teoretycznym, jak i empirycznym. Wobec wci\u0105\u017c rosn\u0105cej konkurencji na rynku \u015bwiatowym, wskazuje si\u0119 na potrzeb\u0119 prowadzenia przemy\u015blanej polityki gospodarczej i podejmowania dzia\u0142a\u0144 zmierzaj\u0105cych do trwa\u0142ego zwi\u0119kszenia eksportu i tym samym pobudzenia wzrostu gospodarczego. Dlatego tak wa\u017cne jest rozpoznanie czynnik\u00f3w (determinant) maj\u0105cych wp\u0142yw na decyzje przedsi\u0119biorstw o podj\u0119ciu dzia\u0142alno\u015bci eksportowej. Znajomo\u015b\u0107 tych determinant daje bowiem mo\u017cliwo\u015b\u0107 d\u0142ugofalowego i skutecznego kreowania polityki gospodarczej. Celem g\u0142\u00f3wnym publikacji jest identyfikacja i wielowymiarowa analiza determinant dzia\u0142alno\u015bci eksportowej firm z perspektywy \u201enowych nowych\u201d teorii handlu mi\u0119dzynarodowego. Determinanty eksportu analizowane s\u0105 na dw\u00f3ch p\u0142aszczyznach. Pierwsza skupia si\u0119 na wp\u0142ywie poszczeg\u00f3lnych czynnik\u00f3w na liczb\u0119 firm eksportuj\u0105cych, czyli\u00a0<em>de facto<\/em>\u00a0na sk\u0142onno\u015bci firm do podj\u0119cia dzia\u0142alno\u015bci eksportowej (ekstensywna mar\u017ca eksportu). Druga p\u0142aszczyzna pozwala na identyfikacj\u0119 determinant warto\u015bci eksportu w przeliczeniu na firm\u0119, czyli intensywno\u015bci eksportu (intensywna mar\u017ca eksportu). Podj\u0119to pr\u00f3b\u0119 poszerzenia katalogu determinant dzia\u0142alno\u015bci eksportowej o szczeg\u00f3\u0142owe zmienne charakteryzuj\u0105ce po\u0142o\u017cenie firmy w przestrzeni. Mowa zar\u00f3wno o cechach opisuj\u0105cych poszczeg\u00f3lne lokalizacje goszcz\u0105ce, jak te\u017c o dost\u0119pno\u015bci czasowej firm w odniesieniu do okre\u015blonych punkt\u00f3w w przestrzeni \u2013 element\u00f3w infrastruktury. Koncepcja lokalizacji jest obecna w teorii handlu mi\u0119dzynarodowego, jednak w analizie determinant dzia\u0142alno\u015bci eksportowej na poziomie firmy, znaczenie lokalizacji traktowane jest bardzo og\u00f3lnie. Podobnie jak w badaniach zwi\u0105zku mi\u0119dzy zjawiskiem aglomeracji i eksportem, charakterystyka regionu goszcz\u0105cego cz\u0119sto jest pomijana. Rozwa\u017cania nad determinantami dzia\u0142alno\u015bci eksportowej firm sk\u0142aniaj\u0105 do wniosku, \u017ce przede wszystkim cechy opisuj\u0105ce firm\u0119 maj\u0105 wp\u0142yw na intensywn\u0105 oraz ekstensywn\u0105 mar\u017c\u0119 eksportu. Ponadto lokalizacja firm, a szczeg\u00f3lnie dost\u0119pno\u015b\u0107 czasowa\u00a0w odniesieniu do infrastruktury, jest ciekawym i obiecuj\u0105cym kierunkiem bada\u0144 z obszaru mi\u0119dzynarodowej wymiany handlowej.<\/p>\n","protected":false},"featured_media":16975,"template":"","meta":{"_acf_changed":false},"journal":[],"rodzaj":[7077,7076],"seria":[7797],"product_brand":[],"product_cat":[6934],"product_tag":[],"class_list":{"0":"post-46564","1":"product","2":"type-product","3":"status-publish","4":"has-post-thumbnail","6":"rodzaj-czasopismo","7":"rodzaj-serie-wydawnicze","8":"seria-dissertationes-laudatissimae-universitas-gedanensis","9":"product_cat-ekonomia","10":"pa_rok-wydania-2020-en","12":"first","13":"outofstock","14":"taxable","15":"shipping-taxable","16":"purchasable","17":"product-type-simple"},"acf":[],"_links":{"self":[{"href":"https:\/\/wydawnictwo.ug.edu.pl\/en\/wp-json\/wp\/v2\/product\/46564","targetHints":{"allow":["GET"]}}],"collection":[{"href":"https:\/\/wydawnictwo.ug.edu.pl\/en\/wp-json\/wp\/v2\/product"}],"about":[{"href":"https:\/\/wydawnictwo.ug.edu.pl\/en\/wp-json\/wp\/v2\/types\/product"}],"wp:featuredmedia":[{"embeddable":true,"href":"https:\/\/wydawnictwo.ug.edu.pl\/en\/wp-json\/wp\/v2\/media\/16975"}],"wp:attachment":[{"href":"https:\/\/wydawnictwo.ug.edu.pl\/en\/wp-json\/wp\/v2\/media?parent=46564"}],"wp:term":[{"taxonomy":"journal","embeddable":true,"href":"https:\/\/wydawnictwo.ug.edu.pl\/en\/wp-json\/wp\/v2\/journal?post=46564"},{"taxonomy":"rodzaj","embeddable":true,"href":"https:\/\/wydawnictwo.ug.edu.pl\/en\/wp-json\/wp\/v2\/rodzaj?post=46564"},{"taxonomy":"seria","embeddable":true,"href":"https:\/\/wydawnictwo.ug.edu.pl\/en\/wp-json\/wp\/v2\/seria?post=46564"},{"taxonomy":"product_brand","embeddable":true,"href":"https:\/\/wydawnictwo.ug.edu.pl\/en\/wp-json\/wp\/v2\/product_brand?post=46564"},{"taxonomy":"product_cat","embeddable":true,"href":"https:\/\/wydawnictwo.ug.edu.pl\/en\/wp-json\/wp\/v2\/product_cat?post=46564"},{"taxonomy":"product_tag","embeddable":true,"href":"https:\/\/wydawnictwo.ug.edu.pl\/en\/wp-json\/wp\/v2\/product_tag?post=46564"}],"curies":[{"name":"wp","href":"https:\/\/api.w.org\/{rel}","templated":true}]}}