{"id":46563,"date":"2019-11-30T00:00:00","date_gmt":"2019-11-30T00:00:00","guid":{"rendered":"https:\/\/wydawnictwo.ug.edu.pl\/ksiegarnia-online\/uncategorized\/ekonomiczna-wartosc-czasu-w-transporcie-pasazerskim\/"},"modified":"2026-02-11T14:39:53","modified_gmt":"2026-02-11T14:39:53","slug":"ekonomiczna-wartosc-czasu-w-transporcie-pasazerskim","status":"publish","type":"product","link":"https:\/\/wydawnictwo.ug.edu.pl\/en\/ksiegarnia-online\/ekonomia\/ekonomiczna-wartosc-czasu-w-transporcie-pasazerskim\/","title":{"rendered":"Ekonomiczna warto\u015b\u0107 czasu w transporcie pasa\u017cerskim"},"content":{"rendered":"","protected":false},"excerpt":{"rendered":"<p>Estymacja ekonomicznej warto\u015bci czasu w transporcie pasa\u017cerskim nie jest celem samym w sobie \u2013 ma s\u0142u\u017cy\u0107 zwi\u0119kszaniu \u015bwiadomo\u015bci o warto\u015bci czasu nadmiernie lub niepotrzebnie traconego, a w dalszej kolejno\u015bci motywowa\u0107 do poszukiwania sposob\u00f3w na redukcj\u0119 koszt\u00f3w strat czasu\u00a0generowanych podczas podr\u00f3\u017cy. Problemami badawczymi rozstrzyganymi w monografii s\u0105 kwestie zwi\u0105zane z identyfikacj\u0105 znaczenia wyceny ekonomicznej warto\u015bci czasu dla procesu podejmowania decyzji przez wszystkie podmioty funkcjonuj\u0105ce na rynku transportu pasa\u017cerskiego, jak r\u00f3wnie\u017c z rozpoznaniem i ocen\u0105 rozwi\u0105za\u0144 funkcjonuj\u0105cych w praktyce gospodarczej, kt\u00f3re sprzyjaj\u0105 oszcz\u0119dno\u015bciom czasu podczas przemieszcze\u0144. Publikacja jest pierwszym takim opracowaniem polskoj\u0119zycznym, ponadto powsta\u0142a na podstawie pog\u0142\u0119bionej analizy \u015bwiatowego dorobku naukowego z zakresu szeroko poj\u0119tej ekonomicznej warto\u015bci czasu w transporcie pasa\u017cerskim.<\/p>\n<p>Ksi\u0105\u017cka otrzyma\u0142a III nagrod\u0119 w <a href=\"https:\/\/wydawnictwo.ug.edu.pl\/nominacje-i-nagrody\/nagroda\/rozstrzygniecie-konkursu-wydawnictwa-uniwersytetu-gdanskiego-2020\/\">Konkursie Wydawnictwa Uniwersytetu Gda\u0144skiego<\/a> 2020 w kategorii Najlepsza ksi\u0105\u017cka przedstawiaj\u0105ca rezultaty pracy doktorskiej.<\/p>\n","protected":false},"featured_media":16075,"template":"","meta":{"_acf_changed":false},"journal":[],"rodzaj":[7077,7076],"seria":[7797],"product_brand":[],"product_cat":[6934],"product_tag":[8006],"class_list":{"0":"post-46563","1":"product","2":"type-product","3":"status-publish","4":"has-post-thumbnail","6":"rodzaj-czasopismo","7":"rodzaj-serie-wydawnicze","8":"seria-dissertationes-laudatissimae-universitas-gedanensis","9":"product_cat-ekonomia","10":"product_tag-agnieszka-wazna","11":"pa_rok-wydania-2020-en","13":"first","14":"outofstock","15":"taxable","16":"shipping-taxable","17":"purchasable","18":"product-type-simple"},"acf":[],"_links":{"self":[{"href":"https:\/\/wydawnictwo.ug.edu.pl\/en\/wp-json\/wp\/v2\/product\/46563","targetHints":{"allow":["GET"]}}],"collection":[{"href":"https:\/\/wydawnictwo.ug.edu.pl\/en\/wp-json\/wp\/v2\/product"}],"about":[{"href":"https:\/\/wydawnictwo.ug.edu.pl\/en\/wp-json\/wp\/v2\/types\/product"}],"wp:featuredmedia":[{"embeddable":true,"href":"https:\/\/wydawnictwo.ug.edu.pl\/en\/wp-json\/wp\/v2\/media\/16075"}],"wp:attachment":[{"href":"https:\/\/wydawnictwo.ug.edu.pl\/en\/wp-json\/wp\/v2\/media?parent=46563"}],"wp:term":[{"taxonomy":"journal","embeddable":true,"href":"https:\/\/wydawnictwo.ug.edu.pl\/en\/wp-json\/wp\/v2\/journal?post=46563"},{"taxonomy":"rodzaj","embeddable":true,"href":"https:\/\/wydawnictwo.ug.edu.pl\/en\/wp-json\/wp\/v2\/rodzaj?post=46563"},{"taxonomy":"seria","embeddable":true,"href":"https:\/\/wydawnictwo.ug.edu.pl\/en\/wp-json\/wp\/v2\/seria?post=46563"},{"taxonomy":"product_brand","embeddable":true,"href":"https:\/\/wydawnictwo.ug.edu.pl\/en\/wp-json\/wp\/v2\/product_brand?post=46563"},{"taxonomy":"product_cat","embeddable":true,"href":"https:\/\/wydawnictwo.ug.edu.pl\/en\/wp-json\/wp\/v2\/product_cat?post=46563"},{"taxonomy":"product_tag","embeddable":true,"href":"https:\/\/wydawnictwo.ug.edu.pl\/en\/wp-json\/wp\/v2\/product_tag?post=46563"}],"curies":[{"name":"wp","href":"https:\/\/api.w.org\/{rel}","templated":true}]}}