{"id":46562,"date":"2019-11-30T00:00:00","date_gmt":"2019-11-30T00:00:00","guid":{"rendered":"https:\/\/wydawnictwo.ug.edu.pl\/ksiegarnia-online\/uncategorized\/miedzy-wolnoscia-a-zniewoleniem\/"},"modified":"2026-02-11T14:40:00","modified_gmt":"2026-02-11T14:40:00","slug":"miedzy-wolnoscia-a-zniewoleniem","status":"publish","type":"product","link":"https:\/\/wydawnictwo.ug.edu.pl\/en\/ksiegarnia-online\/historia\/miedzy-wolnoscia-a-zniewoleniem\/","title":{"rendered":"Mi\u0119dzy wolno\u015bci\u0105 a zniewoleniem"},"content":{"rendered":"","protected":false},"excerpt":{"rendered":"<p>Teksty zebrane w tej publikacji po\u015bwi\u0119cone s\u0105 w\u0142a\u015bnie wolno\u015bci, a konkretnie kwestii istnienia i odzwierciedlenia w narracji korelacji mi\u0119dzy warunkami zewn\u0119trznymi (swobod\u0105 dzia\u0142ania lub jej ograniczeniami) a systemem warto\u015bci historyka, w danych warunkach prowadz\u0105cego dzia\u0142alno\u015b\u0107 naukow\u0105 i publikuj\u0105cego jej wyniki. W jakim stopniu wolno\u015b\u0107 lub zniewolenie determinuj\u0105 wierno\u015b\u0107 w\u0142asnym pogl\u0105dom? Jak badacze przesz\u0142o\u015bci odnosili si\u0119 do narzucanych im ogranicze\u0144 dotycz\u0105cych rzetelnego prowadzenia bada\u0144 i publikowania ich wynik\u00f3w? Na ile sami takie ograniczenia narzucali sobie lub innym? W jaki spos\u00f3b deklarowane warto\u015bci przek\u0142ada\u0142y si\u0119 na r\u00f3\u017cne postawy polityczne, od lojalistycznych po nonkonformistyczne? Jak w konstruowanych narracjach odzwierciedla\u0142 si\u0119 patriotyzm badaczy przesz\u0142o\u015bci, w kontek\u015bcie skomplikowanych dziej\u00f3w regionu zas\u0142uguj\u0105cy na\u00a0szczeg\u00f3ln\u0105 uwag\u0119? Jak odnoszono si\u0119 do pr\u00f3b instrumentalizacji historii?<\/p>\n<p>Te zagadnienia, immanentnie zwi\u0105zane z rozwojem historiografii narod\u00f3w i pa\u0144stw Europy \u015arodkowej, zyskuj\u0105 w prezentowanym zbiorze dodatkowy atut w postaci zestawienia wypowiedzi autor\u00f3w polskich i ukrai\u0144skich. Bardzo silnie powi\u0105zane, obfituj\u0105ce w tematy trudne i wymagaj\u0105ce pog\u0142\u0119bionej, rzetelnej refleksji dzieje obu narod\u00f3w stanowi\u0105 niew\u0105tpliwie doskona\u0142y grunt dla rozwa\u017ca\u0144 nad funkcjonowaniem badaczy przesz\u0142o\u015bci mi\u0119dzy wolno\u015bci\u0105 a zniewoleniem.<\/p>\n","protected":false},"featured_media":15932,"template":"","meta":{"_acf_changed":false},"journal":[],"rodzaj":[],"seria":[],"product_brand":[],"product_cat":[6958],"product_tag":[8004,8005],"class_list":{"0":"post-46562","1":"product","2":"type-product","3":"status-publish","4":"has-post-thumbnail","6":"product_cat-historia","7":"product_tag-barbara-klassa","8":"product_tag-leonid-zaszkilniak","9":"pa_rok-wydania-2020-en","11":"first","12":"instock","13":"taxable","14":"shipping-taxable","15":"purchasable","16":"product-type-simple"},"acf":[],"_links":{"self":[{"href":"https:\/\/wydawnictwo.ug.edu.pl\/en\/wp-json\/wp\/v2\/product\/46562","targetHints":{"allow":["GET"]}}],"collection":[{"href":"https:\/\/wydawnictwo.ug.edu.pl\/en\/wp-json\/wp\/v2\/product"}],"about":[{"href":"https:\/\/wydawnictwo.ug.edu.pl\/en\/wp-json\/wp\/v2\/types\/product"}],"wp:featuredmedia":[{"embeddable":true,"href":"https:\/\/wydawnictwo.ug.edu.pl\/en\/wp-json\/wp\/v2\/media\/15932"}],"wp:attachment":[{"href":"https:\/\/wydawnictwo.ug.edu.pl\/en\/wp-json\/wp\/v2\/media?parent=46562"}],"wp:term":[{"taxonomy":"journal","embeddable":true,"href":"https:\/\/wydawnictwo.ug.edu.pl\/en\/wp-json\/wp\/v2\/journal?post=46562"},{"taxonomy":"rodzaj","embeddable":true,"href":"https:\/\/wydawnictwo.ug.edu.pl\/en\/wp-json\/wp\/v2\/rodzaj?post=46562"},{"taxonomy":"seria","embeddable":true,"href":"https:\/\/wydawnictwo.ug.edu.pl\/en\/wp-json\/wp\/v2\/seria?post=46562"},{"taxonomy":"product_brand","embeddable":true,"href":"https:\/\/wydawnictwo.ug.edu.pl\/en\/wp-json\/wp\/v2\/product_brand?post=46562"},{"taxonomy":"product_cat","embeddable":true,"href":"https:\/\/wydawnictwo.ug.edu.pl\/en\/wp-json\/wp\/v2\/product_cat?post=46562"},{"taxonomy":"product_tag","embeddable":true,"href":"https:\/\/wydawnictwo.ug.edu.pl\/en\/wp-json\/wp\/v2\/product_tag?post=46562"}],"curies":[{"name":"wp","href":"https:\/\/api.w.org\/{rel}","templated":true}]}}