{"id":46561,"date":"2019-11-30T00:00:00","date_gmt":"2019-11-30T00:00:00","guid":{"rendered":"https:\/\/wydawnictwo.ug.edu.pl\/ksiegarnia-online\/uncategorized\/wirtschaftsdeutsch-als-fremdsprache-ein-leitfaden-mit-ausgewahlten-themen-fur-die-praxis\/"},"modified":"2026-02-11T14:39:46","modified_gmt":"2026-02-11T14:39:46","slug":"wirtschaftsdeutsch-als-fremdsprache-ein-leitfaden-mit-ausgewahlten-themen-fur-die-praxis","status":"publish","type":"product","link":"https:\/\/wydawnictwo.ug.edu.pl\/en\/ksiegarnia-online\/jezykoznawstwo\/wirtschaftsdeutsch-als-fremdsprache-ein-leitfaden-mit-ausgewahlten-themen-fur-die-praxis\/","title":{"rendered":"Wirtschaftsdeutsch als Fremdsprache. Ein Leitfaden mit ausgew\u00e4hlten Themen f\u00fcr die Praxis"},"content":{"rendered":"","protected":false},"excerpt":{"rendered":"<p><a href=\"https:\/\/wydawnictwo.ug.edu.pl\/wp-content\/uploads\/2021\/09\/Kujawa-Skrypt-Wirtschaftdeutsch.pdf\">Dost\u0119p do ksi\u0105\u017cki w wersji elektronicznej.<\/a><\/p>\n<p>Niniejszy skrypt jest przeznaczony dla student\u00f3w studi\u00f3w pierwszego stopnia na kierunku filologia germa\u0144ska (specjalno\u015b\u0107 biznesowo-gospodarcza) i powsta\u0142 w ramach projektu \u201ePROgram Rozwoju Uniwersytetu Gda\u0144skiego\u201d wsp\u00f3\u0142finansowanego ze \u015brodk\u00f3w Unii Europejskiej w ramach Europejskiego Funduszu Spo\u0142ecznego. Podr\u0119cznik jest w ca\u0142o\u015bci napisany w j\u0119zyku niemieckim (poza wst\u0119pem \u2013 w j\u0119zyku polskim).<\/p>\n<p>Skrypt uwzgl\u0119dnia najnowsze trendy oraz wiedz\u0119 z zakresu gospodarki kraj\u00f3w niemieckiego obszaru j\u0119zykowego oraz komunikacji w biznesie. Jest on oparty na aktualnych i autentycznych materia\u0142ach niemieckoj\u0119zycznych, przystosowanych do potrzeb specjalistycznych zaj\u0119\u0107 dydaktycznych. Kolejne jednostki tematyczne zawieraj\u0105 ka\u017cdorazowo, poza licznymi \u0107wiczeniami, wykaz s\u0142ownictwa specjalistycznego wraz z t\u0142umaczeniem.<\/p>\n<p>Skrypt zosta\u0142 opracowany przez grup\u0119 pi\u0119ciu autor\u00f3w b\u0119d\u0105cych pracownikami naukowo-dydaktycznymi Instytutu Filologii Germa\u0144skiej Uniwersytetu Gda\u0144skiego.<\/p>\n<p>\u201eSkrypt\/ Monografia zosta\u0142 sfinansowany ze \u015brodk\u00f3w Projektu \u201ePROgram Rozwoju Uniwersytetu Gda\u0144skiego (ProUG)\u201d realizowanego w ramach Programu Operacyjnego Wiedza Edukacja Rozw\u00f3j na podstawie umowy nr POWR.03.05.00-00-Z308\/17-00, zawartej pomi\u0119dzy Narodowym Centrum Bada\u0144 i Rozwoju a Uniwersytetem Gda\u0144skim w dniu 11.12.2017 roku.\u201d<\/p>\n","protected":false},"featured_media":16208,"template":"","meta":{"_acf_changed":false},"journal":[],"rodzaj":[2605],"seria":[],"product_brand":[],"product_cat":[7310,6924],"product_tag":[790],"class_list":{"0":"post-46561","1":"product","2":"type-product","3":"status-publish","4":"has-post-thumbnail","6":"rodzaj-podreczniki","7":"product_cat-nauka-jezykow-obcych","8":"product_cat-jezykoznawstwo","9":"product_tag-izabela-kujawa","10":"pa_rok-wydania-849","12":"first","13":"outofstock","14":"taxable","15":"shipping-taxable","16":"product-type-simple"},"acf":[],"_links":{"self":[{"href":"https:\/\/wydawnictwo.ug.edu.pl\/en\/wp-json\/wp\/v2\/product\/46561","targetHints":{"allow":["GET"]}}],"collection":[{"href":"https:\/\/wydawnictwo.ug.edu.pl\/en\/wp-json\/wp\/v2\/product"}],"about":[{"href":"https:\/\/wydawnictwo.ug.edu.pl\/en\/wp-json\/wp\/v2\/types\/product"}],"wp:featuredmedia":[{"embeddable":true,"href":"https:\/\/wydawnictwo.ug.edu.pl\/en\/wp-json\/wp\/v2\/media\/16208"}],"wp:attachment":[{"href":"https:\/\/wydawnictwo.ug.edu.pl\/en\/wp-json\/wp\/v2\/media?parent=46561"}],"wp:term":[{"taxonomy":"journal","embeddable":true,"href":"https:\/\/wydawnictwo.ug.edu.pl\/en\/wp-json\/wp\/v2\/journal?post=46561"},{"taxonomy":"rodzaj","embeddable":true,"href":"https:\/\/wydawnictwo.ug.edu.pl\/en\/wp-json\/wp\/v2\/rodzaj?post=46561"},{"taxonomy":"seria","embeddable":true,"href":"https:\/\/wydawnictwo.ug.edu.pl\/en\/wp-json\/wp\/v2\/seria?post=46561"},{"taxonomy":"product_brand","embeddable":true,"href":"https:\/\/wydawnictwo.ug.edu.pl\/en\/wp-json\/wp\/v2\/product_brand?post=46561"},{"taxonomy":"product_cat","embeddable":true,"href":"https:\/\/wydawnictwo.ug.edu.pl\/en\/wp-json\/wp\/v2\/product_cat?post=46561"},{"taxonomy":"product_tag","embeddable":true,"href":"https:\/\/wydawnictwo.ug.edu.pl\/en\/wp-json\/wp\/v2\/product_tag?post=46561"}],"curies":[{"name":"wp","href":"https:\/\/api.w.org\/{rel}","templated":true}]}}