{"id":46559,"date":"2019-11-30T00:00:00","date_gmt":"2019-11-30T00:00:00","guid":{"rendered":"https:\/\/wydawnictwo.ug.edu.pl\/ksiegarnia-online\/uncategorized\/religijnosc-czeslawa-milosza\/"},"modified":"2026-02-11T14:37:47","modified_gmt":"2026-02-11T14:37:47","slug":"religijnosc-czeslawa-milosza","status":"publish","type":"product","link":"https:\/\/wydawnictwo.ug.edu.pl\/en\/ksiegarnia-online\/literaturoznawstwo\/religijnosc-czeslawa-milosza\/","title":{"rendered":"Religijno\u015b\u0107 Czes\u0142awa Mi\u0142osza"},"content":{"rendered":"","protected":false},"excerpt":{"rendered":"<p>\u200bM\u00f3wi\u0107 o tw\u00f3rczo\u015bci Czes\u0142awa Mi\u0142osza bez uwzgl\u0119dnienia obecnych w niej idei i wierze\u0144 religijnych jest jak ogl\u0105da\u0107 czubek g\u00f3ry lodowej. Mo\u017ce pi\u0119kny, lecz nie daj\u0105cy poj\u0119cia o napieraniu g\u0142\u0119bi. Pr\u00f3b\u0105 ogarni\u0119cia teologicznego wymiaru dzie\u0142a noblisty jest ksi\u0105\u017cka\u00a0<em>Religijno\u015b\u0107 Czes\u0142awa Mi\u0142osza<\/em>. Na jej stronach tw\u00f3rczo\u015b\u0107 ta jawi si\u0119 w pe\u0142ni odniesie\u0144 poety do natury i darwinizmu zap\u0142adniaj\u0105cego manichejsk\u0105 wizj\u0119 dziej\u00f3w oraz odniesie\u0144 do kondycji cz\u0142owieka. Publikacja wyja\u015bnia z\u0142o\u017cono\u015b\u0107 tak cz\u0119sto okrutnego a jednak pi\u0119knego \u015bwiata i z\u0142o tak cz\u0119sto dobrego cz\u0142owieka. W ksi\u0105\u017cce synkretyzm chrze\u015bcija\u0144stwa i heretyckich komponent\u00f3w religijno\u015bci Mi\u0142osza ods\u0142ania z\u0142o\u017cono\u015b\u0107 jego dzie\u0142a inaczej nieosi\u0105galn\u0105.<\/p>\n","protected":false},"featured_media":15587,"template":"","meta":{"_acf_changed":false},"journal":[],"rodzaj":[7074],"seria":[],"product_brand":[],"product_cat":[6925],"product_tag":[7593,8293],"class_list":{"0":"post-46559","1":"product","2":"type-product","3":"status-publish","4":"has-post-thumbnail","6":"rodzaj-ksiazki","7":"product_cat-literaturoznawstwo","8":"product_tag-katarzyna-wojankatarzyna-wojan","9":"product_tag-zbigniew-kazmierczyk","10":"pa_rok-wydania-2020-en","12":"first","13":"outofstock","14":"taxable","15":"shipping-taxable","16":"purchasable","17":"product-type-simple"},"acf":[],"_links":{"self":[{"href":"https:\/\/wydawnictwo.ug.edu.pl\/en\/wp-json\/wp\/v2\/product\/46559","targetHints":{"allow":["GET"]}}],"collection":[{"href":"https:\/\/wydawnictwo.ug.edu.pl\/en\/wp-json\/wp\/v2\/product"}],"about":[{"href":"https:\/\/wydawnictwo.ug.edu.pl\/en\/wp-json\/wp\/v2\/types\/product"}],"wp:featuredmedia":[{"embeddable":true,"href":"https:\/\/wydawnictwo.ug.edu.pl\/en\/wp-json\/wp\/v2\/media\/15587"}],"wp:attachment":[{"href":"https:\/\/wydawnictwo.ug.edu.pl\/en\/wp-json\/wp\/v2\/media?parent=46559"}],"wp:term":[{"taxonomy":"journal","embeddable":true,"href":"https:\/\/wydawnictwo.ug.edu.pl\/en\/wp-json\/wp\/v2\/journal?post=46559"},{"taxonomy":"rodzaj","embeddable":true,"href":"https:\/\/wydawnictwo.ug.edu.pl\/en\/wp-json\/wp\/v2\/rodzaj?post=46559"},{"taxonomy":"seria","embeddable":true,"href":"https:\/\/wydawnictwo.ug.edu.pl\/en\/wp-json\/wp\/v2\/seria?post=46559"},{"taxonomy":"product_brand","embeddable":true,"href":"https:\/\/wydawnictwo.ug.edu.pl\/en\/wp-json\/wp\/v2\/product_brand?post=46559"},{"taxonomy":"product_cat","embeddable":true,"href":"https:\/\/wydawnictwo.ug.edu.pl\/en\/wp-json\/wp\/v2\/product_cat?post=46559"},{"taxonomy":"product_tag","embeddable":true,"href":"https:\/\/wydawnictwo.ug.edu.pl\/en\/wp-json\/wp\/v2\/product_tag?post=46559"}],"curies":[{"name":"wp","href":"https:\/\/api.w.org\/{rel}","templated":true}]}}