{"id":46558,"date":"2019-11-30T00:00:00","date_gmt":"2019-11-30T00:00:00","guid":{"rendered":"https:\/\/wydawnictwo.ug.edu.pl\/ksiegarnia-online\/uncategorized\/ubiory-w-nowozytnym-gdansku-od-polowy-xvi-do-konca-xviii-wieku\/"},"modified":"2026-02-11T14:35:22","modified_gmt":"2026-02-11T14:35:22","slug":"ubiory-w-nowozytnym-gdansku-od-polowy-xvi-do-konca-xviii-wieku","status":"publish","type":"product","link":"https:\/\/wydawnictwo.ug.edu.pl\/en\/ksiegarnia-online\/historia\/ubiory-w-nowozytnym-gdansku-od-polowy-xvi-do-konca-xviii-wieku\/","title":{"rendered":"Ubiory w nowo\u017cytnym Gda\u0144sku od po\u0142owy XVI do ko\u0144ca XVIII wieku"},"content":{"rendered":"","protected":false},"excerpt":{"rendered":"<p>Ksi\u0105\u017cka Aleksandry Kajda\u0144skiej jest po\u015bwi\u0119cona rozwojowi ubior\u00f3w oraz mody w Gda\u0144sku, w tle znakomicie obrazuj\u0105c dynamiczny i bogaty rozw\u00f3j miasta w analizowanym okresie. Zwa\u017cywszy na tematyk\u0119 i warto\u015b\u0107 naukow\u0105 ma du\u017ce znaczenie dla promocji historii Gda\u0144ska. Praca jest podzielona chronologicznie na pi\u0119\u0107 rozdzia\u0142\u00f3w. W ka\u017cdym z nich Autorka om\u00f3wi\u0142a ubiory m\u0119skie i damskie oraz nast\u0119puj\u0105ce w nich zmiany z uwzgl\u0119dnieniem trend\u00f3w dominuj\u0105cych w poszczeg\u00f3lnych okresach. Analiz\u0119 ubior\u00f3w przeprowadzi\u0142a na bazie zachowanych obiekt\u00f3w znajduj\u0105cych si\u0119 w kolekcjach w muzeach na \u015bwiecie i w Polsce, g\u0142\u00f3wnie w Muzeum Narodowym w Warszawie oraz w Muzeum Narodowym w Gda\u0144sku. Autorka wykorzysta\u0142a te\u017c szeroko rozumian\u0105 ikonografi\u0119, pami\u0119tniki, opisy z podr\u00f3\u017cy i zapisy inwentarzy, a sam\u0105 mod\u0119 rozpatrywa\u0142a w kontek\u015bcie \u00f3wczesnych reali\u00f3w nie tylko historycznych i politycznych, ale te\u017c zwi\u0105zanych z dokonuj\u0105cym si\u0119 rozwojem przemys\u0142owym i innowacjami technicznymi. Ksi\u0105\u017cka zosta\u0142a wzbogacona oko\u0142o 300 ilustracjami stroj\u00f3w z analizowanego okresu. Ca\u0142o\u015b\u0107 stanowi niezwykle cenne, bogate i interesuj\u0105ce studium nie tylko mody w Gda\u0144sku okresu XVI\u2013XVIII wieku, ale te\u017c panuj\u0105cych zwyczaj\u00f3w, rozwoju i kontakt\u00f3w mi\u0119dzynarodowych miasta oraz szeroko poj\u0119tej gda\u0144skiej kultury.<\/p>\n","protected":false},"featured_media":15434,"template":"","meta":{"_acf_changed":false},"journal":[],"rodzaj":[],"seria":[],"product_brand":[],"product_cat":[6958],"product_tag":[8002],"class_list":{"0":"post-46558","1":"product","2":"type-product","3":"status-publish","4":"has-post-thumbnail","6":"product_cat-historia","7":"product_tag-aleksandra-kajdanska","9":"first","10":"outofstock","11":"taxable","12":"shipping-taxable","13":"purchasable","14":"product-type-simple"},"acf":[],"_links":{"self":[{"href":"https:\/\/wydawnictwo.ug.edu.pl\/en\/wp-json\/wp\/v2\/product\/46558","targetHints":{"allow":["GET"]}}],"collection":[{"href":"https:\/\/wydawnictwo.ug.edu.pl\/en\/wp-json\/wp\/v2\/product"}],"about":[{"href":"https:\/\/wydawnictwo.ug.edu.pl\/en\/wp-json\/wp\/v2\/types\/product"}],"wp:featuredmedia":[{"embeddable":true,"href":"https:\/\/wydawnictwo.ug.edu.pl\/en\/wp-json\/wp\/v2\/media\/15434"}],"wp:attachment":[{"href":"https:\/\/wydawnictwo.ug.edu.pl\/en\/wp-json\/wp\/v2\/media?parent=46558"}],"wp:term":[{"taxonomy":"journal","embeddable":true,"href":"https:\/\/wydawnictwo.ug.edu.pl\/en\/wp-json\/wp\/v2\/journal?post=46558"},{"taxonomy":"rodzaj","embeddable":true,"href":"https:\/\/wydawnictwo.ug.edu.pl\/en\/wp-json\/wp\/v2\/rodzaj?post=46558"},{"taxonomy":"seria","embeddable":true,"href":"https:\/\/wydawnictwo.ug.edu.pl\/en\/wp-json\/wp\/v2\/seria?post=46558"},{"taxonomy":"product_brand","embeddable":true,"href":"https:\/\/wydawnictwo.ug.edu.pl\/en\/wp-json\/wp\/v2\/product_brand?post=46558"},{"taxonomy":"product_cat","embeddable":true,"href":"https:\/\/wydawnictwo.ug.edu.pl\/en\/wp-json\/wp\/v2\/product_cat?post=46558"},{"taxonomy":"product_tag","embeddable":true,"href":"https:\/\/wydawnictwo.ug.edu.pl\/en\/wp-json\/wp\/v2\/product_tag?post=46558"}],"curies":[{"name":"wp","href":"https:\/\/api.w.org\/{rel}","templated":true}]}}