{"id":46557,"date":"2019-11-30T00:00:00","date_gmt":"2019-11-30T00:00:00","guid":{"rendered":"https:\/\/wydawnictwo.ug.edu.pl\/ksiegarnia-online\/uncategorized\/syberia-i-rosyjska-radziecka-polnoc-niekonczaca-sie-gra-zakrywanie-odslanianie\/"},"modified":"2026-02-11T14:39:56","modified_gmt":"2026-02-11T14:39:56","slug":"syberia-i-rosyjska-radziecka-polnoc-niekonczaca-sie-gra-zakrywanie-odslanianie","status":"publish","type":"product","link":"https:\/\/wydawnictwo.ug.edu.pl\/en\/ksiegarnia-online\/literaturoznawstwo\/syberia-i-rosyjska-radziecka-polnoc-niekonczaca-sie-gra-zakrywanie-odslanianie\/","title":{"rendered":"Syberia i rosyjska\/radziecka P\u00f3\u0142noc. Nieko\u0144cz\u0105ca si\u0119 gra: zakrywanie \u2013 ods\u0142anianie"},"content":{"rendered":"","protected":false},"excerpt":{"rendered":"<p>Prezentowana monografia jest zbiorem szkic\u00f3w ukazuj\u0105cych r\u00f3\u017cne \u2013 dawne oraz wsp\u00f3\u0142czesne \u2013 pr\u00f3by definiowania Syberii i rosyjskiej\/radzieckiej P\u00f3\u0142nocy, a tak\u017ce odmienne formy do\u015bwiadczania i sposoby uchwycenia tego obszaru w s\u0142owie i obrazie. Jednak przede wszystkim jest to rozprawa o nieustannym \u2013 \u015bwiadomym albo nie\u015bwiadomym \u2013 palimpsestowym zakrywaniu i ods\u0142anianiu prawdy o tych terenach. Bohaterami poszczeg\u00f3lnych rozdzia\u0142\u00f3w s\u0105: poeci, prozaicy, historycy, ekonomi\u015bci oraz socjologowie \u2013 ludzie,\u00a0\u00a0kt\u00f3rzy trafili na Syberi\u0119 czy radzieck\u0105\/rosyjsk\u0105 P\u00f3\u0142noc w poszukiwaniu lepszego \u017cycia, ale te\u017c tacy, kt\u00f3rych doprowadzi\u0142y tam wyroki NKWD. S\u0105 w\u015br\u00f3d nich podr\u00f3\u017cnicy z wyboru i podr\u00f3\u017cnicy zniewoleni, s\u0105 zwabieni przez liczne biura podr\u00f3\u017cy poszukiwacze przyg\u00f3d i samotni globtroterzy. Ka\u017cdy z nich na sw\u00f3j spos\u00f3b do\u015bwiadcza tych teren\u00f3w, prawie ka\u017cdy usi\u0142uje to do\u015bwiadczenie utrwali\u0107 i przekaza\u0107. O tych \u015bwiadectwach \u2013\u00a0 rozpi\u0119tych mi\u0119dzy interpretacyjnym rozumieniem a afektywn\u0105 opini\u0105, mi\u0119dzy prawd\u0105 a fa\u0142szem, mi\u0119dzy\u00a0ukrywaniem a odkrywaniem \u2013 opowiada ta ksi\u0105\u017cka.<\/p>\n","protected":false},"featured_media":16068,"template":"","meta":{"_acf_changed":false},"journal":[],"rodzaj":[2602],"seria":[],"product_brand":[],"product_cat":[2485],"product_tag":[930],"class_list":{"0":"post-46557","1":"product","2":"type-product","3":"status-publish","4":"has-post-thumbnail","6":"rodzaj-ksiazki","7":"product_cat-literaturoznawstwo","8":"product_tag-feliks-tomaszewski","9":"pa_rok-wydania-849","11":"first","12":"instock","13":"taxable","14":"shipping-taxable","15":"purchasable","16":"product-type-simple"},"acf":[],"_links":{"self":[{"href":"https:\/\/wydawnictwo.ug.edu.pl\/en\/wp-json\/wp\/v2\/product\/46557","targetHints":{"allow":["GET"]}}],"collection":[{"href":"https:\/\/wydawnictwo.ug.edu.pl\/en\/wp-json\/wp\/v2\/product"}],"about":[{"href":"https:\/\/wydawnictwo.ug.edu.pl\/en\/wp-json\/wp\/v2\/types\/product"}],"wp:featuredmedia":[{"embeddable":true,"href":"https:\/\/wydawnictwo.ug.edu.pl\/en\/wp-json\/wp\/v2\/media\/16068"}],"wp:attachment":[{"href":"https:\/\/wydawnictwo.ug.edu.pl\/en\/wp-json\/wp\/v2\/media?parent=46557"}],"wp:term":[{"taxonomy":"journal","embeddable":true,"href":"https:\/\/wydawnictwo.ug.edu.pl\/en\/wp-json\/wp\/v2\/journal?post=46557"},{"taxonomy":"rodzaj","embeddable":true,"href":"https:\/\/wydawnictwo.ug.edu.pl\/en\/wp-json\/wp\/v2\/rodzaj?post=46557"},{"taxonomy":"seria","embeddable":true,"href":"https:\/\/wydawnictwo.ug.edu.pl\/en\/wp-json\/wp\/v2\/seria?post=46557"},{"taxonomy":"product_brand","embeddable":true,"href":"https:\/\/wydawnictwo.ug.edu.pl\/en\/wp-json\/wp\/v2\/product_brand?post=46557"},{"taxonomy":"product_cat","embeddable":true,"href":"https:\/\/wydawnictwo.ug.edu.pl\/en\/wp-json\/wp\/v2\/product_cat?post=46557"},{"taxonomy":"product_tag","embeddable":true,"href":"https:\/\/wydawnictwo.ug.edu.pl\/en\/wp-json\/wp\/v2\/product_tag?post=46557"}],"curies":[{"name":"wp","href":"https:\/\/api.w.org\/{rel}","templated":true}]}}