{"id":46556,"date":"2019-11-30T10:00:00","date_gmt":"2019-11-30T10:00:00","guid":{"rendered":"https:\/\/wydawnictwo.ug.edu.pl\/ksiegarnia-online\/uncategorized\/25-lat-studiow-nad-ekonomia-i-handlem-zagranicznym-krajow-azji-wschodniej-wybor-artykulow-ewy-oziewicz-z-lat-1995-2020\/"},"modified":"2026-04-15T11:34:10","modified_gmt":"2026-04-15T11:34:10","slug":"25-lat-studiow-nad-ekonomia-i-handlem-zagranicznym-krajow-azji-wschodniej-wybor-artykulow-ewy-oziewicz-z-lat-1995-2020","status":"publish","type":"product","link":"https:\/\/wydawnictwo.ug.edu.pl\/en\/ksiegarnia-online\/ekonomia\/25-lat-studiow-nad-ekonomia-i-handlem-zagranicznym-krajow-azji-wschodniej-wybor-artykulow-ewy-oziewicz-z-lat-1995-2020\/","title":{"rendered":"25 lat studi\u00f3w nad ekonomi\u0105 i handlem zagranicznym kraj\u00f3w Azji Wschodniej. Wyb\u00f3r artyku\u0142\u00f3w Ewy Oziewicz  z lat 1995\u20132020"},"content":{"rendered":"","protected":false},"excerpt":{"rendered":"<p>Ewa Oziewicz jest autork\u0105 i wsp\u00f3\u0142autork\u0105 wielu ksi\u0105\u017cek i artyku\u0142\u00f3w z zakresu mi\u0119dzynarodowych stosunk\u00f3w gospodarczych, m.in. monografii:\u00a0<em>Zagraniczne inwestycje bezpo\u015brednie w rozwoju gospodarczym kraj\u00f3w Azji Po\u0142udniowo-Wschodniej<\/em>\u00a0(ASEAN) (Wydawnictwo Uniwersytetu Gda\u0144skiego, Gda\u0144sk 1998),\u00a0<em>Dylematy rozwoju gospodarczego kraj\u00f3w Azji Po\u0142udniowo-Wschodniej na tle proces\u00f3w globalizacyjnych<\/em>\u00a0(Wydawnictwo Uniwersytetu Gda\u0144skiego, Gda\u0144sk 2007),\u00a0<em>Inicjatywa Pasa i Szlaku. Polska perspektywa<\/em>\u00a0(wsp\u00f3\u0142autorzy: T. Bieli\u0144ski i T. Micha\u0142owski, Wydawnictwo Uniwersytetu Gda\u0144skiego, Gda\u0144sk 2020), jest te\u017c redaktorem naukowym publikacji zbiorowych, jak np.\u00a0<em>Procesy integracyjne we wsp\u00f3\u0142czesnej gospodarce \u015bwiatowej<\/em>\u00a0(Wydawnictwo Naukowe PWN, Warszawa 2001),\u00a0<em>Przemiany we wsp\u00f3\u0142czesnej gospodarce \u015bwiatowej<\/em>\u00a0(PWE, Warszawa 2006). Szczeg\u00f3lnie interesuje si\u0119 ekonomi\u0105 i problematyk\u0105 rozwoju gospodarczego kraj\u00f3w azjatyckich oraz integracj\u0105 gospodarcz\u0105 pa\u0144stw Azji, co znalaz\u0142o wyraz w opublikowanych w niniejszej ksi\u0105\u017cce artyku\u0142ach.<\/p>\n<p>Seria: Biblioteka Studi\u00f3w Azji Wschodniej<\/p>\n","protected":false},"featured_media":15330,"template":"","meta":{"_acf_changed":false},"journal":[],"rodzaj":[7077,7076],"seria":[7079],"product_brand":[],"product_cat":[6934],"product_tag":[7417,7413],"class_list":{"0":"post-46556","1":"product","2":"type-product","3":"status-publish","4":"has-post-thumbnail","6":"rodzaj-czasopismo","7":"rodzaj-serie-wydawnicze","8":"seria-biblioteka-studiow-azji-wschodniej","9":"product_cat-ekonomia","10":"product_tag-joanna-kamienjoanna-kamien","11":"product_tag-kamil-zeidlerkamil-zeidler","13":"first","14":"outofstock","15":"taxable","16":"shipping-taxable","17":"purchasable","18":"product-type-simple"},"acf":[],"_links":{"self":[{"href":"https:\/\/wydawnictwo.ug.edu.pl\/en\/wp-json\/wp\/v2\/product\/46556","targetHints":{"allow":["GET"]}}],"collection":[{"href":"https:\/\/wydawnictwo.ug.edu.pl\/en\/wp-json\/wp\/v2\/product"}],"about":[{"href":"https:\/\/wydawnictwo.ug.edu.pl\/en\/wp-json\/wp\/v2\/types\/product"}],"wp:featuredmedia":[{"embeddable":true,"href":"https:\/\/wydawnictwo.ug.edu.pl\/en\/wp-json\/wp\/v2\/media\/15330"}],"wp:attachment":[{"href":"https:\/\/wydawnictwo.ug.edu.pl\/en\/wp-json\/wp\/v2\/media?parent=46556"}],"wp:term":[{"taxonomy":"journal","embeddable":true,"href":"https:\/\/wydawnictwo.ug.edu.pl\/en\/wp-json\/wp\/v2\/journal?post=46556"},{"taxonomy":"rodzaj","embeddable":true,"href":"https:\/\/wydawnictwo.ug.edu.pl\/en\/wp-json\/wp\/v2\/rodzaj?post=46556"},{"taxonomy":"seria","embeddable":true,"href":"https:\/\/wydawnictwo.ug.edu.pl\/en\/wp-json\/wp\/v2\/seria?post=46556"},{"taxonomy":"product_brand","embeddable":true,"href":"https:\/\/wydawnictwo.ug.edu.pl\/en\/wp-json\/wp\/v2\/product_brand?post=46556"},{"taxonomy":"product_cat","embeddable":true,"href":"https:\/\/wydawnictwo.ug.edu.pl\/en\/wp-json\/wp\/v2\/product_cat?post=46556"},{"taxonomy":"product_tag","embeddable":true,"href":"https:\/\/wydawnictwo.ug.edu.pl\/en\/wp-json\/wp\/v2\/product_tag?post=46556"}],"curies":[{"name":"wp","href":"https:\/\/api.w.org\/{rel}","templated":true}]}}