{"id":46554,"date":"2019-11-30T10:00:00","date_gmt":"2019-11-30T10:00:00","guid":{"rendered":"https:\/\/wydawnictwo.ug.edu.pl\/ksiegarnia-online\/uncategorized\/finanse-ubezpieczen\/"},"modified":"2026-02-11T14:32:42","modified_gmt":"2026-02-11T14:32:42","slug":"finanse-ubezpieczen","status":"publish","type":"product","link":"https:\/\/wydawnictwo.ug.edu.pl\/en\/ksiegarnia-online\/zarzadzanie\/finanse-ubezpieczen\/","title":{"rendered":"Finanse ubezpiecze\u0144"},"content":{"rendered":"","protected":false},"excerpt":{"rendered":"<p>W monografii przedstawiono kompleksowe i wielow\u0105tkowe podej\u015bcie do zagadnienia finans\u00f3w zak\u0142ad\u00f3w ubezpiecze\u0144. Celem pracy jest nie tylko wskazanie zasad funkcjonowania gospodarki finansowej ubezpieczyciela, ale i (a mo\u017ce przede wszystkim) uwypuklenie r\u00f3\u017cnic w tym obszarze pomi\u0119dzy zak\u0142adami ubezpiecze\u0144 a podmiotami gospodarczymi funkcjonuj\u0105cymi w sferze us\u0142ug niefinansowych. Uk\u0142ad ksi\u0105\u017cki umo\u017cliwia czytelnikowi projektowanie i ocen\u0119 organizacji i dzia\u0142alno\u015bci finansowej zak\u0142adu ubezpiecze\u0144. Nale\u017cy podkre\u015bli\u0107 jej przydatno\u015b\u0107 w procesie podejmowania decyzji wp\u0142ywaj\u0105cych na wyniki finansowe zak\u0142ad\u00f3w ubezpiecze\u0144.<\/p>\n<p><b>Ksi\u0105\u017cka finansowana w ramach Programu ProUG.<\/b><\/p>\n","protected":false},"featured_media":15326,"template":"","meta":{"_acf_changed":false},"journal":[],"rodzaj":[7074],"seria":[],"product_brand":[],"product_cat":[6942],"product_tag":[7998,7999,8000],"class_list":{"0":"post-46554","1":"product","2":"type-product","3":"status-publish","4":"has-post-thumbnail","6":"rodzaj-ksiazki","7":"product_cat-zarzadzanie","8":"product_tag-ewa-spigarska","9":"product_tag-ireneusz-dabrowskiireneusz-dabrowski","10":"product_tag-krzysztof-lyskawakrzysztof-lyskawa","12":"first","13":"instock","14":"taxable","15":"shipping-taxable","16":"purchasable","17":"product-type-external"},"acf":[],"_links":{"self":[{"href":"https:\/\/wydawnictwo.ug.edu.pl\/en\/wp-json\/wp\/v2\/product\/46554","targetHints":{"allow":["GET"]}}],"collection":[{"href":"https:\/\/wydawnictwo.ug.edu.pl\/en\/wp-json\/wp\/v2\/product"}],"about":[{"href":"https:\/\/wydawnictwo.ug.edu.pl\/en\/wp-json\/wp\/v2\/types\/product"}],"wp:featuredmedia":[{"embeddable":true,"href":"https:\/\/wydawnictwo.ug.edu.pl\/en\/wp-json\/wp\/v2\/media\/15326"}],"wp:attachment":[{"href":"https:\/\/wydawnictwo.ug.edu.pl\/en\/wp-json\/wp\/v2\/media?parent=46554"}],"wp:term":[{"taxonomy":"journal","embeddable":true,"href":"https:\/\/wydawnictwo.ug.edu.pl\/en\/wp-json\/wp\/v2\/journal?post=46554"},{"taxonomy":"rodzaj","embeddable":true,"href":"https:\/\/wydawnictwo.ug.edu.pl\/en\/wp-json\/wp\/v2\/rodzaj?post=46554"},{"taxonomy":"seria","embeddable":true,"href":"https:\/\/wydawnictwo.ug.edu.pl\/en\/wp-json\/wp\/v2\/seria?post=46554"},{"taxonomy":"product_brand","embeddable":true,"href":"https:\/\/wydawnictwo.ug.edu.pl\/en\/wp-json\/wp\/v2\/product_brand?post=46554"},{"taxonomy":"product_cat","embeddable":true,"href":"https:\/\/wydawnictwo.ug.edu.pl\/en\/wp-json\/wp\/v2\/product_cat?post=46554"},{"taxonomy":"product_tag","embeddable":true,"href":"https:\/\/wydawnictwo.ug.edu.pl\/en\/wp-json\/wp\/v2\/product_tag?post=46554"}],"curies":[{"name":"wp","href":"https:\/\/api.w.org\/{rel}","templated":true}]}}