{"id":46552,"date":"2019-12-01T00:00:00","date_gmt":"2019-12-01T00:00:00","guid":{"rendered":"https:\/\/wydawnictwo.ug.edu.pl\/ksiegarnia-online\/uncategorized\/repetytorium-maturzysty-matematyka-poziom-podstawowy\/"},"modified":"2026-02-11T14:24:29","modified_gmt":"2026-02-11T14:24:29","slug":"repetytorium-maturzysty-matematyka-poziom-podstawowy","status":"publish","type":"product","link":"https:\/\/wydawnictwo.ug.edu.pl\/en\/ksiegarnia-online\/matematyka-i-informatyka\/repetytorium-maturzysty-matematyka-poziom-podstawowy\/","title":{"rendered":"Repetytorium maturzysty. Matematyka. Poziom podstawowy"},"content":{"rendered":"","protected":false},"excerpt":{"rendered":"<p>Du\u017cym walorem tego zbioru jest jego uk\u0142ad merytoryczny i graficzny. Ucze\u0144, korzystaj\u0105c z niego, zmierzy si\u0119 zar\u00f3wno z typowymi zadaniami egzaminacyjnymi (zamkni\u0119te, otwarte, kr\u00f3tkiej i rozszerzonej odpowiedzi), jak i ze struktur\u0105 samego egzaminu. (&#8230;) Przygotowane zadania s\u0105 r\u00f3\u017cnorodne, ciekawe, czasem nieco podchwytliwe. Z pewno\u015bci\u0105 ucze\u0144, kt\u00f3ry wykorzysta to repetytorium do powt\u00f3rzenia materia\u0142u, b\u0119dzie usatysfakcjonowany. R\u00f3\u017cnorodno\u015b\u0107 zada\u0144 i bogactwo przyk\u0142adowych arkuszy maturalnych na pewno wspomo\u017ce uczniaw procesie powtarzania materia\u0142u przed matur\u0105.<\/p>\n<p><em>Z recenzji dr El\u017cbiety Mro\u017cek<\/em><\/p>\n","protected":false},"featured_media":15887,"template":"","meta":{"_acf_changed":false},"journal":[],"rodzaj":[7330],"seria":[],"product_brand":[],"product_cat":[7309],"product_tag":[7997],"class_list":{"0":"post-46552","1":"product","2":"type-product","3":"status-publish","4":"has-post-thumbnail","6":"rodzaj-schoolbook","7":"product_cat-matematyka-i-informatyka","8":"product_tag-anna-okon","9":"pa_rok-wydania-2020-en","11":"first","12":"instock","13":"taxable","14":"shipping-taxable","15":"purchasable","16":"product-type-simple"},"acf":[],"_links":{"self":[{"href":"https:\/\/wydawnictwo.ug.edu.pl\/en\/wp-json\/wp\/v2\/product\/46552","targetHints":{"allow":["GET"]}}],"collection":[{"href":"https:\/\/wydawnictwo.ug.edu.pl\/en\/wp-json\/wp\/v2\/product"}],"about":[{"href":"https:\/\/wydawnictwo.ug.edu.pl\/en\/wp-json\/wp\/v2\/types\/product"}],"wp:featuredmedia":[{"embeddable":true,"href":"https:\/\/wydawnictwo.ug.edu.pl\/en\/wp-json\/wp\/v2\/media\/15887"}],"wp:attachment":[{"href":"https:\/\/wydawnictwo.ug.edu.pl\/en\/wp-json\/wp\/v2\/media?parent=46552"}],"wp:term":[{"taxonomy":"journal","embeddable":true,"href":"https:\/\/wydawnictwo.ug.edu.pl\/en\/wp-json\/wp\/v2\/journal?post=46552"},{"taxonomy":"rodzaj","embeddable":true,"href":"https:\/\/wydawnictwo.ug.edu.pl\/en\/wp-json\/wp\/v2\/rodzaj?post=46552"},{"taxonomy":"seria","embeddable":true,"href":"https:\/\/wydawnictwo.ug.edu.pl\/en\/wp-json\/wp\/v2\/seria?post=46552"},{"taxonomy":"product_brand","embeddable":true,"href":"https:\/\/wydawnictwo.ug.edu.pl\/en\/wp-json\/wp\/v2\/product_brand?post=46552"},{"taxonomy":"product_cat","embeddable":true,"href":"https:\/\/wydawnictwo.ug.edu.pl\/en\/wp-json\/wp\/v2\/product_cat?post=46552"},{"taxonomy":"product_tag","embeddable":true,"href":"https:\/\/wydawnictwo.ug.edu.pl\/en\/wp-json\/wp\/v2\/product_tag?post=46552"}],"curies":[{"name":"wp","href":"https:\/\/api.w.org\/{rel}","templated":true}]}}