{"id":46550,"date":"2019-12-01T00:00:00","date_gmt":"2019-12-01T00:00:00","guid":{"rendered":"https:\/\/wydawnictwo.ug.edu.pl\/ksiegarnia-online\/uncategorized\/informacje-spoza-proby-w-badaniach-statystycznych\/"},"modified":"2026-02-11T14:32:44","modified_gmt":"2026-02-11T14:32:44","slug":"informacje-spoza-proby-w-badaniach-statystycznych","status":"publish","type":"product","link":"https:\/\/wydawnictwo.ug.edu.pl\/en\/ksiegarnia-online\/zarzadzanie\/informacje-spoza-proby-w-badaniach-statystycznych\/","title":{"rendered":"Informacje spoza pr\u00f3by w badaniach statystycznych"},"content":{"rendered":"","protected":false},"excerpt":{"rendered":"<p>Badania statystyczne, kt\u00f3re w problematyce ekonomicznej i spo\u0142ecznej coraz cz\u0119\u015bciej s\u0105 badaniami pr\u00f3bkowymi (niewyczerpuj\u0105cymi), wykorzystuj\u0105 nie tylko informacje o cechach jednostek w pr\u00f3bie, ale tak\u017ce wiele innych zasob\u00f3w informacji zwi\u0105zanych z przedmiotem badania. Post\u0119powanie takie z jednej strony jest konieczne ze wzgl\u0119du na rosn\u0105ce znaczenie b\u0142\u0119d\u00f3w nielosowych, w tym przede wszystkim tych spowodowanych brakami odpowiedzi. Z drugiej za\u015b jest to naturalne wykorzystanie mo\u017cliwo\u015bci, jakie daje dost\u0119p do coraz wi\u0119kszej ilo\u015bci informacji o wielu populacjach.<br \/>\nW ksi\u0105\u017cce tej autorzy uzasadniaj\u0105 potrzeb\u0119 korzystania we wsp\u00f3\u0142czesnych badaniach pr\u00f3bkowych z kombinacji r\u00f3\u017cnych \u017ar\u00f3de\u0142 danych statystycznych oraz prezentuj\u0105 sposoby uwzgl\u0119dnienia informacji spoza pr\u00f3by na r\u00f3\u017cnych etapach badania. Szczeg\u00f3\u0142owo przedstawiaj\u0105 \u017ar\u00f3d\u0142a i rodzaje danych wykorzystywanych w najbardziej popularnych technikach pr\u00f3bkowania losowego i nielosowego. Omawiaj\u0105 i oceniaj\u0105 tak\u017ce r\u00f3\u017cne metody imputacji warto\u015bci brakuj\u0105cych. Ponadto du\u017co miejsca po\u015bwi\u0119caj\u0105 technikom wa\u017cenia i kalibracji, kt\u00f3rych w\u0142a\u015bciwe wykorzystanie mo\u017ce poprawi\u0107 struktur\u0119 pr\u00f3by, a ostatecznie przyczyni\u0107 si\u0119 do poprawy jako\u015bci wnioskowania. Prezentowane rozwi\u0105zania zosta\u0142y zilustrowane przyk\u0142adami liczbowymi, kt\u00f3re powinny u\u0142atwi\u0107 Czytelnikom ich zrozumienie.<\/p>\n","protected":false},"featured_media":17338,"template":"","meta":{"_acf_changed":false},"journal":[],"rodzaj":[],"seria":[],"product_brand":[],"product_cat":[6942,7309],"product_tag":[7611,7612],"class_list":{"0":"post-46550","1":"product","2":"type-product","3":"status-publish","4":"has-post-thumbnail","6":"product_cat-zarzadzanie","7":"product_cat-matematyka-i-informatyka","8":"product_tag-arkadiusz-kozlowskiarkadiusz-kozlowski","9":"product_tag-miroslaw-szredermiroslaw-szreder","11":"first","12":"outofstock","13":"taxable","14":"shipping-taxable","15":"purchasable","16":"product-type-simple"},"acf":[],"_links":{"self":[{"href":"https:\/\/wydawnictwo.ug.edu.pl\/en\/wp-json\/wp\/v2\/product\/46550","targetHints":{"allow":["GET"]}}],"collection":[{"href":"https:\/\/wydawnictwo.ug.edu.pl\/en\/wp-json\/wp\/v2\/product"}],"about":[{"href":"https:\/\/wydawnictwo.ug.edu.pl\/en\/wp-json\/wp\/v2\/types\/product"}],"wp:featuredmedia":[{"embeddable":true,"href":"https:\/\/wydawnictwo.ug.edu.pl\/en\/wp-json\/wp\/v2\/media\/17338"}],"wp:attachment":[{"href":"https:\/\/wydawnictwo.ug.edu.pl\/en\/wp-json\/wp\/v2\/media?parent=46550"}],"wp:term":[{"taxonomy":"journal","embeddable":true,"href":"https:\/\/wydawnictwo.ug.edu.pl\/en\/wp-json\/wp\/v2\/journal?post=46550"},{"taxonomy":"rodzaj","embeddable":true,"href":"https:\/\/wydawnictwo.ug.edu.pl\/en\/wp-json\/wp\/v2\/rodzaj?post=46550"},{"taxonomy":"seria","embeddable":true,"href":"https:\/\/wydawnictwo.ug.edu.pl\/en\/wp-json\/wp\/v2\/seria?post=46550"},{"taxonomy":"product_brand","embeddable":true,"href":"https:\/\/wydawnictwo.ug.edu.pl\/en\/wp-json\/wp\/v2\/product_brand?post=46550"},{"taxonomy":"product_cat","embeddable":true,"href":"https:\/\/wydawnictwo.ug.edu.pl\/en\/wp-json\/wp\/v2\/product_cat?post=46550"},{"taxonomy":"product_tag","embeddable":true,"href":"https:\/\/wydawnictwo.ug.edu.pl\/en\/wp-json\/wp\/v2\/product_tag?post=46550"}],"curies":[{"name":"wp","href":"https:\/\/api.w.org\/{rel}","templated":true}]}}