{"id":46549,"date":"2019-12-01T00:00:00","date_gmt":"2019-12-01T00:00:00","guid":{"rendered":"https:\/\/wydawnictwo.ug.edu.pl\/ksiegarnia-online\/uncategorized\/kapital-pracujacy-jako-wyznacznik-kondycji-finansowej-przedsiebiorstw-transportu-drogowego\/"},"modified":"2026-02-11T14:24:44","modified_gmt":"2026-02-11T14:24:44","slug":"kapital-pracujacy-jako-wyznacznik-kondycji-finansowej-przedsiebiorstw-transportu-drogowego","status":"publish","type":"product","link":"https:\/\/wydawnictwo.ug.edu.pl\/en\/ksiegarnia-online\/ekonomia\/kapital-pracujacy-jako-wyznacznik-kondycji-finansowej-przedsiebiorstw-transportu-drogowego\/","title":{"rendered":"Kapita\u0142 pracuj\u0105cy jako wyznacznik kondycji finansowej przedsi\u0119biorstw transportu drogowego"},"content":{"rendered":"","protected":false},"excerpt":{"rendered":"<p>Ksi\u0105\u017cka\u00a0<em>Kapita\u0142 pracuj\u0105cy jako narz\u0119dzie oceny kondycji finansowej przedsi\u0119biorstw transportu drogowego<\/em>\u00a0zawiera teoretyczne rozwa\u017cania dotycz\u0105ce kondycji finansowej przedsi\u0119biorstw transportowych, ze szczeg\u00f3lnym uwzgl\u0119dnieniem przedsi\u0119biorstw transportu drogowego, a tak\u017ce wyniki bada\u0144 empirycznych. Celem g\u0142\u00f3wnym publikacji jest przybli\u017cenie problematyki roli kapita\u0142u pracuj\u0105cego oraz wyodr\u0119bnienie czynnik\u00f3w go kszta\u0142tuj\u0105cych w przedsi\u0119biorstwach transportu drogowego. Ksi\u0105\u017cka sk\u0142ada si\u0119 z czterech rozdzia\u0142\u00f3w traktuj\u0105cych o: wp\u0142ywie otoczenia na dzia\u0142alno\u015b\u0107 przedsi\u0119biorstw transportu drogowego, kondycji finansowej przedsi\u0119biorstw transportowych, kapitale pracuj\u0105cym oraz praktycznych warto\u015bciach kapita\u0142u pracuj\u0105cego oraz innych narz\u0119dzi okre\u015blaj\u0105cych kondycj\u0119 finansow\u0105 w przedsi\u0119biorstwach transportu drogowego. Przeprowadzone zosta\u0142y badania empiryczne dotycz\u0105ce finansowych narz\u0119dzi kszta\u0142towania oceny kondycji finansowej, z wyr\u00f3\u017cnieniem roli kapita\u0142u pracuj\u0105cego w badanych przedsi\u0119biorstwach.<\/p>\n","protected":false},"featured_media":15297,"template":"","meta":{"_acf_changed":false},"journal":[],"rodzaj":[],"seria":[],"product_brand":[],"product_cat":[6934],"product_tag":[7996],"class_list":{"0":"post-46549","1":"product","2":"type-product","3":"status-publish","4":"has-post-thumbnail","6":"product_cat-ekonomia","7":"product_tag-malgorzata-jarocka","9":"first","10":"instock","11":"taxable","12":"shipping-taxable","13":"purchasable","14":"product-type-simple"},"acf":[],"_links":{"self":[{"href":"https:\/\/wydawnictwo.ug.edu.pl\/en\/wp-json\/wp\/v2\/product\/46549","targetHints":{"allow":["GET"]}}],"collection":[{"href":"https:\/\/wydawnictwo.ug.edu.pl\/en\/wp-json\/wp\/v2\/product"}],"about":[{"href":"https:\/\/wydawnictwo.ug.edu.pl\/en\/wp-json\/wp\/v2\/types\/product"}],"wp:featuredmedia":[{"embeddable":true,"href":"https:\/\/wydawnictwo.ug.edu.pl\/en\/wp-json\/wp\/v2\/media\/15297"}],"wp:attachment":[{"href":"https:\/\/wydawnictwo.ug.edu.pl\/en\/wp-json\/wp\/v2\/media?parent=46549"}],"wp:term":[{"taxonomy":"journal","embeddable":true,"href":"https:\/\/wydawnictwo.ug.edu.pl\/en\/wp-json\/wp\/v2\/journal?post=46549"},{"taxonomy":"rodzaj","embeddable":true,"href":"https:\/\/wydawnictwo.ug.edu.pl\/en\/wp-json\/wp\/v2\/rodzaj?post=46549"},{"taxonomy":"seria","embeddable":true,"href":"https:\/\/wydawnictwo.ug.edu.pl\/en\/wp-json\/wp\/v2\/seria?post=46549"},{"taxonomy":"product_brand","embeddable":true,"href":"https:\/\/wydawnictwo.ug.edu.pl\/en\/wp-json\/wp\/v2\/product_brand?post=46549"},{"taxonomy":"product_cat","embeddable":true,"href":"https:\/\/wydawnictwo.ug.edu.pl\/en\/wp-json\/wp\/v2\/product_cat?post=46549"},{"taxonomy":"product_tag","embeddable":true,"href":"https:\/\/wydawnictwo.ug.edu.pl\/en\/wp-json\/wp\/v2\/product_tag?post=46549"}],"curies":[{"name":"wp","href":"https:\/\/api.w.org\/{rel}","templated":true}]}}