{"id":46547,"date":"2019-12-01T00:00:00","date_gmt":"2019-12-01T00:00:00","guid":{"rendered":"https:\/\/wydawnictwo.ug.edu.pl\/ksiegarnia-online\/uncategorized\/views-on-quality-of-tax-regulations-on-real-property-polish-and-russian-experiences\/"},"modified":"2026-02-11T14:30:58","modified_gmt":"2026-02-11T14:30:58","slug":"views-on-quality-of-tax-regulations-on-real-property-polish-and-russian-experiences","status":"publish","type":"product","link":"https:\/\/wydawnictwo.ug.edu.pl\/en\/ksiegarnia-online\/prawo-i-administracja\/views-on-quality-of-tax-regulations-on-real-property-polish-and-russian-experiences\/","title":{"rendered":"Views on quality of tax regulations on real property. Polish and Russian experiences"},"content":{"rendered":"","protected":false},"excerpt":{"rendered":"<p>Problem jako\u015bci prawa to kwestia niezmiernie wa\u017cna, wp\u0142ywaj\u0105ca na poziom pewno\u015bci sytuacji prawnej adresat\u00f3w norm prawnych. Wysoka jako\u015b\u0107 prawa jest po\u017c\u0105dana, buduje zaufanie do pa\u0144stwa, \u015bwiadczy o praworz\u0105dno\u015bci, dba\u0142o\u015bci o ochron\u0119 interesu obywateli. Stanowczo i wyra\u017anie formu\u0142owane s\u0105 postulaty konieczno\u015bci dbania ustawodawcy o wysoki poziom regulacji prawnych. Jednocze\u015bnie trzeba by\u0107 \u015bwiadomym, \u017ce osi\u0105gni\u0119cie tego celu, we wci\u0105\u017c zmieniaj\u0105cej si\u0119 rzeczywisto\u015bci wsp\u00f3\u0142czesnego \u015bwiata jest trudne, w szczeg\u00f3lno\u015bci w zakresie prawa podatkowego. Wyj\u0105tkiem w tym zakresie nie s\u0105 regulacje dotycz\u0105ce opodatkowania nieruchomo\u015bci, mimo \u017ce jest to jeden z przedmiot\u00f3w, kt\u00f3re najwcze\u015bniej podlega\u0142y opodatkowaniu.<br \/>\nCelem niniejszej pracy jest analiza jako\u015bci regulacji prawnych dotycz\u0105cych opodatkowania nieruchomo\u015bci w Polsce i Rosji.<\/p>\n<p>Jako\u015b\u0107 prawa to warto\u015b\u0107 demokratycznych pa\u0144stw prawa. Nale\u017cy zda\u0107 sobie jednak\u00a0 spraw\u0119 z\u00a0tego, \u017ce wiele czynnik\u00f3w wp\u0142ywa na budowanie jako\u015bci prawa. Jest to problem z\u0142o\u017cony. W tym kontek\u015bcie zaskakuj\u0105ce mo\u017ce okaza\u0107 si\u0119 to, \u017ce nie jest ona jednolicie rozumiana.<\/p>\n<p>W publikacji przedstawione s\u0105 pogl\u0105dy przedstawicieli nauki w Rosji i Polsce na problem jako\u015bci prawa. Ponadto zostan\u0105 om\u00f3wione, przy zachowaniu odpowiedniego stopnia og\u00f3lno\u015bci, krajowe regulacje dotycz\u0105ce opodatkowania nieruchomo\u015bci, co b\u0119dzie stanowi\u0107 przyczynek do przeprowadzenia rozwa\u017ca\u0144 w zakresie konkretnych kwestii, problem\u00f3w, aspekt\u00f3w i do\u015bwiadcze\u0144 zwi\u0105zanych z jako\u015bci\u0105 przepis\u00f3w podatkowych dotycz\u0105cych opodatkowania nieruchomo\u015bci w Polsce i Rosji.<\/p>\n","protected":false},"featured_media":16503,"template":"","meta":{"_acf_changed":false},"journal":[],"rodzaj":[],"seria":[],"product_brand":[],"product_cat":[6932],"product_tag":[7907,7994],"class_list":{"0":"post-46547","1":"product","2":"type-product","3":"status-publish","4":"has-post-thumbnail","6":"product_cat-prawo-i-administracja","7":"product_tag-anna-drywa","8":"product_tag-svetlana-mironova","9":"pa_rok-wydania-2020-en","11":"first","12":"outofstock","13":"taxable","14":"shipping-taxable","15":"purchasable","16":"product-type-simple"},"acf":[],"_links":{"self":[{"href":"https:\/\/wydawnictwo.ug.edu.pl\/en\/wp-json\/wp\/v2\/product\/46547","targetHints":{"allow":["GET"]}}],"collection":[{"href":"https:\/\/wydawnictwo.ug.edu.pl\/en\/wp-json\/wp\/v2\/product"}],"about":[{"href":"https:\/\/wydawnictwo.ug.edu.pl\/en\/wp-json\/wp\/v2\/types\/product"}],"wp:featuredmedia":[{"embeddable":true,"href":"https:\/\/wydawnictwo.ug.edu.pl\/en\/wp-json\/wp\/v2\/media\/16503"}],"wp:attachment":[{"href":"https:\/\/wydawnictwo.ug.edu.pl\/en\/wp-json\/wp\/v2\/media?parent=46547"}],"wp:term":[{"taxonomy":"journal","embeddable":true,"href":"https:\/\/wydawnictwo.ug.edu.pl\/en\/wp-json\/wp\/v2\/journal?post=46547"},{"taxonomy":"rodzaj","embeddable":true,"href":"https:\/\/wydawnictwo.ug.edu.pl\/en\/wp-json\/wp\/v2\/rodzaj?post=46547"},{"taxonomy":"seria","embeddable":true,"href":"https:\/\/wydawnictwo.ug.edu.pl\/en\/wp-json\/wp\/v2\/seria?post=46547"},{"taxonomy":"product_brand","embeddable":true,"href":"https:\/\/wydawnictwo.ug.edu.pl\/en\/wp-json\/wp\/v2\/product_brand?post=46547"},{"taxonomy":"product_cat","embeddable":true,"href":"https:\/\/wydawnictwo.ug.edu.pl\/en\/wp-json\/wp\/v2\/product_cat?post=46547"},{"taxonomy":"product_tag","embeddable":true,"href":"https:\/\/wydawnictwo.ug.edu.pl\/en\/wp-json\/wp\/v2\/product_tag?post=46547"}],"curies":[{"name":"wp","href":"https:\/\/api.w.org\/{rel}","templated":true}]}}