{"id":46545,"date":"2019-12-01T00:00:00","date_gmt":"2019-12-01T00:00:00","guid":{"rendered":"https:\/\/wydawnictwo.ug.edu.pl\/ksiegarnia-online\/uncategorized\/lad-logistyczny-w-gospodarowaniu\/"},"modified":"2026-02-11T14:24:09","modified_gmt":"2026-02-11T14:24:09","slug":"lad-logistyczny-w-gospodarowaniu","status":"publish","type":"product","link":"https:\/\/wydawnictwo.ug.edu.pl\/en\/ksiegarnia-online\/ekonomia\/lad-logistyczny-w-gospodarowaniu\/","title":{"rendered":"\u0141ad logistyczny w gospodarowaniu"},"content":{"rendered":"","protected":false},"excerpt":{"rendered":"<p>G\u0142\u00f3wnym celem poznawczym monografii jest opracowanie i zaprezentowanie w uj\u0119ciu systemowo-procesowym utylitarnego, deskryptywnego modelu organizacji i funkcjonowania system\u00f3w wsparcia logistycznego w przedsi\u0119biorstwach i innych organizacjach \u2013 modelu funkcjonowania logistyki w systemach spo\u0142eczno-gospodarczych. Wymuszany przez ten model systemowo-procesowy porz\u0105dek identyfikacji proces\u00f3w g\u0142\u00f3wnych (np. proces\u00f3w produkcyjnych, handlowych) i obs\u0142uguj\u0105cych ich proces\u00f3w logistycznych oraz relacji pomi\u0119dzy tymi procesami jest praktycznym narz\u0119dziem umo\u017cliwiaj\u0105cym w\u0142a\u015bciwe, dobre, racjonalne gospodarowanie wszelkimi systemami spo\u0142eczno-gospodarczymi.<\/p>\n<p>Ksi\u0105\u017cka finansowana w ramach Programu ProUG.<\/p>\n","protected":false},"featured_media":16127,"template":"","meta":{"_acf_changed":false},"journal":[],"rodzaj":[],"seria":[],"product_brand":[],"product_cat":[6934],"product_tag":[7862],"class_list":{"0":"post-46545","1":"product","2":"type-product","3":"status-publish","4":"has-post-thumbnail","6":"product_cat-ekonomia","7":"product_tag-miroslaw-chaberekmiroslaw-chaberek","8":"pa_rok-wydania-2020-en","10":"first","11":"instock","12":"taxable","13":"shipping-taxable","14":"purchasable","15":"product-type-external"},"acf":[],"_links":{"self":[{"href":"https:\/\/wydawnictwo.ug.edu.pl\/en\/wp-json\/wp\/v2\/product\/46545","targetHints":{"allow":["GET"]}}],"collection":[{"href":"https:\/\/wydawnictwo.ug.edu.pl\/en\/wp-json\/wp\/v2\/product"}],"about":[{"href":"https:\/\/wydawnictwo.ug.edu.pl\/en\/wp-json\/wp\/v2\/types\/product"}],"wp:featuredmedia":[{"embeddable":true,"href":"https:\/\/wydawnictwo.ug.edu.pl\/en\/wp-json\/wp\/v2\/media\/16127"}],"wp:attachment":[{"href":"https:\/\/wydawnictwo.ug.edu.pl\/en\/wp-json\/wp\/v2\/media?parent=46545"}],"wp:term":[{"taxonomy":"journal","embeddable":true,"href":"https:\/\/wydawnictwo.ug.edu.pl\/en\/wp-json\/wp\/v2\/journal?post=46545"},{"taxonomy":"rodzaj","embeddable":true,"href":"https:\/\/wydawnictwo.ug.edu.pl\/en\/wp-json\/wp\/v2\/rodzaj?post=46545"},{"taxonomy":"seria","embeddable":true,"href":"https:\/\/wydawnictwo.ug.edu.pl\/en\/wp-json\/wp\/v2\/seria?post=46545"},{"taxonomy":"product_brand","embeddable":true,"href":"https:\/\/wydawnictwo.ug.edu.pl\/en\/wp-json\/wp\/v2\/product_brand?post=46545"},{"taxonomy":"product_cat","embeddable":true,"href":"https:\/\/wydawnictwo.ug.edu.pl\/en\/wp-json\/wp\/v2\/product_cat?post=46545"},{"taxonomy":"product_tag","embeddable":true,"href":"https:\/\/wydawnictwo.ug.edu.pl\/en\/wp-json\/wp\/v2\/product_tag?post=46545"}],"curies":[{"name":"wp","href":"https:\/\/api.w.org\/{rel}","templated":true}]}}