{"id":46542,"date":"2019-12-01T00:00:00","date_gmt":"2019-12-01T00:00:00","guid":{"rendered":"https:\/\/wydawnictwo.ug.edu.pl\/ksiegarnia-online\/uncategorized\/bezpieczenstwo-systemow-informatycznych-firm-i-instytucji\/"},"modified":"2026-02-11T14:24:33","modified_gmt":"2026-02-11T14:24:33","slug":"bezpieczenstwo-systemow-informatycznych-firm-i-instytucji","status":"publish","type":"product","link":"https:\/\/wydawnictwo.ug.edu.pl\/en\/ksiegarnia-online\/matematyka-i-informatyka\/bezpieczenstwo-systemow-informatycznych-firm-i-instytucji\/","title":{"rendered":"Bezpiecze\u0144stwo system\u00f3w informatycznych firm i instytucji"},"content":{"rendered":"","protected":false},"excerpt":{"rendered":"<p>W dobie spo\u0142ecze\u0144stwa informacyjnego zarz\u0105dzanie bezpiecze\u0144stwem informacji jest kluczowym elementem pozwalaj\u0105cym funkcjonowa\u0107 instytucjom oraz przedsi\u0119biorcom. Zapewnienie poufno\u015bci, integralno\u015bci oraz dost\u0119pno\u015bci informacji wynika z przepis\u00f3w prawa, a tak\u017ce warunkuje poprawne i efektywne realizowanie prowadzonych dzia\u0142a\u0144. Systemy informatyczne praktycznie wszystkich nowoczesnych organizacji opieraj\u0105 si\u0119 o rozwi\u0105zania serwerowe. Publikacja obejmuje zagadnienia zwi\u0105zane z bezpiecze\u0144stwem serwer\u00f3w w aspekcie \u015brodowiska pracy, sprz\u0119tu i system\u00f3w operacyjnych, ze szczeg\u00f3lnym uwzgl\u0119dnieniem system\u00f3w z rodziny Linux. Om\u00f3wiono w niej techniki i metody stosowanych obecnie zabezpiecze\u0144 w kontek\u015bcie zidentyfikowanych zagro\u017ce\u0144 oraz podatno\u015bci. Zaprezentowano normy, przepisy i metodyki odnosz\u0105ce si\u0119 do zarz\u0105dzania bezpiecze\u0144stwem informacji i analizy ryzyka w systemach informatycznych, jak r\u00f3wnie\u017c odniesiono si\u0119 do najnowszych bada\u0144 prowadzonych nad efektywno\u015bci\u0105 zabezpiecze\u0144 i mo\u017cliwo\u015bci\u0105 ich prze\u0142amywania.<\/p>\n","protected":false},"featured_media":15659,"template":"","meta":{"_acf_changed":false},"journal":[],"rodzaj":[],"seria":[],"product_brand":[],"product_cat":[7309],"product_tag":[7991],"class_list":{"0":"post-46542","1":"product","2":"type-product","3":"status-publish","4":"has-post-thumbnail","6":"product_cat-matematyka-i-informatyka","7":"product_tag-przemyslaw-jatkiewiczprzemyslaw-jatkiewicz","8":"pa_rok-wydania-2020-en","10":"first","11":"outofstock","12":"taxable","13":"shipping-taxable","14":"purchasable","15":"product-type-simple"},"acf":[],"_links":{"self":[{"href":"https:\/\/wydawnictwo.ug.edu.pl\/en\/wp-json\/wp\/v2\/product\/46542","targetHints":{"allow":["GET"]}}],"collection":[{"href":"https:\/\/wydawnictwo.ug.edu.pl\/en\/wp-json\/wp\/v2\/product"}],"about":[{"href":"https:\/\/wydawnictwo.ug.edu.pl\/en\/wp-json\/wp\/v2\/types\/product"}],"wp:featuredmedia":[{"embeddable":true,"href":"https:\/\/wydawnictwo.ug.edu.pl\/en\/wp-json\/wp\/v2\/media\/15659"}],"wp:attachment":[{"href":"https:\/\/wydawnictwo.ug.edu.pl\/en\/wp-json\/wp\/v2\/media?parent=46542"}],"wp:term":[{"taxonomy":"journal","embeddable":true,"href":"https:\/\/wydawnictwo.ug.edu.pl\/en\/wp-json\/wp\/v2\/journal?post=46542"},{"taxonomy":"rodzaj","embeddable":true,"href":"https:\/\/wydawnictwo.ug.edu.pl\/en\/wp-json\/wp\/v2\/rodzaj?post=46542"},{"taxonomy":"seria","embeddable":true,"href":"https:\/\/wydawnictwo.ug.edu.pl\/en\/wp-json\/wp\/v2\/seria?post=46542"},{"taxonomy":"product_brand","embeddable":true,"href":"https:\/\/wydawnictwo.ug.edu.pl\/en\/wp-json\/wp\/v2\/product_brand?post=46542"},{"taxonomy":"product_cat","embeddable":true,"href":"https:\/\/wydawnictwo.ug.edu.pl\/en\/wp-json\/wp\/v2\/product_cat?post=46542"},{"taxonomy":"product_tag","embeddable":true,"href":"https:\/\/wydawnictwo.ug.edu.pl\/en\/wp-json\/wp\/v2\/product_tag?post=46542"}],"curies":[{"name":"wp","href":"https:\/\/api.w.org\/{rel}","templated":true}]}}