{"id":46541,"date":"2019-12-01T00:00:00","date_gmt":"2019-12-01T00:00:00","guid":{"rendered":"https:\/\/wydawnictwo.ug.edu.pl\/ksiegarnia-online\/uncategorized\/paradygmat-systemowy-w-innowacyjnosci-geneza-ewolucja-i-ocena\/"},"modified":"2026-02-11T14:24:14","modified_gmt":"2026-02-11T14:24:14","slug":"paradygmat-systemowy-w-innowacyjnosci-geneza-ewolucja-i-ocena","status":"publish","type":"product","link":"https:\/\/wydawnictwo.ug.edu.pl\/en\/ksiegarnia-online\/zarzadzanie\/paradygmat-systemowy-w-innowacyjnosci-geneza-ewolucja-i-ocena\/","title":{"rendered":"Paradygmat systemowy w innowacyjno\u015bci. Geneza, ewolucja i ocena"},"content":{"rendered":"","protected":false},"excerpt":{"rendered":"<p>G\u0142\u00f3wnym celem ksi\u0105\u017cki jest przedstawienie genezy, podstaw teoretycznych, za\u0142o\u017ce\u0144, form zastosowa\u0144 \u2013 od poziomu makro, przez mezo, po mikro \u2013 i ewolucji podej\u015bcia systemowego w innowacyjno\u015bci oraz ocena znaczenia tego podej\u015bcia dla innowacyjno\u015bci i rozwoju. Badano wp\u0142yw interakcji mi\u0119dzy r\u00f3\u017cnymi elementami systemu innowacyjnego na ich rezultaty w uj\u0119ciu innowacyjno\u015bci i dla rozwoju na r\u00f3\u017cnych poziomach: makro, mezo i mikro. Oceny dokonano, opieraj\u0105c si\u0119 na badaniach w\u0142asnych i literaturze. Ponadto przy uwzgl\u0119dnieniu podej\u015bcia systemowego, kt\u00f3re jest nastawione na praktyczne wyniki, kt\u00f3re mog\u0105 by\u00e6 osi\u0105gane na r\u00f3\u017cne sposoby, szczeg\u00f3lnie w systemach spo\u0142ecznych, stosuje si\u0119 te\u017c analiz\u0119 rezultatu w celu odnalezienia przyczyn sukcesu. D\u0105\u017cono do odkrycia i scharakteryzowania \u201eszarych skrzynek\u201d system\u00f3w innowacyjnych, tj. ich nie do ko\u0144ca jasnej struktury, w\u0142a\u015bciwo\u015bci oraz mechanizm\u00f3w i zachowa\u0144. Podej\u015bcie to jest zastosowane w odniesieniu do regionalnych system\u00f3w innowacji w Unii Europejskiej. W wypadku ekosystem\u00f3w innowacyjnych inteligentnych specjalizacji zak\u0142ada si\u0119, \u017ce je\u015bli stanowi\u0105 one ekosystemy innowacyjne i spe\u0142niaj\u0105 cele i wymogi postawione przy ich wyznaczaniu, to powinny da\u0107 efekt pobudzenia rozwoju \u2013 zosta\u0142o to sprawdzone dla Polski za lata 2012\u20132018.<\/p>\n","protected":false},"featured_media":16121,"template":"","meta":{"_acf_changed":false},"journal":[],"rodzaj":[],"seria":[],"product_brand":[],"product_cat":[6942],"product_tag":[7990],"class_list":{"0":"post-46541","1":"product","2":"type-product","3":"status-publish","4":"has-post-thumbnail","6":"product_cat-zarzadzanie","7":"product_tag-elzbieta-wojnicka-sycz","8":"pa_rok-wydania-2020-en","10":"first","11":"outofstock","12":"taxable","13":"shipping-taxable","14":"purchasable","15":"product-type-simple"},"acf":[],"_links":{"self":[{"href":"https:\/\/wydawnictwo.ug.edu.pl\/en\/wp-json\/wp\/v2\/product\/46541","targetHints":{"allow":["GET"]}}],"collection":[{"href":"https:\/\/wydawnictwo.ug.edu.pl\/en\/wp-json\/wp\/v2\/product"}],"about":[{"href":"https:\/\/wydawnictwo.ug.edu.pl\/en\/wp-json\/wp\/v2\/types\/product"}],"wp:featuredmedia":[{"embeddable":true,"href":"https:\/\/wydawnictwo.ug.edu.pl\/en\/wp-json\/wp\/v2\/media\/16121"}],"wp:attachment":[{"href":"https:\/\/wydawnictwo.ug.edu.pl\/en\/wp-json\/wp\/v2\/media?parent=46541"}],"wp:term":[{"taxonomy":"journal","embeddable":true,"href":"https:\/\/wydawnictwo.ug.edu.pl\/en\/wp-json\/wp\/v2\/journal?post=46541"},{"taxonomy":"rodzaj","embeddable":true,"href":"https:\/\/wydawnictwo.ug.edu.pl\/en\/wp-json\/wp\/v2\/rodzaj?post=46541"},{"taxonomy":"seria","embeddable":true,"href":"https:\/\/wydawnictwo.ug.edu.pl\/en\/wp-json\/wp\/v2\/seria?post=46541"},{"taxonomy":"product_brand","embeddable":true,"href":"https:\/\/wydawnictwo.ug.edu.pl\/en\/wp-json\/wp\/v2\/product_brand?post=46541"},{"taxonomy":"product_cat","embeddable":true,"href":"https:\/\/wydawnictwo.ug.edu.pl\/en\/wp-json\/wp\/v2\/product_cat?post=46541"},{"taxonomy":"product_tag","embeddable":true,"href":"https:\/\/wydawnictwo.ug.edu.pl\/en\/wp-json\/wp\/v2\/product_tag?post=46541"}],"curies":[{"name":"wp","href":"https:\/\/api.w.org\/{rel}","templated":true}]}}