{"id":46540,"date":"2019-12-01T00:00:00","date_gmt":"2019-12-01T00:00:00","guid":{"rendered":"https:\/\/wydawnictwo.ug.edu.pl\/ksiegarnia-online\/uncategorized\/logistyka-informacji-w-gospodarce-4-0\/"},"modified":"2026-02-11T14:23:57","modified_gmt":"2026-02-11T14:23:57","slug":"logistyka-informacji-w-gospodarce-4-0","status":"publish","type":"product","link":"https:\/\/wydawnictwo.ug.edu.pl\/en\/ksiegarnia-online\/ekonomia\/logistyka-informacji-w-gospodarce-4-0\/","title":{"rendered":"Logistyka informacji w gospodarce 4.0"},"content":{"rendered":"","protected":false},"excerpt":{"rendered":"<p>Monografia przedstawia oraz syntetyzuje zagadnienia zwi\u0105zane z gospodark\u0105 4.0 oraz wyzwaniami, jakie stoj\u0105 przed przedsi\u0119biorstwami zwi\u0105zanymi z budowaniem przewagi konkurencyjnej.<\/p>\n<p>Ksi\u0105\u017cka skierowana jest do wszystkich os\u00f3b zainteresowanych nowoczesnymi narz\u0119dziami logistyki informacji w gospodarce 4.0, r\u00f3wnie\u017c do student\u00f3w o profilu ekonomicznym zainteresowanych tematyk\u0105 logistyki informacji w procesach decyzyjnych oraz w procesach budowania przewagi konkurencyjnej.<\/p>\n<p><strong>Ksi\u0105\u017cka finansowana w ramach Programu ProUG.<\/strong><\/p>\n","protected":false},"featured_media":16239,"template":"","meta":{"_acf_changed":false},"journal":[],"rodzaj":[],"seria":[],"product_brand":[],"product_cat":[6934],"product_tag":[7366,7367],"class_list":{"0":"post-46540","1":"product","2":"type-product","3":"status-publish","4":"has-post-thumbnail","6":"product_cat-ekonomia","7":"product_tag-dariusz-weiland","8":"product_tag-patryk-wierzbowski","9":"pa_rok-wydania-2020-en","11":"first","12":"instock","13":"taxable","14":"shipping-taxable","15":"purchasable","16":"product-type-external"},"acf":[],"_links":{"self":[{"href":"https:\/\/wydawnictwo.ug.edu.pl\/en\/wp-json\/wp\/v2\/product\/46540","targetHints":{"allow":["GET"]}}],"collection":[{"href":"https:\/\/wydawnictwo.ug.edu.pl\/en\/wp-json\/wp\/v2\/product"}],"about":[{"href":"https:\/\/wydawnictwo.ug.edu.pl\/en\/wp-json\/wp\/v2\/types\/product"}],"wp:featuredmedia":[{"embeddable":true,"href":"https:\/\/wydawnictwo.ug.edu.pl\/en\/wp-json\/wp\/v2\/media\/16239"}],"wp:attachment":[{"href":"https:\/\/wydawnictwo.ug.edu.pl\/en\/wp-json\/wp\/v2\/media?parent=46540"}],"wp:term":[{"taxonomy":"journal","embeddable":true,"href":"https:\/\/wydawnictwo.ug.edu.pl\/en\/wp-json\/wp\/v2\/journal?post=46540"},{"taxonomy":"rodzaj","embeddable":true,"href":"https:\/\/wydawnictwo.ug.edu.pl\/en\/wp-json\/wp\/v2\/rodzaj?post=46540"},{"taxonomy":"seria","embeddable":true,"href":"https:\/\/wydawnictwo.ug.edu.pl\/en\/wp-json\/wp\/v2\/seria?post=46540"},{"taxonomy":"product_brand","embeddable":true,"href":"https:\/\/wydawnictwo.ug.edu.pl\/en\/wp-json\/wp\/v2\/product_brand?post=46540"},{"taxonomy":"product_cat","embeddable":true,"href":"https:\/\/wydawnictwo.ug.edu.pl\/en\/wp-json\/wp\/v2\/product_cat?post=46540"},{"taxonomy":"product_tag","embeddable":true,"href":"https:\/\/wydawnictwo.ug.edu.pl\/en\/wp-json\/wp\/v2\/product_tag?post=46540"}],"curies":[{"name":"wp","href":"https:\/\/api.w.org\/{rel}","templated":true}]}}