{"id":46537,"date":"2019-12-01T00:00:00","date_gmt":"2019-12-01T00:00:00","guid":{"rendered":"https:\/\/wydawnictwo.ug.edu.pl\/ksiegarnia-online\/uncategorized\/kultury-uniwersytetu\/"},"modified":"2026-02-11T14:30:35","modified_gmt":"2026-02-11T14:30:35","slug":"kultury-uniwersytetu","status":"publish","type":"product","link":"https:\/\/wydawnictwo.ug.edu.pl\/en\/ksiegarnia-online\/socjologia\/kultury-uniwersytetu\/","title":{"rendered":"Kultury uniwersytetu"},"content":{"rendered":"","protected":false},"excerpt":{"rendered":"<p>Monografia stanowi empiryczne studium funkcjonowania uniwersytetu jako organizacji zrealizowane w krytycznym paradygmacie nauk spo\u0142ecznych. Autor, wyr\u00f3\u017cniwszy i opisawszy r\u00f3\u017cnorakie kultury akademickie uczonych, dokonuje pog\u0142\u0119bionego wgl\u0105du nie tylko w stan wa\u017cnej dla spo\u0142ecze\u0144stwa instytucji uniwersytetu, ale tak\u017ce sposob\u00f3w jego badawczego eksplorowania.<\/p>\n<p>Ksi\u0105\u017cka w serii Dissertationes Laudatissimae Universitas Gedanensis.<\/p>\n","protected":false},"featured_media":16844,"template":"","meta":{"_acf_changed":false},"journal":[],"rodzaj":[7077,7076],"seria":[7797],"product_brand":[],"product_cat":[6953],"product_tag":[7490],"class_list":{"0":"post-46537","1":"product","2":"type-product","3":"status-publish","4":"has-post-thumbnail","6":"rodzaj-czasopismo","7":"rodzaj-serie-wydawnicze","8":"seria-dissertationes-laudatissimae-universitas-gedanensis","9":"product_cat-socjologia","10":"product_tag-jaroslaw-jendzajaroslaw-jendza","11":"pa_rok-wydania-2020-en","13":"first","14":"outofstock","15":"taxable","16":"shipping-taxable","17":"purchasable","18":"product-type-simple"},"acf":[],"_links":{"self":[{"href":"https:\/\/wydawnictwo.ug.edu.pl\/en\/wp-json\/wp\/v2\/product\/46537","targetHints":{"allow":["GET"]}}],"collection":[{"href":"https:\/\/wydawnictwo.ug.edu.pl\/en\/wp-json\/wp\/v2\/product"}],"about":[{"href":"https:\/\/wydawnictwo.ug.edu.pl\/en\/wp-json\/wp\/v2\/types\/product"}],"wp:featuredmedia":[{"embeddable":true,"href":"https:\/\/wydawnictwo.ug.edu.pl\/en\/wp-json\/wp\/v2\/media\/16844"}],"wp:attachment":[{"href":"https:\/\/wydawnictwo.ug.edu.pl\/en\/wp-json\/wp\/v2\/media?parent=46537"}],"wp:term":[{"taxonomy":"journal","embeddable":true,"href":"https:\/\/wydawnictwo.ug.edu.pl\/en\/wp-json\/wp\/v2\/journal?post=46537"},{"taxonomy":"rodzaj","embeddable":true,"href":"https:\/\/wydawnictwo.ug.edu.pl\/en\/wp-json\/wp\/v2\/rodzaj?post=46537"},{"taxonomy":"seria","embeddable":true,"href":"https:\/\/wydawnictwo.ug.edu.pl\/en\/wp-json\/wp\/v2\/seria?post=46537"},{"taxonomy":"product_brand","embeddable":true,"href":"https:\/\/wydawnictwo.ug.edu.pl\/en\/wp-json\/wp\/v2\/product_brand?post=46537"},{"taxonomy":"product_cat","embeddable":true,"href":"https:\/\/wydawnictwo.ug.edu.pl\/en\/wp-json\/wp\/v2\/product_cat?post=46537"},{"taxonomy":"product_tag","embeddable":true,"href":"https:\/\/wydawnictwo.ug.edu.pl\/en\/wp-json\/wp\/v2\/product_tag?post=46537"}],"curies":[{"name":"wp","href":"https:\/\/api.w.org\/{rel}","templated":true}]}}