{"id":46533,"date":"2019-12-01T00:00:00","date_gmt":"2019-12-01T00:00:00","guid":{"rendered":"https:\/\/wydawnictwo.ug.edu.pl\/ksiegarnia-online\/uncategorized\/ujecie-i-wycena-nabytej-wartosci-firmy-w-kontekscie-uzytecznosci-sprawozdania-finansowego\/"},"modified":"2026-02-11T14:23:58","modified_gmt":"2026-02-11T14:23:58","slug":"ujecie-i-wycena-nabytej-wartosci-firmy-w-kontekscie-uzytecznosci-sprawozdania-finansowego","status":"publish","type":"product","link":"https:\/\/wydawnictwo.ug.edu.pl\/en\/ksiegarnia-online\/zarzadzanie\/ujecie-i-wycena-nabytej-wartosci-firmy-w-kontekscie-uzytecznosci-sprawozdania-finansowego\/","title":{"rendered":"Uj\u0119cie i wycena nabytej warto\u015bci firmy w kontek\u015bcie u\u017cyteczno\u015bci sprawozdania finansowego"},"content":{"rendered":"","protected":false},"excerpt":{"rendered":"<p>Warto\u015b\u0107 firmy nale\u017cy do najbardziej kontrowersyjnych kategorii w ramach prawa bilansowego. Na przestrzeni dziesi\u0119cioleci wielokrotnie zmienia\u0142o si\u0119 podej\u015bcie ksi\u0119gowe do tego sk\u0142adnika aktyw\u00f3w. Popularnymi rozwi\u0105zaniami by\u0142y:<\/p>\n<ul>\n<li>aktywowanie nawet wygenerowanej wewn\u0119trznie warto\u015bci firmy,<\/li>\n<li>kompensowanie warto\u015bci firmy z kapita\u0142ami w\u0142asnymi bez wp\u0142ywu na wynik okresu,<\/li>\n<li>amortyzowanie omawianej kategorii przez okres od 4 do 40 lat,<\/li>\n<li>permanentne utrzymywanie jej w bilansie przy wycenie po koszcie historycznym.<\/li>\n<\/ul>\n<p>Tak\u017ce i obecnie nie ma zgodno\u015bci mi\u0119dzy przepisami krajowymi ( ustawa o rachunkowo\u015bci ) a mi\u0119dzynarodowymi (MSSF, US GAAP). Niniejsze opracowanie ukazuje ewolucj\u0119 rozumienia czym jest warto\u015b\u0107 firmy, jak zmienia\u0142a si\u0119 jej wycena na moment pocz\u0105tkowego uj\u0119cia i kolejny dzie\u0144 bilansowy. Te rozwa\u017cania s\u0105 punktem wyj\u015bcia do analizy na ile obecne rozstrzygni\u0119cia s\u0105 zgodne z nadrz\u0119dnymi zasadami rachunkowo\u015bci i jakie s\u0105 tego konsekwencje dla sprawozdawczo\u015bci podmiot\u00f3w notowanych na gie\u0142dach Polski, Wielkiej Brytanii, USA i Niemiec. Ponadto autor zaproponowa\u0142 w\u0142asn\u0105, autorsk\u0105 koncepcj\u0119 ujmowania i rozliczania tej kontrowersyjnej kategorii bilansowej.<\/p>\n","protected":false},"featured_media":16237,"template":"","meta":{"_acf_changed":false},"journal":[],"rodzaj":[],"seria":[],"product_brand":[],"product_cat":[6942],"product_tag":[7984],"class_list":{"0":"post-46533","1":"product","2":"type-product","3":"status-publish","4":"has-post-thumbnail","6":"product_cat-zarzadzanie","7":"product_tag-maciej-gieruszmaciej-gierusz","8":"pa_rok-wydania-2020-en","10":"first","11":"outofstock","12":"taxable","13":"shipping-taxable","14":"purchasable","15":"product-type-simple"},"acf":[],"_links":{"self":[{"href":"https:\/\/wydawnictwo.ug.edu.pl\/en\/wp-json\/wp\/v2\/product\/46533","targetHints":{"allow":["GET"]}}],"collection":[{"href":"https:\/\/wydawnictwo.ug.edu.pl\/en\/wp-json\/wp\/v2\/product"}],"about":[{"href":"https:\/\/wydawnictwo.ug.edu.pl\/en\/wp-json\/wp\/v2\/types\/product"}],"wp:featuredmedia":[{"embeddable":true,"href":"https:\/\/wydawnictwo.ug.edu.pl\/en\/wp-json\/wp\/v2\/media\/16237"}],"wp:attachment":[{"href":"https:\/\/wydawnictwo.ug.edu.pl\/en\/wp-json\/wp\/v2\/media?parent=46533"}],"wp:term":[{"taxonomy":"journal","embeddable":true,"href":"https:\/\/wydawnictwo.ug.edu.pl\/en\/wp-json\/wp\/v2\/journal?post=46533"},{"taxonomy":"rodzaj","embeddable":true,"href":"https:\/\/wydawnictwo.ug.edu.pl\/en\/wp-json\/wp\/v2\/rodzaj?post=46533"},{"taxonomy":"seria","embeddable":true,"href":"https:\/\/wydawnictwo.ug.edu.pl\/en\/wp-json\/wp\/v2\/seria?post=46533"},{"taxonomy":"product_brand","embeddable":true,"href":"https:\/\/wydawnictwo.ug.edu.pl\/en\/wp-json\/wp\/v2\/product_brand?post=46533"},{"taxonomy":"product_cat","embeddable":true,"href":"https:\/\/wydawnictwo.ug.edu.pl\/en\/wp-json\/wp\/v2\/product_cat?post=46533"},{"taxonomy":"product_tag","embeddable":true,"href":"https:\/\/wydawnictwo.ug.edu.pl\/en\/wp-json\/wp\/v2\/product_tag?post=46533"}],"curies":[{"name":"wp","href":"https:\/\/api.w.org\/{rel}","templated":true}]}}