{"id":46531,"date":"2017-12-01T00:00:00","date_gmt":"2017-12-01T00:00:00","guid":{"rendered":"https:\/\/wydawnictwo.ug.edu.pl\/ksiegarnia-online\/uncategorized\/zarzadzanie-finansami-osobistymi-teoria-i-praktyka\/"},"modified":"2026-02-11T15:56:24","modified_gmt":"2026-02-11T15:56:24","slug":"zarzadzanie-finansami-osobistymi-teoria-i-praktyka","status":"publish","type":"product","link":"https:\/\/wydawnictwo.ug.edu.pl\/en\/ksiegarnia-online\/zarzadzanie\/zarzadzanie-finansami-osobistymi-teoria-i-praktyka\/","title":{"rendered":"Zarz\u0105dzanie finansami osobistymi \u2013 teoria i praktyka"},"content":{"rendered":"","protected":false},"excerpt":{"rendered":"<p>Ksi\u0105\u017cka nie jest o tym: \u201ejak zosta\u0107 bogatym\u201d, ale o tym, jak utrzyma\u0107 p\u0142ynno\u015b\u0107 finansow\u0105 przez ca\u0142e \u017cycie. Jej tre\u015b\u0107 opiera si\u0119 na za\u0142o\u017ceniu, \u017ce wsp\u00f3lnym celem wszystkich nie jest (jak to si\u0119 wskazuje w wielu publikacjach) budowanie bogactwa, lecz utrzymanie zdolno\u015bci do regulowania bie\u017c\u0105cych zobowi\u0105za\u0144 (czyli p\u0142ynno\u015bci). Je\u015bli osi\u0105ga si\u0119 p\u0142ynno\u015b\u0107, decyzja o tym, co robi\u0107 z ewentualnymi nadwy\u017ckami finansowymi (czy przeznaczy\u0107 na oszcz\u0119dno\u015bci, czy na konsumpcj\u0119), jest kwesti\u0105 indywidualn\u0105. Ksi\u0105\u017cka zawiera ponad 80 przyk\u0142ad\u00f3w i ponad 70 rysunk\u00f3w (wykres\u00f3w i schemat\u00f3w), dzi\u0119ki kt\u00f3rym Czytelnik si\u0119 dowie, na co powinien zwraca\u0107 uwag\u0119 i jakie narz\u0119dzia mo\u017ce wykorzysta\u0107, aby z jednej strony zautomatyzowa\u0107 wszystkie proste decyzje finansowe (cykliczne), a z drugiej strony bardziej \u015bwiadomie podejmowa\u0107 decyzje wielowymiarowe zwi\u0105zane z oszcz\u0119dzaniem, inwestowaniem, kredytowaniem, ubezpieczaniem czy opodatkowaniem. W wi\u0119kszo\u015bci wypadk\u00f3w trudno znale\u017a\u0107 jednoznaczne odpowiedzi na pytanie, co jest najlepszym wyborem, poniewa\u017c wiele zale\u017cy od naszych preferencji (stosunku do ryzyka). O wiele \u0142atwiej wyja\u015bni\u0107 kwesti\u0119, jak zwi\u0119ksza\u0107 efektywno\u015b\u0107 dzia\u0142a\u0144 zwi\u0105zanych z finansami osobistymi, innymi s\u0142owy: jak realizowa\u0107 wyznaczone cele przy ni\u017cszym nak\u0142adzie czasu, pracy i pieni\u0119dzy, przy akceptowalnym poziomie ryzyka.<\/p>\n<p>Ksi\u0105\u017cka jest skierowana do wszystkich zainteresowanych tematyk\u0105 finans\u00f3w osobistych, zawiera zar\u00f3wno wyja\u015bnienie podstawowych poj\u0119\u0107, jak i zaawansowane symulacje (takie jak np. poduszka finansowa pod kredyt, analiza kredyt\u00f3w indeksowanych i denominowanych kursem waluty obcej), z kt\u00f3rych skorzystaj\u0105 osoby pragn\u0105ce bardziej wnikliwie zaj\u0105\u0107 si\u0119 tematyk\u0105 finans\u00f3w osobistych.<\/p>\n<p><em>Ksi\u0105\u017cka zosta\u0142a uznana za wybitne osi\u0105gni\u0119cie w dziedzinie zarz\u0105dzania finansami przez kapitu\u0142\u0119 konkursu o Nagrod\u0119 \u00dfeta 2019.<\/em><\/p>\n","protected":false},"featured_media":14890,"template":"","meta":{"_acf_changed":false},"journal":[],"rodzaj":[7074],"seria":[],"product_brand":[],"product_cat":[6942],"product_tag":[7983],"class_list":{"0":"post-46531","1":"product","2":"type-product","3":"status-publish","4":"has-post-thumbnail","6":"rodzaj-ksiazki","7":"product_cat-zarzadzanie","8":"product_tag-adam-barembruch","10":"first","11":"outofstock","12":"taxable","13":"shipping-taxable","14":"purchasable","15":"product-type-simple"},"acf":[],"_links":{"self":[{"href":"https:\/\/wydawnictwo.ug.edu.pl\/en\/wp-json\/wp\/v2\/product\/46531","targetHints":{"allow":["GET"]}}],"collection":[{"href":"https:\/\/wydawnictwo.ug.edu.pl\/en\/wp-json\/wp\/v2\/product"}],"about":[{"href":"https:\/\/wydawnictwo.ug.edu.pl\/en\/wp-json\/wp\/v2\/types\/product"}],"wp:featuredmedia":[{"embeddable":true,"href":"https:\/\/wydawnictwo.ug.edu.pl\/en\/wp-json\/wp\/v2\/media\/14890"}],"wp:attachment":[{"href":"https:\/\/wydawnictwo.ug.edu.pl\/en\/wp-json\/wp\/v2\/media?parent=46531"}],"wp:term":[{"taxonomy":"journal","embeddable":true,"href":"https:\/\/wydawnictwo.ug.edu.pl\/en\/wp-json\/wp\/v2\/journal?post=46531"},{"taxonomy":"rodzaj","embeddable":true,"href":"https:\/\/wydawnictwo.ug.edu.pl\/en\/wp-json\/wp\/v2\/rodzaj?post=46531"},{"taxonomy":"seria","embeddable":true,"href":"https:\/\/wydawnictwo.ug.edu.pl\/en\/wp-json\/wp\/v2\/seria?post=46531"},{"taxonomy":"product_brand","embeddable":true,"href":"https:\/\/wydawnictwo.ug.edu.pl\/en\/wp-json\/wp\/v2\/product_brand?post=46531"},{"taxonomy":"product_cat","embeddable":true,"href":"https:\/\/wydawnictwo.ug.edu.pl\/en\/wp-json\/wp\/v2\/product_cat?post=46531"},{"taxonomy":"product_tag","embeddable":true,"href":"https:\/\/wydawnictwo.ug.edu.pl\/en\/wp-json\/wp\/v2\/product_tag?post=46531"}],"curies":[{"name":"wp","href":"https:\/\/api.w.org\/{rel}","templated":true}]}}