{"id":46528,"date":"2020-01-31T00:00:00","date_gmt":"2020-01-31T00:00:00","guid":{"rendered":"https:\/\/wydawnictwo.ug.edu.pl\/ksiegarnia-online\/uncategorized\/czas-smoka-fenomen-przemian-chinskiej-gospodarki-spojrzenie-z-zewnatrz\/"},"modified":"2026-02-11T14:20:23","modified_gmt":"2026-02-11T14:20:23","slug":"czas-smoka-fenomen-przemian-chinskiej-gospodarki-spojrzenie-z-zewnatrz","status":"publish","type":"product","link":"https:\/\/wydawnictwo.ug.edu.pl\/en\/ksiegarnia-online\/ekonomia\/czas-smoka-fenomen-przemian-chinskiej-gospodarki-spojrzenie-z-zewnatrz\/","title":{"rendered":"Czas smoka. Fenomen przemian chi\u0144skiej gospodarki. Spojrzenie z zewn\u0105trz"},"content":{"rendered":"","protected":false},"excerpt":{"rendered":"<p>Druga publikacja z serii wydawniczej Za Wielkim Murem. Szkice o Chinach Instytutu Konfucjusza przy Uniwersytecie Gda\u0144skim. Stanowi zbi\u00f3r artyku\u0142\u00f3w i teksty wyst\u0105pie\u0144, kt\u00f3re prezentowano podczas wydarze\u0144 po\u015bwi\u0119conych wsp\u00f3\u0142pracy polsko-chi\u0144skiej na arenie mi\u0119dzynarodowej oraz promowaniu Inicjatywy Pasa i Drogi (ang. <em>Belt and Road Initiative<\/em>) organizowanych przez Instytut Konfucjusza w Gda\u0144sku.<\/p>\n","protected":false},"featured_media":15415,"template":"","meta":{"_acf_changed":false},"journal":[],"rodzaj":[6667,2604],"seria":[6768],"product_brand":[],"product_cat":[266],"product_tag":[342],"class_list":{"0":"post-46528","1":"product","2":"type-product","3":"status-publish","4":"has-post-thumbnail","6":"rodzaj-czasopismo","7":"rodzaj-serie-wydawnicze","8":"seria-za-wielkim-murem-szkice-o-chinach","9":"product_cat-ekonomia","10":"product_tag-wojciech-bizon","12":"first","13":"instock","14":"taxable","15":"shipping-taxable","16":"purchasable","17":"product-type-simple"},"acf":[],"_links":{"self":[{"href":"https:\/\/wydawnictwo.ug.edu.pl\/en\/wp-json\/wp\/v2\/product\/46528","targetHints":{"allow":["GET"]}}],"collection":[{"href":"https:\/\/wydawnictwo.ug.edu.pl\/en\/wp-json\/wp\/v2\/product"}],"about":[{"href":"https:\/\/wydawnictwo.ug.edu.pl\/en\/wp-json\/wp\/v2\/types\/product"}],"wp:featuredmedia":[{"embeddable":true,"href":"https:\/\/wydawnictwo.ug.edu.pl\/en\/wp-json\/wp\/v2\/media\/15415"}],"wp:attachment":[{"href":"https:\/\/wydawnictwo.ug.edu.pl\/en\/wp-json\/wp\/v2\/media?parent=46528"}],"wp:term":[{"taxonomy":"journal","embeddable":true,"href":"https:\/\/wydawnictwo.ug.edu.pl\/en\/wp-json\/wp\/v2\/journal?post=46528"},{"taxonomy":"rodzaj","embeddable":true,"href":"https:\/\/wydawnictwo.ug.edu.pl\/en\/wp-json\/wp\/v2\/rodzaj?post=46528"},{"taxonomy":"seria","embeddable":true,"href":"https:\/\/wydawnictwo.ug.edu.pl\/en\/wp-json\/wp\/v2\/seria?post=46528"},{"taxonomy":"product_brand","embeddable":true,"href":"https:\/\/wydawnictwo.ug.edu.pl\/en\/wp-json\/wp\/v2\/product_brand?post=46528"},{"taxonomy":"product_cat","embeddable":true,"href":"https:\/\/wydawnictwo.ug.edu.pl\/en\/wp-json\/wp\/v2\/product_cat?post=46528"},{"taxonomy":"product_tag","embeddable":true,"href":"https:\/\/wydawnictwo.ug.edu.pl\/en\/wp-json\/wp\/v2\/product_tag?post=46528"}],"curies":[{"name":"wp","href":"https:\/\/api.w.org\/{rel}","templated":true}]}}