{"id":46524,"date":"2020-11-30T00:00:00","date_gmt":"2020-11-30T00:00:00","guid":{"rendered":"https:\/\/wydawnictwo.ug.edu.pl\/ksiegarnia-online\/uncategorized\/podroz-z-ksiazka-w-reku\/"},"modified":"2026-02-11T14:20:26","modified_gmt":"2026-02-11T14:20:26","slug":"podroz-z-ksiazka-w-reku","status":"publish","type":"product","link":"https:\/\/wydawnictwo.ug.edu.pl\/en\/ksiegarnia-online\/historia\/podroz-z-ksiazka-w-reku\/","title":{"rendered":"Podr\u00f3\u017c z ksi\u0105\u017ck\u0105 w r\u0119ku"},"content":{"rendered":"","protected":false},"excerpt":{"rendered":"<p>Celem publikacji jest ukazanie powi\u0105za\u0144 pomi\u0119dzy opracowaniami, kt\u00f3rych ludzie u\u017cywali w podr\u00f3\u017cy, sposobem w jaki je wykorzystywali oraz tym, jak mog\u0142y one oddzia\u0142ywa\u0107 na odwiedzane miejsca, jakie zmiany w nich powodowa\u0142y. Punktem wyj\u015bcia by\u0142 cz\u0142owiek i jego zainteresowanie jakim\u015b miejscem. Z tego powodu omawiano nie tylko przewodniki ale i diariusze, korespondencj\u0119, a tak\u017ce powie\u015bci i ksi\u0105\u017cki historyczne. Autorzy poszczeg\u00f3lnych rozdzia\u0142\u00f3w opisywali miejsca z perspektywy utwor\u00f3w literackich (np.\u00a0<em>Trylogia<\/em>, Henryka Sienkiewicza) lub pokazywali, w jaki spos\u00f3b miejsca stawa\u0142y si\u0119 obiektami zainteresowania turyst\u00f3w, dzi\u0119ki utworom literackim lub quasi-literackim (<em>Trzech pan\u00f3w w \u0142\u00f3dce nie licz\u0105c psa<\/em>, Jerome K. Jerome).<\/p>\n<p>Ksi\u0105\u017cka ukaza\u0142a si\u0119 w serii wydawniczej Gda\u0144skie Teki Turystyczno-Krajoznawcze.<\/p>\n","protected":false},"featured_media":16536,"template":"","meta":{"_acf_changed":false},"journal":[],"rodzaj":[7077,7076],"seria":[7081],"product_brand":[],"product_cat":[6958],"product_tag":[7655,7360,7972],"class_list":{"0":"post-46524","1":"product","2":"type-product","3":"status-publish","4":"has-post-thumbnail","6":"rodzaj-czasopismo","7":"rodzaj-serie-wydawnicze","8":"seria-gdanskie-teki-turystyczno-krajoznawcze","9":"product_cat-historia","10":"product_tag-iwona-sakowicz-tebinka","11":"product_tag-magdalena-nowakmagdalena-nowak","12":"product_tag-michalina-petelska","13":"pa_rok-wydania-2020-en","15":"first","16":"outofstock","17":"taxable","18":"shipping-taxable","19":"purchasable","20":"product-type-simple"},"acf":[],"_links":{"self":[{"href":"https:\/\/wydawnictwo.ug.edu.pl\/en\/wp-json\/wp\/v2\/product\/46524","targetHints":{"allow":["GET"]}}],"collection":[{"href":"https:\/\/wydawnictwo.ug.edu.pl\/en\/wp-json\/wp\/v2\/product"}],"about":[{"href":"https:\/\/wydawnictwo.ug.edu.pl\/en\/wp-json\/wp\/v2\/types\/product"}],"wp:featuredmedia":[{"embeddable":true,"href":"https:\/\/wydawnictwo.ug.edu.pl\/en\/wp-json\/wp\/v2\/media\/16536"}],"wp:attachment":[{"href":"https:\/\/wydawnictwo.ug.edu.pl\/en\/wp-json\/wp\/v2\/media?parent=46524"}],"wp:term":[{"taxonomy":"journal","embeddable":true,"href":"https:\/\/wydawnictwo.ug.edu.pl\/en\/wp-json\/wp\/v2\/journal?post=46524"},{"taxonomy":"rodzaj","embeddable":true,"href":"https:\/\/wydawnictwo.ug.edu.pl\/en\/wp-json\/wp\/v2\/rodzaj?post=46524"},{"taxonomy":"seria","embeddable":true,"href":"https:\/\/wydawnictwo.ug.edu.pl\/en\/wp-json\/wp\/v2\/seria?post=46524"},{"taxonomy":"product_brand","embeddable":true,"href":"https:\/\/wydawnictwo.ug.edu.pl\/en\/wp-json\/wp\/v2\/product_brand?post=46524"},{"taxonomy":"product_cat","embeddable":true,"href":"https:\/\/wydawnictwo.ug.edu.pl\/en\/wp-json\/wp\/v2\/product_cat?post=46524"},{"taxonomy":"product_tag","embeddable":true,"href":"https:\/\/wydawnictwo.ug.edu.pl\/en\/wp-json\/wp\/v2\/product_tag?post=46524"}],"curies":[{"name":"wp","href":"https:\/\/api.w.org\/{rel}","templated":true}]}}