{"id":46523,"date":"2020-11-30T01:00:00","date_gmt":"2020-11-30T01:00:00","guid":{"rendered":"https:\/\/wydawnictwo.ug.edu.pl\/ksiegarnia-online\/uncategorized\/mizora-przepowiednia-amerykanska-utopia-feministyczna-xix-wieku\/"},"modified":"2026-02-11T14:20:33","modified_gmt":"2026-02-11T14:20:33","slug":"mizora-przepowiednia-amerykanska-utopia-feministyczna-xix-wieku","status":"publish","type":"product","link":"https:\/\/wydawnictwo.ug.edu.pl\/en\/ksiegarnia-online\/literatura-piekna\/mizora-przepowiednia-amerykanska-utopia-feministyczna-xix-wieku\/","title":{"rendered":"Mizora: Przepowiednia (ameryka\u0144ska utopia feministyczna XIX wieku)"},"content":{"rendered":"","protected":false},"excerpt":{"rendered":"<p>Dziewi\u0119tnastowieczna powie\u015b\u0107 Mary Bradley Lane\u00a0<em>Mizora<\/em>\u00a0jest jedn\u0105 z\u00a0pierwszych ameryka\u0144skich utopii feministycznych i\u00a0pierwsz\u0105, kt\u00f3ra przedstawia radykaln\u0105 wizj\u0119 doskona\u0142ego \u015bwiata. Radykalizm tej wizji jest wynikiem wprowadzenia motywu ostatecznego rozwi\u0105zania kwestii p\u0142ci i\u00a0rasy oraz wyeliminowania patologii spo\u0142ecznych poprzez modyfikacj\u0119 genomu mieszkanek utopijnej\u00a0<em>Mizory<\/em>. Powie\u015b\u0107 ukazywa\u0142a si\u0119 najpierw anonimowo w\u00a0odcinkach w\u00a0wydawanej w\u00a0Ohio gazecie \u201eCincinnati Commercial\u201d od listopada 1880 do lutego 1880 roku. Wydanie ksi\u0105\u017ckowe, kt\u00f3re pojawi\u0142o si\u0119 w\u00a01890 roku\u00a0\u2013\u00a0<em>Mizora: Przepowiednia. Manuskrypt znaleziony po\u015br\u00f3d prywatnych dokument\u00f3w ksi\u0119\u017cniczki Very Zarovitch, b\u0119d\u0105cy prawdziw\u0105 i\u00a0wiern\u0105 relacj\u0105 z\u00a0jej podr\u00f3\u017cy do wn\u0119trza Ziemi, z\u00a0dok\u0142adnym opisem kraju i\u00a0jego mieszka\u0144c\u00f3w, ich zwyczaj\u00f3w, obyczaj\u00f3w i\u00a0rz\u0105du<\/em>\u00a0\u2013 nie wzbudzi\u0142o wi\u0119kszego zainteresowania czytelnik\u00f3w. Dopiero w\u00a0latach siedemdziesi\u0105tych XX wieku\u00a0<em>Mizora<\/em>\u00a0zosta\u0142a ponownie odkryta przez krytyk\u0119 feministyczn\u0105, co spowodowa\u0142o w\u0142\u0105czenie jej do kanonu ameryka\u0144skiej literatury utopijnej.<\/p>\n<p>Powszechnie uwa\u017ca si\u0119,\u00a0\u017ce\u00a0<em>Mizora<\/em>\u00a0jest jednym z\u00a0najbardziej znacz\u0105cych utwor\u00f3w pierwszej fali feminizmu, dotychczas kojarzonej nies\u0142usznie wy\u0142\u0105cznie z\u00a0ruchem sufra\u017cystek.<\/p>\n","protected":false},"featured_media":16465,"template":"","meta":{"_acf_changed":false},"journal":[],"rodzaj":[7074,7076],"seria":[7920],"product_brand":[],"product_cat":[6979],"product_tag":[7970,7971],"class_list":{"0":"post-46523","1":"product","2":"type-product","3":"status-publish","4":"has-post-thumbnail","6":"rodzaj-ksiazki","7":"rodzaj-serie-wydawnicze","8":"seria-bibliotheca-utopiana","9":"product_cat-literatura-piekna","10":"product_tag-ludmila-gruszewska-blaimludmila-gruszewska-blaim","11":"product_tag-mary-e-bradley-lane","12":"pa_rok-wydania-2020-en","14":"first","15":"outofstock","16":"taxable","17":"shipping-taxable","18":"purchasable","19":"product-type-simple"},"acf":[],"_links":{"self":[{"href":"https:\/\/wydawnictwo.ug.edu.pl\/en\/wp-json\/wp\/v2\/product\/46523","targetHints":{"allow":["GET"]}}],"collection":[{"href":"https:\/\/wydawnictwo.ug.edu.pl\/en\/wp-json\/wp\/v2\/product"}],"about":[{"href":"https:\/\/wydawnictwo.ug.edu.pl\/en\/wp-json\/wp\/v2\/types\/product"}],"wp:featuredmedia":[{"embeddable":true,"href":"https:\/\/wydawnictwo.ug.edu.pl\/en\/wp-json\/wp\/v2\/media\/16465"}],"wp:attachment":[{"href":"https:\/\/wydawnictwo.ug.edu.pl\/en\/wp-json\/wp\/v2\/media?parent=46523"}],"wp:term":[{"taxonomy":"journal","embeddable":true,"href":"https:\/\/wydawnictwo.ug.edu.pl\/en\/wp-json\/wp\/v2\/journal?post=46523"},{"taxonomy":"rodzaj","embeddable":true,"href":"https:\/\/wydawnictwo.ug.edu.pl\/en\/wp-json\/wp\/v2\/rodzaj?post=46523"},{"taxonomy":"seria","embeddable":true,"href":"https:\/\/wydawnictwo.ug.edu.pl\/en\/wp-json\/wp\/v2\/seria?post=46523"},{"taxonomy":"product_brand","embeddable":true,"href":"https:\/\/wydawnictwo.ug.edu.pl\/en\/wp-json\/wp\/v2\/product_brand?post=46523"},{"taxonomy":"product_cat","embeddable":true,"href":"https:\/\/wydawnictwo.ug.edu.pl\/en\/wp-json\/wp\/v2\/product_cat?post=46523"},{"taxonomy":"product_tag","embeddable":true,"href":"https:\/\/wydawnictwo.ug.edu.pl\/en\/wp-json\/wp\/v2\/product_tag?post=46523"}],"curies":[{"name":"wp","href":"https:\/\/api.w.org\/{rel}","templated":true}]}}