{"id":46522,"date":"2020-12-30T00:00:00","date_gmt":"2020-12-30T00:00:00","guid":{"rendered":"https:\/\/wydawnictwo.ug.edu.pl\/ksiegarnia-online\/uncategorized\/normatywny-model-samorzadu-metropolitalnego\/"},"modified":"2026-02-11T14:20:28","modified_gmt":"2026-02-11T14:20:28","slug":"normatywny-model-samorzadu-metropolitalnego","status":"publish","type":"product","link":"https:\/\/wydawnictwo.ug.edu.pl\/en\/ksiegarnia-online\/prawo-i-administracja\/normatywny-model-samorzadu-metropolitalnego\/","title":{"rendered":"Normatywny model samorz\u0105du metropolitalnego"},"content":{"rendered":"","protected":false},"excerpt":{"rendered":"<p>Ka\u017cdy podmiot administracji publicznej, w tym zdecentralizowanej, powinien by\u0107 tworzony na miar\u0119 zidentyfikowanych potrzeb spo\u0142ecznych. Generalnie odpowiedzialno\u015b\u0107 za zaspokajanie zbiorowych potrzeb ludzi spoczywa na samorz\u0105dzie terytorialnym, kt\u00f3ry stanowi najbli\u017csze otoczenie beneficjent\u00f3w zada\u0144 publicznych. Dynamiczny rozw\u00f3j obszar\u00f3w metropolitalnych (charakteryzuj\u0105cych si\u0119 wysokim stopniem urbanizacji, du\u017cym zag\u0119szczeniem ludno\u015bci oraz specyficznymi powi\u0105zaniami gospodarczymi, funkcjonalnymi i przestrzennymi) determinuje nowe potrzeby, kt\u00f3rych jednostki samorz\u0105du terytorialnego nie s\u0105 w stanie samodzielnie i efektywnie zaspokaja\u0107. To z kolei stanowi podstawowy asumpt, aby zgodnie z zasad\u0105 pomocniczo\u015bci stworzy\u0107 nowe podmioty administracji zdecentralizowanej. W obowi\u0105zuj\u0105cym stanie prawnym istnieje wy\u0142\u0105cznie jeden podmiot utworzony w celu realizacji zada\u0144 metropolitalnych \u2013 zwi\u0105zek metropolitalny w wojew\u00f3dztwie \u015bl\u0105skim. Ewidentnie brakuje uniwersalnych rozwi\u0105za\u0144 ustrojowych, kt\u00f3re umo\u017cliwia\u0142yby tworzenie struktur zarz\u0105dzaj\u0105cych obszarami metropolitalnymi wsz\u0119dzie, gdzie jest to uzasadnione. Niniejsza publikacja przedstawia normatywny model samorz\u0105du metropolitalnego jako dedykowanej formy organizacyjnoprawnej wykonuj\u0105cej zadania metropolitalne. Konstrukcja samorz\u0105du metropolitalnego zosta\u0142a przedstawiona z uwzgl\u0119dnieniem konstytucyjnych zasad ustrojowych pa\u0144stwa, w tym nienaruszalnych praw przys\u0142uguj\u0105cych wsp\u00f3lnotom samorz\u0105dowym.<\/p>\n<p>Ksi\u0105\u017cka otrzyma\u0142a I nagrod\u0119 w <a href=\"https:\/\/wydawnictwo.ug.edu.pl\/nominacje-i-nagrody\/nagroda\/rozstrzygniecie-konkursu-wydawnictwa-uniwersytetu-gdanskiego-2020\/\">Konkursie Wydawnictwa Uniwersytetu Gda\u0144skiego<\/a> 2020 w kategorii Najlepsza ksi\u0105\u017cka naukowa.<\/p>\n","protected":false},"featured_media":15497,"template":"","meta":{"_acf_changed":false},"journal":[],"rodzaj":[],"seria":[],"product_brand":[],"product_cat":[6932],"product_tag":[7969],"class_list":{"0":"post-46522","1":"product","2":"type-product","3":"status-publish","4":"has-post-thumbnail","6":"product_cat-prawo-i-administracja","7":"product_tag-jakub-h-szlachetko","9":"first","10":"outofstock","11":"taxable","12":"shipping-taxable","13":"purchasable","14":"product-type-simple"},"acf":[],"_links":{"self":[{"href":"https:\/\/wydawnictwo.ug.edu.pl\/en\/wp-json\/wp\/v2\/product\/46522","targetHints":{"allow":["GET"]}}],"collection":[{"href":"https:\/\/wydawnictwo.ug.edu.pl\/en\/wp-json\/wp\/v2\/product"}],"about":[{"href":"https:\/\/wydawnictwo.ug.edu.pl\/en\/wp-json\/wp\/v2\/types\/product"}],"wp:featuredmedia":[{"embeddable":true,"href":"https:\/\/wydawnictwo.ug.edu.pl\/en\/wp-json\/wp\/v2\/media\/15497"}],"wp:attachment":[{"href":"https:\/\/wydawnictwo.ug.edu.pl\/en\/wp-json\/wp\/v2\/media?parent=46522"}],"wp:term":[{"taxonomy":"journal","embeddable":true,"href":"https:\/\/wydawnictwo.ug.edu.pl\/en\/wp-json\/wp\/v2\/journal?post=46522"},{"taxonomy":"rodzaj","embeddable":true,"href":"https:\/\/wydawnictwo.ug.edu.pl\/en\/wp-json\/wp\/v2\/rodzaj?post=46522"},{"taxonomy":"seria","embeddable":true,"href":"https:\/\/wydawnictwo.ug.edu.pl\/en\/wp-json\/wp\/v2\/seria?post=46522"},{"taxonomy":"product_brand","embeddable":true,"href":"https:\/\/wydawnictwo.ug.edu.pl\/en\/wp-json\/wp\/v2\/product_brand?post=46522"},{"taxonomy":"product_cat","embeddable":true,"href":"https:\/\/wydawnictwo.ug.edu.pl\/en\/wp-json\/wp\/v2\/product_cat?post=46522"},{"taxonomy":"product_tag","embeddable":true,"href":"https:\/\/wydawnictwo.ug.edu.pl\/en\/wp-json\/wp\/v2\/product_tag?post=46522"}],"curies":[{"name":"wp","href":"https:\/\/api.w.org\/{rel}","templated":true}]}}