{"id":46521,"date":"2021-08-26T11:03:45","date_gmt":"2021-08-26T11:03:45","guid":{"rendered":"https:\/\/wydawnictwo.ug.edu.pl\/ksiegarnia-online\/uncategorized\/wybieram-zycie-pokolenie-x-w-powiesciach-hiszpanskich-autorek-ostatniej-dekady-xx-wieku\/"},"modified":"2026-02-11T14:18:04","modified_gmt":"2026-02-11T14:18:04","slug":"wybieram-zycie-pokolenie-x-w-powiesciach-hiszpanskich-autorek-ostatniej-dekady-xx-wieku","status":"publish","type":"product","link":"https:\/\/wydawnictwo.ug.edu.pl\/en\/ksiegarnia-online\/literaturoznawstwo\/wybieram-zycie-pokolenie-x-w-powiesciach-hiszpanskich-autorek-ostatniej-dekady-xx-wieku\/","title":{"rendered":"Wybieram \u017cycie. Pokolenie X w powie\u015bciach hiszpa\u0144skich autorek ostatniej dekady XX wieku"},"content":{"rendered":"","protected":false},"excerpt":{"rendered":"<p>Ksi\u0105\u017cka dotyczy fenomenu spo\u0142eczno-kulturowego, jakim by\u0142o w latach 90. XX w. tzw. Pokolenie X i jego odbicia w prozie hiszpa\u0144skich pisarek debiutuj\u0105cych na \u00f3wczesnej scenie literackiej. To zapo\u017cyczone z pierwszej powie\u015bci Douglasa Couplanda poj\u0119cie przyj\u0119\u0142o si\u0119 najpierw na gruncie ameryka\u0144skim, a potem tak\u017ce mi\u0119dzynarodowym dla okre\u015blenia tzw. \u201em\u0142odych doros\u0142ych\u201d (\u201eyoung adults\u201d), znajduj\u0105cych si\u0119 w\u00f3wczas w wieku od 17 do 35 lat. Istnienie Pokolenia X znalaz\u0142o swoje odzwierciedlenie zar\u00f3wno w muzyce, filmie, sztuce jak i literaturze, wpisuj\u0105c tym samym jego portret w nurt kultury popularnej. Tw\u00f3rczo\u015b\u0107 literacka pisarzy zaliczanych do Pokolenia X ze wzgl\u0119du na tematyk\u0119 uwa\u017cana jest zwykle za literatur\u0119 m\u0119sk\u0105. Zwa\u017cywszy jednak na aktywny udzia\u0142 pisarek w hiszpa\u0144skim \u017cyciu literackim lat 90. ksi\u0105\u017cka ma s\u0142u\u017cy\u0107 uzupe\u0142nieniu hiszpa\u0144skiego portretu pokoleniowego o tw\u00f3rczo\u015b\u0107 kobiet tamtego okresu. Autorka, poprzez analiz\u0119 wybranych powie\u015bci, dokonuje pr\u00f3by odpowiedzi na pytanie, na ile obraz pokolenia jaki wy\u0142ania si\u0119 z ich powie\u015bci jest jedynie kolejnym jego odbiciem w kulturze, a na ile jest on odmienny ze wzgl\u0119du na kobiec\u0105 i hiszpa\u0144sk\u0105 perspektyw\u0119. Celem ksi\u0105\u017cki jest zatem ukazanie temat\u00f3w pokoleniowych obecnych w analizowanych\u00a0 powie\u015bciach z jednej strony, z drugiej za\u015b wykazanie r\u00f3\u017cnic, kt\u00f3re wynika\u0107 maj\u0105 z odmienno\u015bci uwarunkowanej p\u0142ci\u0105 bohater\u00f3w, a zatem obrazu pokolenia widzianego z perspektywy kobiet do niego nale\u017c\u0105cych.<\/p>\n","protected":false},"featured_media":15185,"template":"","meta":{"_acf_changed":false},"journal":[],"rodzaj":[7074],"seria":[],"product_brand":[],"product_cat":[6925],"product_tag":[7968],"class_list":{"0":"post-46521","1":"product","2":"type-product","3":"status-publish","4":"has-post-thumbnail","6":"rodzaj-ksiazki","7":"product_cat-literaturoznawstwo","8":"product_tag-olga-nowak","10":"first","11":"instock","12":"taxable","13":"shipping-taxable","14":"purchasable","15":"product-type-simple"},"acf":[],"_links":{"self":[{"href":"https:\/\/wydawnictwo.ug.edu.pl\/en\/wp-json\/wp\/v2\/product\/46521","targetHints":{"allow":["GET"]}}],"collection":[{"href":"https:\/\/wydawnictwo.ug.edu.pl\/en\/wp-json\/wp\/v2\/product"}],"about":[{"href":"https:\/\/wydawnictwo.ug.edu.pl\/en\/wp-json\/wp\/v2\/types\/product"}],"wp:featuredmedia":[{"embeddable":true,"href":"https:\/\/wydawnictwo.ug.edu.pl\/en\/wp-json\/wp\/v2\/media\/15185"}],"wp:attachment":[{"href":"https:\/\/wydawnictwo.ug.edu.pl\/en\/wp-json\/wp\/v2\/media?parent=46521"}],"wp:term":[{"taxonomy":"journal","embeddable":true,"href":"https:\/\/wydawnictwo.ug.edu.pl\/en\/wp-json\/wp\/v2\/journal?post=46521"},{"taxonomy":"rodzaj","embeddable":true,"href":"https:\/\/wydawnictwo.ug.edu.pl\/en\/wp-json\/wp\/v2\/rodzaj?post=46521"},{"taxonomy":"seria","embeddable":true,"href":"https:\/\/wydawnictwo.ug.edu.pl\/en\/wp-json\/wp\/v2\/seria?post=46521"},{"taxonomy":"product_brand","embeddable":true,"href":"https:\/\/wydawnictwo.ug.edu.pl\/en\/wp-json\/wp\/v2\/product_brand?post=46521"},{"taxonomy":"product_cat","embeddable":true,"href":"https:\/\/wydawnictwo.ug.edu.pl\/en\/wp-json\/wp\/v2\/product_cat?post=46521"},{"taxonomy":"product_tag","embeddable":true,"href":"https:\/\/wydawnictwo.ug.edu.pl\/en\/wp-json\/wp\/v2\/product_tag?post=46521"}],"curies":[{"name":"wp","href":"https:\/\/api.w.org\/{rel}","templated":true}]}}