{"id":46520,"date":"2021-08-26T11:10:39","date_gmt":"2021-08-26T11:10:39","guid":{"rendered":"https:\/\/wydawnictwo.ug.edu.pl\/ksiegarnia-online\/uncategorized\/wyspa-mlodosc-projekty-studenckie\/"},"modified":"2026-02-11T14:14:38","modified_gmt":"2026-02-11T14:14:38","slug":"wyspa-mlodosc-projekty-studenckie","status":"publish","type":"product","link":"https:\/\/wydawnictwo.ug.edu.pl\/en\/ksiegarnia-online\/literaturoznawstwo\/wyspa-mlodosc-projekty-studenckie\/","title":{"rendered":"Wyspa M\u0142odo\u015b\u0107: projekty studenckie"},"content":{"rendered":"","protected":false},"excerpt":{"rendered":"<p>Pomys\u0142 wydania w formie pracy zbiorowej tekst\u00f3w b\u0119d\u0105cych pok\u0142osiem konferencji studenckiej towarzysz\u0105cej festiwalowi Between.Pomi\u0119dzy jest bardzo chwalebny. Najcz\u0119\u015bciej teksty czy referaty studenckie maj\u0105 bowiem tylko jednego odbiorc\u0119 \u2013 wyk\u0142adowc\u0119, dla kt\u00f3rego pisana jest praca. Rozpowszechnienie ich w postaci ksi\u0105\u017ckowej jest nast\u0119pnym etapem edukacyjnego dzia\u0142ania \u2013\u00a0 wymaga opracowania w\u0142asnych tekst\u00f3w tak, by\u00a0osi\u0105gn\u0119\u0142y publikowaln\u0105 form\u0119, i nadaje wi\u0119kszy sens pisaniu prac zaliczeniowych, licencjackich czy magisterskich. Tom pokonferencyjny Wyspa M\u0142odo\u015b\u0107: projekty studenckie jest kolejnym takim przedsi\u0119wzi\u0119ciem realizowanym przy wsp\u00f3\u0142pracy\u00a0student\u00f3w z wyk\u0142adowcami Uniwersytetu Gda\u0144skiego. Bardzo gratuluj\u0119 kolegom konsekwencji we wspomaganiu rozwoju intelektualnego student\u00f3w \u2013 m\u0142odych ludzi, kt\u00f3rzy rozpoczynaj\u0105 swoj\u0105 drog\u0119 zawodow\u0105, by\u0107 mo\u017ce tak\u017ce naukow\u0105. W dobie zanikania kultury komunikowania si\u0119 oraz wyra\u017cania w\u0142asnych idei za po\u015brednictwem rozbudowanych wypowiedzi w formie pisemnej tego rodzaju aktywno\u015b\u0107 wydaje si\u0119 jeszcze cenniejsza. Du\u017c\u0105 zalet\u0105 tomu, wynikaj\u0105c\u0105 z za\u0142o\u017ce\u0144 konferencji, jest jego dwuj\u0119zyczno\u015b\u0107.<\/p>\n<p><em>Z recenzji dr hab. Joanny Ostrowskiej, prof. UAM<\/em><\/p>\n<p><a href=\"https:\/\/wydawnictwo.ug.edu.pl\/wp-content\/uploads\/2024\/04\/Wyspa-Mlodosc-between-12-eb-OA.pdf\">Ksi\u0105\u017cka dost\u0119pna w wersji elektronicznej<\/a><\/p>\n","protected":false},"featured_media":15188,"template":"","meta":{"_acf_changed":false},"journal":[],"rodzaj":[7074,7076],"seria":[7718],"product_brand":[],"product_cat":[6936,6925],"product_tag":[],"class_list":{"0":"post-46520","1":"product","2":"type-product","3":"status-publish","4":"has-post-thumbnail","6":"rodzaj-ksiazki","7":"rodzaj-serie-wydawnicze","8":"seria-between-pomiedzy","9":"product_cat-historia-sztuki-i-kulturoznawstwo","10":"product_cat-literaturoznawstwo","12":"first","13":"outofstock","14":"taxable","15":"shipping-taxable","16":"purchasable","17":"product-type-simple"},"acf":[],"_links":{"self":[{"href":"https:\/\/wydawnictwo.ug.edu.pl\/en\/wp-json\/wp\/v2\/product\/46520","targetHints":{"allow":["GET"]}}],"collection":[{"href":"https:\/\/wydawnictwo.ug.edu.pl\/en\/wp-json\/wp\/v2\/product"}],"about":[{"href":"https:\/\/wydawnictwo.ug.edu.pl\/en\/wp-json\/wp\/v2\/types\/product"}],"wp:featuredmedia":[{"embeddable":true,"href":"https:\/\/wydawnictwo.ug.edu.pl\/en\/wp-json\/wp\/v2\/media\/15188"}],"wp:attachment":[{"href":"https:\/\/wydawnictwo.ug.edu.pl\/en\/wp-json\/wp\/v2\/media?parent=46520"}],"wp:term":[{"taxonomy":"journal","embeddable":true,"href":"https:\/\/wydawnictwo.ug.edu.pl\/en\/wp-json\/wp\/v2\/journal?post=46520"},{"taxonomy":"rodzaj","embeddable":true,"href":"https:\/\/wydawnictwo.ug.edu.pl\/en\/wp-json\/wp\/v2\/rodzaj?post=46520"},{"taxonomy":"seria","embeddable":true,"href":"https:\/\/wydawnictwo.ug.edu.pl\/en\/wp-json\/wp\/v2\/seria?post=46520"},{"taxonomy":"product_brand","embeddable":true,"href":"https:\/\/wydawnictwo.ug.edu.pl\/en\/wp-json\/wp\/v2\/product_brand?post=46520"},{"taxonomy":"product_cat","embeddable":true,"href":"https:\/\/wydawnictwo.ug.edu.pl\/en\/wp-json\/wp\/v2\/product_cat?post=46520"},{"taxonomy":"product_tag","embeddable":true,"href":"https:\/\/wydawnictwo.ug.edu.pl\/en\/wp-json\/wp\/v2\/product_tag?post=46520"}],"curies":[{"name":"wp","href":"https:\/\/api.w.org\/{rel}","templated":true}]}}