{"id":46519,"date":"2021-08-26T12:26:07","date_gmt":"2021-08-26T12:26:07","guid":{"rendered":"https:\/\/wydawnictwo.ug.edu.pl\/ksiegarnia-online\/uncategorized\/skonczone-w-pozornym-nieskonczeniu-rzezby-wojciech-seczawy\/"},"modified":"2026-02-11T14:14:42","modified_gmt":"2026-02-11T14:14:42","slug":"skonczone-w-pozornym-nieskonczeniu-rzezby-wojciech-seczawy","status":"publish","type":"product","link":"https:\/\/wydawnictwo.ug.edu.pl\/en\/ksiegarnia-online\/sztuka\/skonczone-w-pozornym-nieskonczeniu-rzezby-wojciech-seczawy\/","title":{"rendered":"Sko\u0144czone w pozornym niesko\u0144czeniu. Rze\u017aby Wojciecha S\u0119czawy"},"content":{"rendered":"","protected":false},"excerpt":{"rendered":"<p>W niniejszej publikacji s\u0142owo i obraz stanowi\u0105 dwie integralne cz\u0119\u015bci opisu procesu tworzenia dzie\u0142a, d\u0105\u017c\u0105c do jak najdok\u0142adniejszego przekazania odbiorcy emocji towarzysz\u0105cych spotkaniu ze sztuk\u0105 prof. S\u0119czawy. Poza zdj\u0119ciami autorstwa Piotra Wajdy, album ten powsta\u0142 dzi\u0119ki zapisom kilkunastu rozm\u00f3w przeprowadzonych z Profesorem, podczas kt\u00f3rych artysta i wyk\u0142adowca dzieli\u0142 si\u0119 z nami swoimi impresjami, inspiracjami oraz spojrzeniem na sztuk\u0119. Ponadto cytowane fragmenty pochodz\u0105 ze zbioru\u00a0unikalnych, niepublikowanych dot\u0105d katalog\u00f3w wystawienniczych, autoreferat\u00f3w artysty i recenzji jego dorobku, kt\u00f3re same w sobie stanowi\u0105 bogate \u017ar\u00f3d\u0142o wiedzy z zakresu analizy dzie\u0142a sztuki rze\u017abiarskiej.<\/p>\n<p>Tytu\u0142 niniejszej publikacji zosta\u0142 zainspirowany fragmentem recenzji prof. Teresy Klaman. To poetyckie stwierdzenie odwo\u0142uje si\u0119 do statusu dzie\u0142 prof. S\u0119czawy, kt\u00f3re, mimo \u017ce s\u0105 fotografowane w aktualnej formie czy pokazywane na wystawach, mog\u0105 podlega\u0107 kolejnym przemianom oraz przekszta\u0142ceniom. Jak podkre\u015bla artysta, proces tw\u00f3rczy nie ko\u0144czy si\u0119, dop\u00f3ki rze\u017aba \u017cyje\u00a0razem z nim i ma do niej dost\u0119p. \u017bycie w otoczeniu swojej sztuki powoduje ch\u0119\u0107 nanoszenia poprawek, potrzeb\u0119 rewaluacji swojego spojrzenia oraz rozpoczynanie procesu na nowo, pod wp\u0142ywem gromadzonych do\u015bwiadcze\u0144. D\u0105\u017cenie prof. S\u0119czawy do eksperymentowania z pozornie zamkni\u0119tym projektem powoduje, w wielu przypadkach, niemo\u017cno\u015b\u0107 precyzyjnego okre\u015blenia daty powstania dzie\u0142a \u2013 kt\u00f3re bywa zawieszone w pozornym niedoko\u0144czeniu przez lata.<\/p>\n","protected":false},"featured_media":15193,"template":"","meta":{"_acf_changed":false},"journal":[],"rodzaj":[7074],"seria":[],"product_brand":[],"product_cat":[6939],"product_tag":[7966],"class_list":{"0":"post-46519","1":"product","2":"type-product","3":"status-publish","4":"has-post-thumbnail","6":"rodzaj-ksiazki","7":"product_cat-sztuka","8":"product_tag-agnieszka-kiejziewicz","10":"first","11":"instock","12":"taxable","13":"shipping-taxable","14":"purchasable","15":"product-type-simple"},"acf":[],"_links":{"self":[{"href":"https:\/\/wydawnictwo.ug.edu.pl\/en\/wp-json\/wp\/v2\/product\/46519","targetHints":{"allow":["GET"]}}],"collection":[{"href":"https:\/\/wydawnictwo.ug.edu.pl\/en\/wp-json\/wp\/v2\/product"}],"about":[{"href":"https:\/\/wydawnictwo.ug.edu.pl\/en\/wp-json\/wp\/v2\/types\/product"}],"wp:featuredmedia":[{"embeddable":true,"href":"https:\/\/wydawnictwo.ug.edu.pl\/en\/wp-json\/wp\/v2\/media\/15193"}],"wp:attachment":[{"href":"https:\/\/wydawnictwo.ug.edu.pl\/en\/wp-json\/wp\/v2\/media?parent=46519"}],"wp:term":[{"taxonomy":"journal","embeddable":true,"href":"https:\/\/wydawnictwo.ug.edu.pl\/en\/wp-json\/wp\/v2\/journal?post=46519"},{"taxonomy":"rodzaj","embeddable":true,"href":"https:\/\/wydawnictwo.ug.edu.pl\/en\/wp-json\/wp\/v2\/rodzaj?post=46519"},{"taxonomy":"seria","embeddable":true,"href":"https:\/\/wydawnictwo.ug.edu.pl\/en\/wp-json\/wp\/v2\/seria?post=46519"},{"taxonomy":"product_brand","embeddable":true,"href":"https:\/\/wydawnictwo.ug.edu.pl\/en\/wp-json\/wp\/v2\/product_brand?post=46519"},{"taxonomy":"product_cat","embeddable":true,"href":"https:\/\/wydawnictwo.ug.edu.pl\/en\/wp-json\/wp\/v2\/product_cat?post=46519"},{"taxonomy":"product_tag","embeddable":true,"href":"https:\/\/wydawnictwo.ug.edu.pl\/en\/wp-json\/wp\/v2\/product_tag?post=46519"}],"curies":[{"name":"wp","href":"https:\/\/api.w.org\/{rel}","templated":true}]}}