{"id":46518,"date":"2021-08-26T12:36:58","date_gmt":"2021-08-26T12:36:58","guid":{"rendered":"https:\/\/wydawnictwo.ug.edu.pl\/ksiegarnia-online\/uncategorized\/przedsiewziecia-w-rozwoju-wspolczesnych-przedsiebiorstw-strategia-zarzadzanie-finansowanie\/"},"modified":"2026-02-11T14:14:45","modified_gmt":"2026-02-11T14:14:45","slug":"przedsiewziecia-w-rozwoju-wspolczesnych-przedsiebiorstw-strategia-zarzadzanie-finansowanie","status":"publish","type":"product","link":"https:\/\/wydawnictwo.ug.edu.pl\/en\/ksiegarnia-online\/ekonomia\/przedsiewziecia-w-rozwoju-wspolczesnych-przedsiebiorstw-strategia-zarzadzanie-finansowanie\/","title":{"rendered":"Przedsi\u0119wzi\u0119cia w rozwoju wsp\u00f3\u0142czesnych przedsi\u0119biorstw. Strategia \u2013 zarz\u0105dzanie \u2013 finansowanie"},"content":{"rendered":"","protected":false},"excerpt":{"rendered":"<p>Zarz\u0105dzanie skierowane na tworzenie nowej warto\u015bci stanowi podstaw\u0119 ca\u0142o\u015bciowego, zintegrowanego systemu zarz\u0105dzania warto\u015bci\u0105 przedsi\u0119biorstwa. W obecnych uwarunkowaniach rynkowych, niejako na tle dzia\u0142alno\u015bci operacyjnej, ro\u015bnie znaczenie niepowtarzalnych przedsi\u0119wzi\u0119\u0107 zwanych projektami. Rozw\u00f3j przedsi\u0119biorstwa dokonuje si\u0119 bowiem poprzez realizacje okre\u015blonych przedsi\u0119wzi\u0119\u0107 rozwojowych. Decyzje zwi\u0105zane z realizacj\u0105 przedsi\u0119wzi\u0119\u0107 wymagaj\u0105 tera\u017aniejszego wydatkowania \u015brodk\u00f3w pieni\u0119\u017cnych w celu nabycia aktyw\u00f3w o okresie u\u017cyteczno\u015bci d\u0142u\u017cszym ni\u017c rok, kt\u00f3re maj\u0105 by\u0107 \u017ar\u00f3d\u0142em wp\u0142yw\u00f3w w przysz\u0142o\u015bci. Osi\u0105gni\u0119te rezultaty przedsi\u0119wzi\u0119cia wp\u0142ywaj\u0105 na wyniki finansowe przedsi\u0119biorstwa w okresie wielu lat. Dobra decyzja to taka, kt\u00f3ra zwi\u0119ksza warto\u015b\u0107 rynkow\u0105 kapita\u0142u w\u0142asnego przedsi\u0119biorstwa, a zatem kreuje warto\u015b\u0107 dodatkow\u0105 dla akcjonariuszy. Podstawowym celem finansowania przedsi\u0119wzi\u0119\u0107 przedsi\u0119biorstw jest pozyskanie odpowiednich \u015brodk\u00f3w, kt\u00f3re pos\u0142u\u017c\u0105 do maksymalizacji korzy\u015bci z dzia\u0142alno\u015bci, a g\u0142\u00f3wnie do powi\u0119kszenia si\u0119 ich warto\u015bci.<\/p>\n<p>Jednym z podstawowych wyzwa\u0144 przedsi\u0119biorstwa jest jego funkcjonowanie w zmieniaj\u0105cej si\u0119 dynamicznie gospodarce rynkowej. Funkcjonowanie i rozw\u00f3j przedsi\u0119biorstwa s\u0105 nieod\u0142\u0105cznie zwi\u0105zane z jako\u015bci\u0105 podejmowanych decyzji. Zmienno\u015b\u0107 otoczenia oraz wysoce konkurencyjny rynek wymuszaj\u0105 na zarz\u0105dzaj\u0105cych przedsi\u0119biorstwem konieczno\u015b\u0107 podejmowania decyzji racjonalnych, a wi\u0119c ukierunkowanych jednocze\u015bnie na dzia\u0142ania przedsi\u0119biorcze i\u00a0 innowacyjne. Podejmowane w ramach dzia\u0142alno\u015bci gospodarczej decyzje obarczone s\u0105 ryzykiem i przes\u0105dzaj\u0105 o przysz\u0142o\u015bci przedsi\u0119biorstwa. Wybory te maj\u0105 cz\u0119sto charakter strategiczny, wymagaj\u0105 informacji, wiedzy a nader wszystko warunkuj\u0105 sprawne zarz\u0105dzanie przedsi\u0119biorstwem. Dzia\u0142ania te ukierunkowane powinny by\u0107 na kreowanie warto\u015bci. (\u2026) Stanowi\u0105 one bowiem kompleksowe podej\u015bcie do zarz\u0105dzania oparte na zasadzie, \u017ce mened\u017cerowie na wszystkich szczeblach struktury organizacyjnej, zarz\u0105dzaj\u0105c zasobami przedsi\u0119biorstwa, musz\u0105 mie\u0107 na uwadze nadrz\u0119dny cel, jakim jest zwi\u0119kszanie warto\u015bci rynkowej firmy.<\/p>\n","protected":false},"featured_media":15197,"template":"","meta":{"_acf_changed":false},"journal":[],"rodzaj":[],"seria":[],"product_brand":[],"product_cat":[6934],"product_tag":[7963,7964,7965],"class_list":{"0":"post-46518","1":"product","2":"type-product","3":"status-publish","4":"has-post-thumbnail","6":"product_cat-ekonomia","7":"product_tag-agnieszka-milosz","8":"product_tag-joanna-hartenberger-liszekjoanna-hartenberger-liszek","9":"product_tag-joanna-krupskajoanna-krupska","11":"first","12":"instock","13":"taxable","14":"shipping-taxable","15":"purchasable","16":"product-type-simple"},"acf":[],"_links":{"self":[{"href":"https:\/\/wydawnictwo.ug.edu.pl\/en\/wp-json\/wp\/v2\/product\/46518","targetHints":{"allow":["GET"]}}],"collection":[{"href":"https:\/\/wydawnictwo.ug.edu.pl\/en\/wp-json\/wp\/v2\/product"}],"about":[{"href":"https:\/\/wydawnictwo.ug.edu.pl\/en\/wp-json\/wp\/v2\/types\/product"}],"wp:featuredmedia":[{"embeddable":true,"href":"https:\/\/wydawnictwo.ug.edu.pl\/en\/wp-json\/wp\/v2\/media\/15197"}],"wp:attachment":[{"href":"https:\/\/wydawnictwo.ug.edu.pl\/en\/wp-json\/wp\/v2\/media?parent=46518"}],"wp:term":[{"taxonomy":"journal","embeddable":true,"href":"https:\/\/wydawnictwo.ug.edu.pl\/en\/wp-json\/wp\/v2\/journal?post=46518"},{"taxonomy":"rodzaj","embeddable":true,"href":"https:\/\/wydawnictwo.ug.edu.pl\/en\/wp-json\/wp\/v2\/rodzaj?post=46518"},{"taxonomy":"seria","embeddable":true,"href":"https:\/\/wydawnictwo.ug.edu.pl\/en\/wp-json\/wp\/v2\/seria?post=46518"},{"taxonomy":"product_brand","embeddable":true,"href":"https:\/\/wydawnictwo.ug.edu.pl\/en\/wp-json\/wp\/v2\/product_brand?post=46518"},{"taxonomy":"product_cat","embeddable":true,"href":"https:\/\/wydawnictwo.ug.edu.pl\/en\/wp-json\/wp\/v2\/product_cat?post=46518"},{"taxonomy":"product_tag","embeddable":true,"href":"https:\/\/wydawnictwo.ug.edu.pl\/en\/wp-json\/wp\/v2\/product_tag?post=46518"}],"curies":[{"name":"wp","href":"https:\/\/api.w.org\/{rel}","templated":true}]}}