{"id":46516,"date":"2021-08-27T07:00:11","date_gmt":"2021-08-27T07:00:11","guid":{"rendered":"https:\/\/wydawnictwo.ug.edu.pl\/ksiegarnia-online\/uncategorized\/transport-lotniczy-w-rozwoju-globalnej-mobilnosci\/"},"modified":"2026-02-11T14:14:49","modified_gmt":"2026-02-11T14:14:49","slug":"transport-lotniczy-w-rozwoju-globalnej-mobilnosci","status":"publish","type":"product","link":"https:\/\/wydawnictwo.ug.edu.pl\/en\/ksiegarnia-online\/ekonomia\/transport-lotniczy-w-rozwoju-globalnej-mobilnosci\/","title":{"rendered":"Transport lotniczy w rozwoju globalnej mobilno\u015bci"},"content":{"rendered":"","protected":false},"excerpt":{"rendered":"<p>\u200bW wyniku rozwoju gospodarki nast\u0119puje rozw\u00f3j sektora lotniczego. Wa\u017cn\u0105 rol\u0119 odgrywaj\u0105 potrzeby przewozowe pasa\u017cer\u00f3w. Przewo\u017anicy, porty lotnicze, instytucje publiczne, w\u0142adze samorz\u0105dowe i rz\u0105dowe reaguj\u0105 na oczekiwania strony popytowej. Mimo \u017ce co roku wzrasta wsp\u00f3\u0142czynnik mobilno\u015bci, ca\u0142y czas trwa proces dostosowania poda\u017cy us\u0142ug transportu lotniczego. W monografii om\u00f3wiono, w jaki spos\u00f3b kszta\u0142towa\u0107 dost\u0119pno\u015b\u0107, wskazano na wska\u017aniki, kt\u00f3rymi mo\u017cna j\u0105 zwymiarowa\u0107, a nast\u0119pnie oceniono niekt\u00f3re elementy zwi\u0105zane z dost\u0119pno\u015bci\u0105 us\u0142ug transportu lotniczego. Takie dzia\u0142ania mog\u0105 poprawi\u0107 rozw\u00f3j ca\u0142ego systemu transportu lotniczego.<\/p>\n","protected":false},"featured_media":15210,"template":"","meta":{"_acf_changed":false},"journal":[],"rodzaj":[],"seria":[],"product_brand":[],"product_cat":[6934],"product_tag":[7961,7488,7962],"class_list":{"0":"post-46516","1":"product","2":"type-product","3":"status-publish","4":"has-post-thumbnail","6":"product_cat-ekonomia","7":"product_tag-adam-hoszmanadam-hoszman","8":"product_tag-dariusz-tloczynski","9":"product_tag-pawel-zagrajek","11":"first","12":"outofstock","13":"taxable","14":"shipping-taxable","15":"product-type-simple"},"acf":[],"_links":{"self":[{"href":"https:\/\/wydawnictwo.ug.edu.pl\/en\/wp-json\/wp\/v2\/product\/46516","targetHints":{"allow":["GET"]}}],"collection":[{"href":"https:\/\/wydawnictwo.ug.edu.pl\/en\/wp-json\/wp\/v2\/product"}],"about":[{"href":"https:\/\/wydawnictwo.ug.edu.pl\/en\/wp-json\/wp\/v2\/types\/product"}],"wp:featuredmedia":[{"embeddable":true,"href":"https:\/\/wydawnictwo.ug.edu.pl\/en\/wp-json\/wp\/v2\/media\/15210"}],"wp:attachment":[{"href":"https:\/\/wydawnictwo.ug.edu.pl\/en\/wp-json\/wp\/v2\/media?parent=46516"}],"wp:term":[{"taxonomy":"journal","embeddable":true,"href":"https:\/\/wydawnictwo.ug.edu.pl\/en\/wp-json\/wp\/v2\/journal?post=46516"},{"taxonomy":"rodzaj","embeddable":true,"href":"https:\/\/wydawnictwo.ug.edu.pl\/en\/wp-json\/wp\/v2\/rodzaj?post=46516"},{"taxonomy":"seria","embeddable":true,"href":"https:\/\/wydawnictwo.ug.edu.pl\/en\/wp-json\/wp\/v2\/seria?post=46516"},{"taxonomy":"product_brand","embeddable":true,"href":"https:\/\/wydawnictwo.ug.edu.pl\/en\/wp-json\/wp\/v2\/product_brand?post=46516"},{"taxonomy":"product_cat","embeddable":true,"href":"https:\/\/wydawnictwo.ug.edu.pl\/en\/wp-json\/wp\/v2\/product_cat?post=46516"},{"taxonomy":"product_tag","embeddable":true,"href":"https:\/\/wydawnictwo.ug.edu.pl\/en\/wp-json\/wp\/v2\/product_tag?post=46516"}],"curies":[{"name":"wp","href":"https:\/\/api.w.org\/{rel}","templated":true}]}}