{"id":46515,"date":"2021-08-27T07:06:41","date_gmt":"2021-08-27T07:06:41","guid":{"rendered":"https:\/\/wydawnictwo.ug.edu.pl\/ksiegarnia-online\/uncategorized\/ewolucja-i-znaczenie-portow-morskich-w-krajach-unii-europejskiej\/"},"modified":"2026-02-11T14:14:49","modified_gmt":"2026-02-11T14:14:49","slug":"ewolucja-i-znaczenie-portow-morskich-w-krajach-unii-europejskiej","status":"publish","type":"product","link":"https:\/\/wydawnictwo.ug.edu.pl\/en\/ksiegarnia-online\/ekonomia\/ewolucja-i-znaczenie-portow-morskich-w-krajach-unii-europejskiej\/","title":{"rendered":"Ewolucja i znaczenie port\u00f3w morskich w krajach Unii Europejskiej"},"content":{"rendered":"","protected":false},"excerpt":{"rendered":"<p>Publikacja dotyczy zasad funkcjonowania gospodarki port\u00f3w morskich jako wa\u017cnego instrumentu element\u00f3w infrastruktury transportowej i gospodarki morskiej kraj\u00f3w Unii Europejskiej o globalnym zasi\u0119gu. W tre\u015bci odniesiono si\u0119 do poj\u0119cia portu, przedstawiono typologi\u0119 port\u00f3w morskich oraz ich funkcje. Ponadto opisano rozw\u00f3j port\u00f3w europejskich od czas\u00f3w staro\u017cytnych do wsp\u00f3\u0142czesno\u015bci. Istotnymi zagadnieniami poruszonymi w ksi\u0105\u017cce s\u0105 tak\u017ce kwestie dotycz\u0105ce kierunk\u00f3w rozwoju europejskich port\u00f3w morskich z uwzgl\u0119dnieniem system\u00f3w pracy, finansowania dzia\u0142alno\u015bci i\u00a0nowoczesnych technologii cyfrowych. W ko\u0144cowej cz\u0119\u015bci ksi\u0105\u017cki przedstawiono charakterystyki wybranych port\u00f3w morskich w krajach Unii Europejskiej.<\/p>\n<p>Ksi\u0105\u017cka odpowiada na pytanie, do czego potrzebne s\u0105 porty morskie oraz czy ich dzia\u0142alno\u015b\u0107 przek\u0142ada si\u0119 na korzy\u015bci dla wszystkich kraj\u00f3w i ka\u017cdego obywatela danego kraju europejskiego. Korzystne efekty aktywno\u015bci port\u00f3w morskich dotycz\u0105 nawet tych pa\u0144stw, kt\u00f3re nie maj\u0105 dost\u0119pu do morza, ale kt\u00f3re eksportuj\u0105 towary poprzez porty tranzytowe i kt\u00f3re importuj\u0105 towary ze \u015bwiata, dostarczane im w du\u017cej cz\u0119\u015bci drog\u0105 morsk\u0105. W ksi\u0105\u017cce przedstawiono histori\u0119 port\u00f3w i ich rozw\u00f3j od staro\u017cytno\u015bci po dzie\u0144 dzisiejszy. Opisano tak\u017ce zagadnienia zwi\u0105zane z kapita\u0142och\u0142onnymi inwestycjami portowymi oraz zasadami zdobywania pieni\u0119dzy niezb\u0119dnymi do dalszego rozwoju. Scharakteryzowano r\u00f3wnie\u017c zawody portowe, systemy cyfrowe, kt\u00f3re u\u0142atwiaj\u0105 prac\u0119 i stanowi\u0105 czynnik zautomatyzowania cz\u0119\u015bci prac wykonywanych w portach, co w przysz\u0142o\u015bci b\u0119dzie zapewne powszechne. Ciekaw\u0105 cz\u0119\u015bci\u0105 ksi\u0105\u017cki jest prezentacja wybranych europejskich port\u00f3w morskich. Publikacja pozwala zrozumie\u0107 zadania, jakie spe\u0142niaj\u0105 wsp\u00f3\u0142czesne porty morskie dla gospodarki poszczeg\u00f3lnych kraj\u00f3w unijnych, ale tak\u017ce handlu mi\u0119dzynarodowego. Ksi\u0105\u017cka po\u015bwi\u0119cona portom jako zasadniczemu elementowi gospodarki morskiej dobrze wpisuje si\u0119 w tematyk\u0119 badawcz\u0105 uczelni, kt\u00f3rej bliska jest problematyka morska.<\/p>\n","protected":false},"featured_media":15213,"template":"","meta":{"_acf_changed":false},"journal":[],"rodzaj":[2602],"seria":[],"product_brand":[],"product_cat":[266],"product_tag":[673,674],"class_list":{"0":"post-46515","1":"product","2":"type-product","3":"status-publish","4":"has-post-thumbnail","6":"rodzaj-ksiazki","7":"product_cat-ekonomia","8":"product_tag-eugeniusz-gostomski","9":"product_tag-tomasz-nowosielski","11":"first","12":"instock","13":"taxable","14":"shipping-taxable","15":"purchasable","16":"product-type-simple"},"acf":[],"_links":{"self":[{"href":"https:\/\/wydawnictwo.ug.edu.pl\/en\/wp-json\/wp\/v2\/product\/46515","targetHints":{"allow":["GET"]}}],"collection":[{"href":"https:\/\/wydawnictwo.ug.edu.pl\/en\/wp-json\/wp\/v2\/product"}],"about":[{"href":"https:\/\/wydawnictwo.ug.edu.pl\/en\/wp-json\/wp\/v2\/types\/product"}],"wp:featuredmedia":[{"embeddable":true,"href":"https:\/\/wydawnictwo.ug.edu.pl\/en\/wp-json\/wp\/v2\/media\/15213"}],"wp:attachment":[{"href":"https:\/\/wydawnictwo.ug.edu.pl\/en\/wp-json\/wp\/v2\/media?parent=46515"}],"wp:term":[{"taxonomy":"journal","embeddable":true,"href":"https:\/\/wydawnictwo.ug.edu.pl\/en\/wp-json\/wp\/v2\/journal?post=46515"},{"taxonomy":"rodzaj","embeddable":true,"href":"https:\/\/wydawnictwo.ug.edu.pl\/en\/wp-json\/wp\/v2\/rodzaj?post=46515"},{"taxonomy":"seria","embeddable":true,"href":"https:\/\/wydawnictwo.ug.edu.pl\/en\/wp-json\/wp\/v2\/seria?post=46515"},{"taxonomy":"product_brand","embeddable":true,"href":"https:\/\/wydawnictwo.ug.edu.pl\/en\/wp-json\/wp\/v2\/product_brand?post=46515"},{"taxonomy":"product_cat","embeddable":true,"href":"https:\/\/wydawnictwo.ug.edu.pl\/en\/wp-json\/wp\/v2\/product_cat?post=46515"},{"taxonomy":"product_tag","embeddable":true,"href":"https:\/\/wydawnictwo.ug.edu.pl\/en\/wp-json\/wp\/v2\/product_tag?post=46515"}],"curies":[{"name":"wp","href":"https:\/\/api.w.org\/{rel}","templated":true}]}}