{"id":46513,"date":"2021-08-27T07:39:00","date_gmt":"2021-08-27T07:39:00","guid":{"rendered":"https:\/\/wydawnictwo.ug.edu.pl\/ksiegarnia-online\/uncategorized\/proces-regulacji-sektora-bankowego-w-szwajcarii-w-ramach-demokracji-bezposredniej-i-systemu-federalnego-szczegolna-rola-szwajcarskiej-rady-nadzoru-rynku-finansowego-finma\/"},"modified":"2026-02-11T14:14:53","modified_gmt":"2026-02-11T14:14:53","slug":"proces-regulacji-sektora-bankowego-w-szwajcarii-w-ramach-demokracji-bezposredniej-i-systemu-federalnego-szczegolna-rola-szwajcarskiej-rady-nadzoru-rynku-finansowego-finma","status":"publish","type":"product","link":"https:\/\/wydawnictwo.ug.edu.pl\/en\/ksiegarnia-online\/zarzadzanie\/proces-regulacji-sektora-bankowego-w-szwajcarii-w-ramach-demokracji-bezposredniej-i-systemu-federalnego-szczegolna-rola-szwajcarskiej-rady-nadzoru-rynku-finansowego-finma\/","title":{"rendered":"Proces regulacji sektora bankowego w Szwajcarii w ramach demokracji bezpo\u015bredniej i systemu federalnego. Szczeg\u00f3lna rola Szwajcarskiej Rady Nadzoru Rynku Finansowego FINMA"},"content":{"rendered":"","protected":false},"excerpt":{"rendered":"<p>Szwajcarski sektor bankowy jest od dziesi\u0105tek lat jednym z najwa\u017cniejszych segment\u00f3w rynku finansowego. O jego sile oddzia\u0142ywania decyduje mi\u0119dzy innymi neutralno\u015b\u0107 i stabilno\u015b\u0107 polityczna, kt\u00f3ra charakteryzuje Konfederacj\u0119 Szwajcarsk\u0105. W niniejszej ksi\u0105\u017cce autor stara si\u0119 zbada\u0107 te dwa wymiary i znale\u017a\u0107 odpowied\u017a na pytanie, w jaki spos\u00f3b uwarunkowania polityczne wp\u0142ywaj\u0105 na kszta\u0142t szwajcarskiego systemu bankowego. Wyja\u015bnienie tego zagadnienia jest tym istotniejsze, \u017ce autor pr\u00f3buje heterogeniczne rozwi\u0105zania w szwajcarskim systemie bankowym i politycznym, charakteryzuj\u0105ce systemy konfederacyjne, odnosi\u0107 do r\u00f3\u017cnorodnych rozwi\u0105za\u0144 stosowanych w ramach Unii Europejskiej b\u0119d\u0105cej \u2013 podobnie jak nominalnie Szwajcaria \u2013 konfederacj\u0105 pa\u0144stw.<\/p>\n<p>Publikacja powsta\u0142a na podstawie dysertacji wyr\u00f3\u017cnionej w konkursie o nagrod\u0119 Prezesa Bankowego Funduszu Gwarancyjnego dla najlepszych prac doktorskich z zakresu system\u00f3w gwarantowania depozyt\u00f3w, restrukturyzacji lub uporz\u0105dkowanej likwidacji instytucji finansowych, infrastruktury regulacyjnej systemu finansowego, problematyki bezpiecze\u0144stwa finansowego bank\u00f3w oraz stabilno\u015bci finansowej obronionych w roku 2019.<\/p>\n","protected":false},"featured_media":15221,"template":"","meta":{"_acf_changed":false},"journal":[],"rodzaj":[],"seria":[],"product_brand":[],"product_cat":[6942],"product_tag":[],"class_list":{"0":"post-46513","1":"product","2":"type-product","3":"status-publish","4":"has-post-thumbnail","6":"product_cat-zarzadzanie","8":"first","9":"outofstock","10":"taxable","11":"shipping-taxable","12":"purchasable","13":"product-type-simple"},"acf":[],"_links":{"self":[{"href":"https:\/\/wydawnictwo.ug.edu.pl\/en\/wp-json\/wp\/v2\/product\/46513","targetHints":{"allow":["GET"]}}],"collection":[{"href":"https:\/\/wydawnictwo.ug.edu.pl\/en\/wp-json\/wp\/v2\/product"}],"about":[{"href":"https:\/\/wydawnictwo.ug.edu.pl\/en\/wp-json\/wp\/v2\/types\/product"}],"wp:featuredmedia":[{"embeddable":true,"href":"https:\/\/wydawnictwo.ug.edu.pl\/en\/wp-json\/wp\/v2\/media\/15221"}],"wp:attachment":[{"href":"https:\/\/wydawnictwo.ug.edu.pl\/en\/wp-json\/wp\/v2\/media?parent=46513"}],"wp:term":[{"taxonomy":"journal","embeddable":true,"href":"https:\/\/wydawnictwo.ug.edu.pl\/en\/wp-json\/wp\/v2\/journal?post=46513"},{"taxonomy":"rodzaj","embeddable":true,"href":"https:\/\/wydawnictwo.ug.edu.pl\/en\/wp-json\/wp\/v2\/rodzaj?post=46513"},{"taxonomy":"seria","embeddable":true,"href":"https:\/\/wydawnictwo.ug.edu.pl\/en\/wp-json\/wp\/v2\/seria?post=46513"},{"taxonomy":"product_brand","embeddable":true,"href":"https:\/\/wydawnictwo.ug.edu.pl\/en\/wp-json\/wp\/v2\/product_brand?post=46513"},{"taxonomy":"product_cat","embeddable":true,"href":"https:\/\/wydawnictwo.ug.edu.pl\/en\/wp-json\/wp\/v2\/product_cat?post=46513"},{"taxonomy":"product_tag","embeddable":true,"href":"https:\/\/wydawnictwo.ug.edu.pl\/en\/wp-json\/wp\/v2\/product_tag?post=46513"}],"curies":[{"name":"wp","href":"https:\/\/api.w.org\/{rel}","templated":true}]}}