{"id":46512,"date":"2021-08-27T07:54:38","date_gmt":"2021-08-27T07:54:38","guid":{"rendered":"https:\/\/wydawnictwo.ug.edu.pl\/ksiegarnia-online\/uncategorized\/radiochemia-srodowiska\/"},"modified":"2026-02-11T14:14:54","modified_gmt":"2026-02-11T14:14:54","slug":"radiochemia-srodowiska","status":"publish","type":"product","link":"https:\/\/wydawnictwo.ug.edu.pl\/en\/ksiegarnia-online\/chemia-i-fizyka\/radiochemia-srodowiska\/","title":{"rendered":"Radiochemia \u015brodowiska"},"content":{"rendered":"","protected":false},"excerpt":{"rendered":"<p>Tre\u015bci\u0105 ksi\u0105\u017cki s\u0105 nast\u0119puj\u0105ce\u00a0 zagadnienia: budowa materii, promieniotw\u00f3rczo\u015b\u0107 naturalna i sztuczna, odzia\u0142ywanie promieniowania jonizuj\u0105cego z materia \u017cyw\u0105 (w tym radioliza i dozymatria), normy ochrony radiologicznej, pochodzenie sztucznych pierwiastk\u00f3w promieniotw\u00f3rczych w \u015brodowisku przyrodniczym (w tym skutki katastrof w elektrowniach j\u0105drowych w\u00a0 Czarnobylu i Fukushimie), analiza nuklid\u00f3w promieniotw\u00f3rczych i jej zastosowanie w analizie \u015brodowiska,\u00a0 radionuklidy w organizmie cz\u0142owieka,\u00a0 radionuklidy w ekosystemach l\u0105dowych, wodnych i morskich, w tym w \u015brodowisku l\u0105dowym i wodnym Polski oraz po\u0142udniowego Ba\u0142tyku, ska\u017cenie radiochemiczne \u015brodowiska przyrodniczego wok\u00f3\u0142 ha\u0142dy fosfogips\u00f3w w Wi\u015blince, zastosowanie\u00a0\u00a0 radionuklid\u00f3w w technice (energetyka j\u0105drowa i odpady promieniotw\u00f3rcze), wojsku (bro\u0144 j\u0105drowa, termoj\u0105drowa i neutronowa), medycynie (medycyna nuklearna) i nauce (geochronologia izotopowa). Ksi\u0105\u017cka podaje czytelnikowi nie tylko podstawy wiedzy o promieniowaniu jonizuj\u0105cym, izotopach promieniotw\u00f3rczych w \u015brodowisku przyrodniczym i ich znaczeniu dla cz\u0142owieka, ale i wyja\u015bnia szereg w\u0105tpliwo\u015bci, pokazuje korzy\u015bci i straty wynikaj\u0105ce z wykorzystania radionuklid\u00f3w oraz ukazuje \u201eblaski i cienie\u201d rozwoju energetyki j\u0105drowej.<\/p>\n","protected":false},"featured_media":15225,"template":"","meta":{"_acf_changed":false},"journal":[],"rodzaj":[],"seria":[],"product_brand":[],"product_cat":[7308],"product_tag":[7960],"class_list":{"0":"post-46512","1":"product","2":"type-product","3":"status-publish","4":"has-post-thumbnail","6":"product_cat-chemia-i-fizyka","7":"product_tag-bogdan-skwarzec","9":"first","10":"instock","11":"taxable","12":"shipping-taxable","13":"purchasable","14":"product-type-simple"},"acf":[],"_links":{"self":[{"href":"https:\/\/wydawnictwo.ug.edu.pl\/en\/wp-json\/wp\/v2\/product\/46512","targetHints":{"allow":["GET"]}}],"collection":[{"href":"https:\/\/wydawnictwo.ug.edu.pl\/en\/wp-json\/wp\/v2\/product"}],"about":[{"href":"https:\/\/wydawnictwo.ug.edu.pl\/en\/wp-json\/wp\/v2\/types\/product"}],"wp:featuredmedia":[{"embeddable":true,"href":"https:\/\/wydawnictwo.ug.edu.pl\/en\/wp-json\/wp\/v2\/media\/15225"}],"wp:attachment":[{"href":"https:\/\/wydawnictwo.ug.edu.pl\/en\/wp-json\/wp\/v2\/media?parent=46512"}],"wp:term":[{"taxonomy":"journal","embeddable":true,"href":"https:\/\/wydawnictwo.ug.edu.pl\/en\/wp-json\/wp\/v2\/journal?post=46512"},{"taxonomy":"rodzaj","embeddable":true,"href":"https:\/\/wydawnictwo.ug.edu.pl\/en\/wp-json\/wp\/v2\/rodzaj?post=46512"},{"taxonomy":"seria","embeddable":true,"href":"https:\/\/wydawnictwo.ug.edu.pl\/en\/wp-json\/wp\/v2\/seria?post=46512"},{"taxonomy":"product_brand","embeddable":true,"href":"https:\/\/wydawnictwo.ug.edu.pl\/en\/wp-json\/wp\/v2\/product_brand?post=46512"},{"taxonomy":"product_cat","embeddable":true,"href":"https:\/\/wydawnictwo.ug.edu.pl\/en\/wp-json\/wp\/v2\/product_cat?post=46512"},{"taxonomy":"product_tag","embeddable":true,"href":"https:\/\/wydawnictwo.ug.edu.pl\/en\/wp-json\/wp\/v2\/product_tag?post=46512"}],"curies":[{"name":"wp","href":"https:\/\/api.w.org\/{rel}","templated":true}]}}