{"id":46510,"date":"2021-08-27T08:16:49","date_gmt":"2021-08-27T08:16:49","guid":{"rendered":"https:\/\/wydawnictwo.ug.edu.pl\/ksiegarnia-online\/uncategorized\/rachunek-kosztow-w-podmiotach-leczniczych\/"},"modified":"2026-02-11T14:14:55","modified_gmt":"2026-02-11T14:14:55","slug":"rachunek-kosztow-w-podmiotach-leczniczych","status":"publish","type":"product","link":"https:\/\/wydawnictwo.ug.edu.pl\/en\/ksiegarnia-online\/zarzadzanie\/rachunek-kosztow-w-podmiotach-leczniczych\/","title":{"rendered":"Rachunek koszt\u00f3w w podmiotach leczniczych"},"content":{"rendered":"","protected":false},"excerpt":{"rendered":"<p>Niniejsza publikacja mo\u017ce stanowi\u0107 pomoc dydaktyczn\u0105 dla student\u00f3w studi\u00f3w pierwszego stopnia na kierunku zarz\u0105dzanie instytucjami s\u0142u\u017cby zdrowia, s\u0142uchaczy studi\u00f3w podyplomowych z tego obszaru oraz s\u0142u\u017cb finansowo-ksi\u0119gowych i zarz\u0105dczych w podmiotach leczniczych.<\/p>\n<p>Ksi\u0105\u017cka finansowana w ramach Programu ProUG<\/p>\n","protected":false},"featured_media":15233,"template":"","meta":{"_acf_changed":false},"journal":[],"rodzaj":[7075],"seria":[],"product_brand":[],"product_cat":[6942],"product_tag":[7957,7463,7958,7959],"class_list":{"0":"post-46510","1":"product","2":"type-product","3":"status-publish","4":"has-post-thumbnail","6":"rodzaj-e-book","7":"product_cat-zarzadzanie","8":"product_tag-aleksandra-zurawik","9":"product_tag-ewa-malinowska","10":"product_tag-malgorzata-cyganska","11":"product_tag-teresa-martyniuk","13":"first","14":"instock","15":"taxable","16":"shipping-taxable","17":"product-type-external"},"acf":[],"_links":{"self":[{"href":"https:\/\/wydawnictwo.ug.edu.pl\/en\/wp-json\/wp\/v2\/product\/46510","targetHints":{"allow":["GET"]}}],"collection":[{"href":"https:\/\/wydawnictwo.ug.edu.pl\/en\/wp-json\/wp\/v2\/product"}],"about":[{"href":"https:\/\/wydawnictwo.ug.edu.pl\/en\/wp-json\/wp\/v2\/types\/product"}],"wp:featuredmedia":[{"embeddable":true,"href":"https:\/\/wydawnictwo.ug.edu.pl\/en\/wp-json\/wp\/v2\/media\/15233"}],"wp:attachment":[{"href":"https:\/\/wydawnictwo.ug.edu.pl\/en\/wp-json\/wp\/v2\/media?parent=46510"}],"wp:term":[{"taxonomy":"journal","embeddable":true,"href":"https:\/\/wydawnictwo.ug.edu.pl\/en\/wp-json\/wp\/v2\/journal?post=46510"},{"taxonomy":"rodzaj","embeddable":true,"href":"https:\/\/wydawnictwo.ug.edu.pl\/en\/wp-json\/wp\/v2\/rodzaj?post=46510"},{"taxonomy":"seria","embeddable":true,"href":"https:\/\/wydawnictwo.ug.edu.pl\/en\/wp-json\/wp\/v2\/seria?post=46510"},{"taxonomy":"product_brand","embeddable":true,"href":"https:\/\/wydawnictwo.ug.edu.pl\/en\/wp-json\/wp\/v2\/product_brand?post=46510"},{"taxonomy":"product_cat","embeddable":true,"href":"https:\/\/wydawnictwo.ug.edu.pl\/en\/wp-json\/wp\/v2\/product_cat?post=46510"},{"taxonomy":"product_tag","embeddable":true,"href":"https:\/\/wydawnictwo.ug.edu.pl\/en\/wp-json\/wp\/v2\/product_tag?post=46510"}],"curies":[{"name":"wp","href":"https:\/\/api.w.org\/{rel}","templated":true}]}}