{"id":46507,"date":"2021-08-27T10:28:26","date_gmt":"2021-08-27T10:28:26","guid":{"rendered":"https:\/\/wydawnictwo.ug.edu.pl\/ksiegarnia-online\/uncategorized\/lord-mansfield-to-be-a-judge\/"},"modified":"2026-02-11T14:14:59","modified_gmt":"2026-02-11T14:14:59","slug":"lord-mansfield-to-be-a-judge","status":"publish","type":"product","link":"https:\/\/wydawnictwo.ug.edu.pl\/en\/ksiegarnia-online\/prawo-i-administracja\/lord-mansfield-to-be-a-judge\/","title":{"rendered":"Lord Mansfield. To Be a Judge!"},"content":{"rendered":"","protected":false},"excerpt":{"rendered":"<p>Jerzy Zajad\u0142o\u2019s achievement is that by giving an impassioned account of\u00a0 Lord Mansfield\u2019s life and career he enhances the Polish reader\u2019s knowledge of\u00a0 courts and their functioning: of what a judge \u2013 as a skilled jurist &#8211; must grapple with in passing judgment; of his\/her confrontation with social and political expectations. (Let us not be afraid to acknowledge that such confrontations happen, but they have to be faced in accord with a professional ethos and with the tools of the legal trade.) And in this matter the example of Mansfield \u2013 as an advisor to the King who was also able as a judge to maintain an appropriate distance and objectivity \u2013 may prove particularly instructive. The author manages successfully to capture the distinctive philosophy of judgment demonstrated by Mansfield. That philosophy is expressed in an approach to law that is inclusive and one that cares for the social roots that give it legitimacy. In this way, the author and his subject demonstrate a congruence of cognitive principles. Zajad\u0142o\u2019s presentation of Lord Mansfield as a jurist takes place via a discussion of his judgments, and these judgments are the book\u2019s real protagonists. Rarely have doubtful and controversial issues or the dilemmas of judgment been presented in such a readable form.<\/p>\n<p><em>Professor Ewa \u0141\u0119towska<\/em><\/p>\n<p>&nbsp;<\/p>\n<p>Rozmowa o ksi\u0105\u017cce odby\u0142a si\u0119 podczas <a href=\"https:\/\/wydawnictwo.ug.edu.pl\/aktualnosci\/lato-z-foka-kulturalne-plazowanie-w-helu-rozmowa-z-prof-jerzym-zajadlo\/\">Lata z fok\u0105 &#8211; kulturalnego pla\u017cowania w Helu<\/a>.<\/p>\n","protected":false},"featured_media":15249,"template":"","meta":{"_acf_changed":false},"journal":[],"rodzaj":[7074],"seria":[],"product_brand":[],"product_cat":[6958,6932],"product_tag":[7509],"class_list":{"0":"post-46507","1":"product","2":"type-product","3":"status-publish","4":"has-post-thumbnail","6":"rodzaj-ksiazki","7":"product_cat-historia","8":"product_cat-prawo-i-administracja","9":"product_tag-jerzy-zajadlojerzy-zajadlo","11":"first","12":"instock","13":"taxable","14":"shipping-taxable","15":"purchasable","16":"product-type-simple"},"acf":[],"_links":{"self":[{"href":"https:\/\/wydawnictwo.ug.edu.pl\/en\/wp-json\/wp\/v2\/product\/46507","targetHints":{"allow":["GET"]}}],"collection":[{"href":"https:\/\/wydawnictwo.ug.edu.pl\/en\/wp-json\/wp\/v2\/product"}],"about":[{"href":"https:\/\/wydawnictwo.ug.edu.pl\/en\/wp-json\/wp\/v2\/types\/product"}],"wp:featuredmedia":[{"embeddable":true,"href":"https:\/\/wydawnictwo.ug.edu.pl\/en\/wp-json\/wp\/v2\/media\/15249"}],"wp:attachment":[{"href":"https:\/\/wydawnictwo.ug.edu.pl\/en\/wp-json\/wp\/v2\/media?parent=46507"}],"wp:term":[{"taxonomy":"journal","embeddable":true,"href":"https:\/\/wydawnictwo.ug.edu.pl\/en\/wp-json\/wp\/v2\/journal?post=46507"},{"taxonomy":"rodzaj","embeddable":true,"href":"https:\/\/wydawnictwo.ug.edu.pl\/en\/wp-json\/wp\/v2\/rodzaj?post=46507"},{"taxonomy":"seria","embeddable":true,"href":"https:\/\/wydawnictwo.ug.edu.pl\/en\/wp-json\/wp\/v2\/seria?post=46507"},{"taxonomy":"product_brand","embeddable":true,"href":"https:\/\/wydawnictwo.ug.edu.pl\/en\/wp-json\/wp\/v2\/product_brand?post=46507"},{"taxonomy":"product_cat","embeddable":true,"href":"https:\/\/wydawnictwo.ug.edu.pl\/en\/wp-json\/wp\/v2\/product_cat?post=46507"},{"taxonomy":"product_tag","embeddable":true,"href":"https:\/\/wydawnictwo.ug.edu.pl\/en\/wp-json\/wp\/v2\/product_tag?post=46507"}],"curies":[{"name":"wp","href":"https:\/\/api.w.org\/{rel}","templated":true}]}}