{"id":46505,"date":"2021-08-27T12:33:39","date_gmt":"2021-08-27T12:33:39","guid":{"rendered":"https:\/\/wydawnictwo.ug.edu.pl\/ksiegarnia-online\/uncategorized\/inwestycje-klasyczne-i-alternatywne-w-kontekscie-uwarunkowan-behawioralnych\/"},"modified":"2026-02-11T14:15:01","modified_gmt":"2026-02-11T14:15:01","slug":"inwestycje-klasyczne-i-alternatywne-w-kontekscie-uwarunkowan-behawioralnych","status":"publish","type":"product","link":"https:\/\/wydawnictwo.ug.edu.pl\/en\/ksiegarnia-online\/zarzadzanie\/inwestycje-klasyczne-i-alternatywne-w-kontekscie-uwarunkowan-behawioralnych\/","title":{"rendered":"Inwestycje klasyczne i alternatywne w kontek\u015bcie uwarunkowa\u0144 behawioralnych"},"content":{"rendered":"","protected":false},"excerpt":{"rendered":"<p>Niniejsza publikacja dotyczy bada\u0144 zachowa\u0144 inwestor\u00f3w na globalnym rynku inwestycyjnym z uwzgl\u0119dnieniem aspekt\u00f3w behawioralnych, kt\u00f3rych skutkiem mog\u0105 by\u0107 mniejsze lub wi\u0119ksze oddzia\u0142ywania na ceny poszczeg\u00f3lnych aktyw\u00f3w wchodz\u0105cych w sk\u0142ad analizowanych portfeli inwestycyjnych.<\/p>\n<p>Publikacja ma charakter teoretyczno-empiryczny, gdy\u017c zawiera kompendium wiedzy z zakresu finans\u00f3w behawioralnych oraz dane empiryczne analizowanych portfeli inwestycyjnych. W publikacji dokonano analizy danych statystycznych poszczeg\u00f3lnych portfeli inwestycyjnych z okresu badawczego obejmuj\u0105cego lata 2001\u20132020. Wykorzystano r\u00f3wnie\u017c metodyk\u0119 analizy zdarze\u0144 do weryfikacji zachowa\u0144 inwestor\u00f3w w aspekcie 21 r\u00f3\u017cnych wydarze\u0144 niezapowiedzianych. Podj\u0119to tak\u017ce pr\u00f3b\u0119 weryfikacji tego, kt\u00f3re portfele inwestycyjne s\u0105 mniej\/bardziej ryzykowne oraz mniej\/bardziej zyskowne w okresach turbulencji na gie\u0142dach papier\u00f3w warto\u015bciowych oraz w czasie du\u017cej globalnej niepewno\u015bci.<\/p>\n","protected":false},"featured_media":15271,"template":"","meta":{"_acf_changed":false},"journal":[],"rodzaj":[],"seria":[],"product_brand":[],"product_cat":[6942],"product_tag":[7954],"class_list":{"0":"post-46505","1":"product","2":"type-product","3":"status-publish","4":"has-post-thumbnail","6":"product_cat-zarzadzanie","7":"product_tag-slawomir-kujawaslawomir-kujawa","9":"first","10":"instock","11":"taxable","12":"shipping-taxable","13":"purchasable","14":"product-type-simple"},"acf":[],"_links":{"self":[{"href":"https:\/\/wydawnictwo.ug.edu.pl\/en\/wp-json\/wp\/v2\/product\/46505","targetHints":{"allow":["GET"]}}],"collection":[{"href":"https:\/\/wydawnictwo.ug.edu.pl\/en\/wp-json\/wp\/v2\/product"}],"about":[{"href":"https:\/\/wydawnictwo.ug.edu.pl\/en\/wp-json\/wp\/v2\/types\/product"}],"wp:featuredmedia":[{"embeddable":true,"href":"https:\/\/wydawnictwo.ug.edu.pl\/en\/wp-json\/wp\/v2\/media\/15271"}],"wp:attachment":[{"href":"https:\/\/wydawnictwo.ug.edu.pl\/en\/wp-json\/wp\/v2\/media?parent=46505"}],"wp:term":[{"taxonomy":"journal","embeddable":true,"href":"https:\/\/wydawnictwo.ug.edu.pl\/en\/wp-json\/wp\/v2\/journal?post=46505"},{"taxonomy":"rodzaj","embeddable":true,"href":"https:\/\/wydawnictwo.ug.edu.pl\/en\/wp-json\/wp\/v2\/rodzaj?post=46505"},{"taxonomy":"seria","embeddable":true,"href":"https:\/\/wydawnictwo.ug.edu.pl\/en\/wp-json\/wp\/v2\/seria?post=46505"},{"taxonomy":"product_brand","embeddable":true,"href":"https:\/\/wydawnictwo.ug.edu.pl\/en\/wp-json\/wp\/v2\/product_brand?post=46505"},{"taxonomy":"product_cat","embeddable":true,"href":"https:\/\/wydawnictwo.ug.edu.pl\/en\/wp-json\/wp\/v2\/product_cat?post=46505"},{"taxonomy":"product_tag","embeddable":true,"href":"https:\/\/wydawnictwo.ug.edu.pl\/en\/wp-json\/wp\/v2\/product_tag?post=46505"}],"curies":[{"name":"wp","href":"https:\/\/api.w.org\/{rel}","templated":true}]}}