{"id":46504,"date":"2021-08-30T10:51:42","date_gmt":"2021-08-30T10:51:42","guid":{"rendered":"https:\/\/wydawnictwo.ug.edu.pl\/ksiegarnia-online\/uncategorized\/sztuka-aktorska-aleksandry-slaskiej\/"},"modified":"2026-02-11T14:15:03","modified_gmt":"2026-02-11T14:15:03","slug":"sztuka-aktorska-aleksandry-slaskiej","status":"publish","type":"product","link":"https:\/\/wydawnictwo.ug.edu.pl\/en\/ksiegarnia-online\/historia-sztuki-i-kulturoznawstwo\/sztuka-aktorska-aleksandry-slaskiej\/","title":{"rendered":"Sztuka aktorska Aleksandry \u015al\u0105skiej"},"content":{"rendered":"","protected":false},"excerpt":{"rendered":"<p>W ksi\u0105\u017cce przedstawiono badania dotycz\u0105ce dorobku artystycznego Aleksandry \u015al\u0105skiej, ze szczeg\u00f3lnym uwzgl\u0119dnieniem wizerunku zimnej aktorki \u2013 specjalistki od r\u00f3l Niemek i\u00a0arystokratek. Cel monografii sprowadza si\u0119 do ukazania okoliczno\u015bci sprzyjaj\u0105cych kszta\u0142towaniu powsta\u0142ego stereotypu oraz pr\u00f3by rozbicia powszechnego wyobra\u017cenia na temat \u015al\u0105skiej poprzez prezentacj\u0119 jej mniej znanego oblicza zawodowego i\u00a0prywatnego. Ksi\u0105\u017cka podzielona zosta\u0142a na dziewi\u0119\u0107 cz\u0119\u015bci, po\u015bwi\u0119conych okre\u015blonym kr\u0119gom tematycznym, kt\u00f3rymi do pewnego stopnia rz\u0105dzi porz\u0105dek chronologiczny. W pierwszej sekwencji przedstawiono rodzinne oraz aktorskie korzenie \u015al\u0105skiej. Niema\u0142o miejsca zaj\u0119\u0142y opisy studi\u00f3w w Pa\u0144stwowej Szkole Dramatycznej w Krakowie, pierwszych krok\u00f3w stawianych na deskach Miejskich Teatr\u00f3w Dramatycznych oraz fascynacji Juliuszem Osterw\u0105. Druga sekwencja dotyczy samej \u015al\u0105skiej \u2013 cech jej charakteru, metod tw\u00f3rczych oraz pogl\u0105d\u00f3w na teatr i sztuk\u0119 aktorsk\u0105, z\u00a0czego wy\u0142oni\u0142 si\u0119 obraz wielkiej, momentami bezkompromisowej indywidualno\u015bci. W\u00a0kolejnym rozdziale wizerunek ten ulega poszerzeniu o w\u0105tek przynale\u017cno\u015bci artystki do pokolenia, kt\u00f3re, tworz\u0105c zjawiska polskiej szko\u0142y s\u0142uchowiska, polskiej szko\u0142y dubbingu oraz Teatru Telewizji, zas\u0142u\u017cy\u0142o si\u0119 dla rozwoju polskiej kultury w latach PRL-u. Dokonano r\u00f3wnie\u017c przegl\u0105du kreacji aktorskich \u015al\u0105skiej mog\u0105cych wywo\u0142ywa\u0107 najwi\u0119ksze zdziwienie, gdy\u017c najbardziej odleg\u0142ych od powszechnego wyobra\u017cenia na temat \u015al\u0105skiej \u2013 a mianowicie r\u00f3l kobiet perwersyjnych, znerwicowanych, o demonicznej naturze, a tak\u017ce wciele\u0144 z repertuaru komediowego. W ostatnich ods\u0142onach ksi\u0105\u017cki ukazano naturalne konsekwencje artystycznej drogi, kt\u00f3ra doprowadzi\u0142a \u015al\u0105sk\u0105 do podj\u0119cia re\u017cyserskich wyzwa\u0144 oraz d\u0142ugoletniej pracy pedagogicznej. Powr\u00f3t \u015al\u0105skiej do szko\u0142y mia\u0142 wymiar symboliczny, pokazywa\u0142, jak historia zatoczy\u0142a ko\u0142o. Oddaj\u0105c si\u0119 wychowaniu m\u0142odego pokolenia ludzi sztuki, sp\u0142aca\u0142a d\u0142ug swym wielkim mistrzom.<\/p>\n","protected":false},"featured_media":15288,"template":"","meta":{"_acf_changed":false},"journal":[],"rodzaj":[7074,7076],"seria":[7797],"product_brand":[],"product_cat":[6936],"product_tag":[7953],"class_list":{"0":"post-46504","1":"product","2":"type-product","3":"status-publish","4":"has-post-thumbnail","6":"rodzaj-ksiazki","7":"rodzaj-serie-wydawnicze","8":"seria-dissertationes-laudatissimae-universitas-gedanensis","9":"product_cat-historia-sztuki-i-kulturoznawstwo","10":"product_tag-marta-ceberamarta-cebera","12":"first","13":"instock","14":"taxable","15":"shipping-taxable","16":"purchasable","17":"product-type-simple"},"acf":[],"_links":{"self":[{"href":"https:\/\/wydawnictwo.ug.edu.pl\/en\/wp-json\/wp\/v2\/product\/46504","targetHints":{"allow":["GET"]}}],"collection":[{"href":"https:\/\/wydawnictwo.ug.edu.pl\/en\/wp-json\/wp\/v2\/product"}],"about":[{"href":"https:\/\/wydawnictwo.ug.edu.pl\/en\/wp-json\/wp\/v2\/types\/product"}],"wp:featuredmedia":[{"embeddable":true,"href":"https:\/\/wydawnictwo.ug.edu.pl\/en\/wp-json\/wp\/v2\/media\/15288"}],"wp:attachment":[{"href":"https:\/\/wydawnictwo.ug.edu.pl\/en\/wp-json\/wp\/v2\/media?parent=46504"}],"wp:term":[{"taxonomy":"journal","embeddable":true,"href":"https:\/\/wydawnictwo.ug.edu.pl\/en\/wp-json\/wp\/v2\/journal?post=46504"},{"taxonomy":"rodzaj","embeddable":true,"href":"https:\/\/wydawnictwo.ug.edu.pl\/en\/wp-json\/wp\/v2\/rodzaj?post=46504"},{"taxonomy":"seria","embeddable":true,"href":"https:\/\/wydawnictwo.ug.edu.pl\/en\/wp-json\/wp\/v2\/seria?post=46504"},{"taxonomy":"product_brand","embeddable":true,"href":"https:\/\/wydawnictwo.ug.edu.pl\/en\/wp-json\/wp\/v2\/product_brand?post=46504"},{"taxonomy":"product_cat","embeddable":true,"href":"https:\/\/wydawnictwo.ug.edu.pl\/en\/wp-json\/wp\/v2\/product_cat?post=46504"},{"taxonomy":"product_tag","embeddable":true,"href":"https:\/\/wydawnictwo.ug.edu.pl\/en\/wp-json\/wp\/v2\/product_tag?post=46504"}],"curies":[{"name":"wp","href":"https:\/\/api.w.org\/{rel}","templated":true}]}}