{"id":46502,"date":"2021-08-30T11:33:26","date_gmt":"2021-08-30T11:33:26","guid":{"rendered":"https:\/\/wydawnictwo.ug.edu.pl\/ksiegarnia-online\/uncategorized\/efektywnosc-systemu-dozoru-elektronicznego-w-polsce-w-swietle-badan-empirycznych\/"},"modified":"2026-02-11T14:12:07","modified_gmt":"2026-02-11T14:12:07","slug":"efektywnosc-systemu-dozoru-elektronicznego-w-polsce-w-swietle-badan-empirycznych","status":"publish","type":"product","link":"https:\/\/wydawnictwo.ug.edu.pl\/en\/ksiegarnia-online\/prawo-i-administracja\/efektywnosc-systemu-dozoru-elektronicznego-w-polsce-w-swietle-badan-empirycznych\/","title":{"rendered":"Efektywno\u015b\u0107 systemu dozoru elektronicznego w Polsce w \u015bwietle bada\u0144 empirycznych"},"content":{"rendered":"","protected":false},"excerpt":{"rendered":"<p>Przedstawiona ksi\u0105\u017cka zawiera opis przeprowadzonych przez autora bada\u0144 empirycznych w obr\u0119bie Systemu Dozoru Elektronicznego (SDE). Analiz dokonano, opieraj\u0105c si\u0119 na programie Narodowego Centrum Nauki Preludium. W pracy poddano analizie wp\u0142yw SDE\u00a0 na powrotno\u015b\u0107 do przest\u0119pstwa po zako\u0144czeniu odbywania kary pozbawienia wolno\u015bci w SDE (badania longitudinalne). Na potrzeby bada\u0144 wykorzystano istniej\u0105ce bazy elektroniczne, kt\u00f3re pozwoli\u0142y na stworzenie globalnej bazy wiedzy o osobach, kt\u00f3re zako\u0144czy\u0142y kary w SDE. Wyniki przedstawione w pracy daj\u0105 rzeczywisty obraz istotnego wycinka polskiego systemu dozorowania elektronicznego i mog\u0105 wp\u0142yn\u0105\u0107 na jego kszta\u0142t w przysz\u0142o\u015bci.<\/p>\n","protected":false},"featured_media":15307,"template":"","meta":{"_acf_changed":false},"journal":[],"rodzaj":[],"seria":[],"product_brand":[],"product_cat":[6932],"product_tag":[7952],"class_list":{"0":"post-46502","1":"product","2":"type-product","3":"status-publish","4":"has-post-thumbnail","6":"product_cat-prawo-i-administracja","7":"product_tag-bartosz-kedzierskibartosz-kedzierski","9":"first","10":"instock","11":"taxable","12":"shipping-taxable","13":"purchasable","14":"product-type-simple"},"acf":[],"_links":{"self":[{"href":"https:\/\/wydawnictwo.ug.edu.pl\/en\/wp-json\/wp\/v2\/product\/46502","targetHints":{"allow":["GET"]}}],"collection":[{"href":"https:\/\/wydawnictwo.ug.edu.pl\/en\/wp-json\/wp\/v2\/product"}],"about":[{"href":"https:\/\/wydawnictwo.ug.edu.pl\/en\/wp-json\/wp\/v2\/types\/product"}],"wp:featuredmedia":[{"embeddable":true,"href":"https:\/\/wydawnictwo.ug.edu.pl\/en\/wp-json\/wp\/v2\/media\/15307"}],"wp:attachment":[{"href":"https:\/\/wydawnictwo.ug.edu.pl\/en\/wp-json\/wp\/v2\/media?parent=46502"}],"wp:term":[{"taxonomy":"journal","embeddable":true,"href":"https:\/\/wydawnictwo.ug.edu.pl\/en\/wp-json\/wp\/v2\/journal?post=46502"},{"taxonomy":"rodzaj","embeddable":true,"href":"https:\/\/wydawnictwo.ug.edu.pl\/en\/wp-json\/wp\/v2\/rodzaj?post=46502"},{"taxonomy":"seria","embeddable":true,"href":"https:\/\/wydawnictwo.ug.edu.pl\/en\/wp-json\/wp\/v2\/seria?post=46502"},{"taxonomy":"product_brand","embeddable":true,"href":"https:\/\/wydawnictwo.ug.edu.pl\/en\/wp-json\/wp\/v2\/product_brand?post=46502"},{"taxonomy":"product_cat","embeddable":true,"href":"https:\/\/wydawnictwo.ug.edu.pl\/en\/wp-json\/wp\/v2\/product_cat?post=46502"},{"taxonomy":"product_tag","embeddable":true,"href":"https:\/\/wydawnictwo.ug.edu.pl\/en\/wp-json\/wp\/v2\/product_tag?post=46502"}],"curies":[{"name":"wp","href":"https:\/\/api.w.org\/{rel}","templated":true}]}}