{"id":46500,"date":"2021-09-03T11:32:32","date_gmt":"2021-09-03T11:32:32","guid":{"rendered":"https:\/\/wydawnictwo.ug.edu.pl\/ksiegarnia-online\/uncategorized\/postepowania-grupowe-w-sprawach-konsumenckich-studium-prawnoporownawcze\/"},"modified":"2026-02-11T14:12:10","modified_gmt":"2026-02-11T14:12:10","slug":"postepowania-grupowe-w-sprawach-konsumenckich-studium-prawnoporownawcze","status":"publish","type":"product","link":"https:\/\/wydawnictwo.ug.edu.pl\/en\/ksiegarnia-online\/prawo-i-administracja\/postepowania-grupowe-w-sprawach-konsumenckich-studium-prawnoporownawcze\/","title":{"rendered":"Post\u0119powania grupowe w sprawach konsumenckich. Studium prawnopor\u00f3wnawcze"},"content":{"rendered":"","protected":false},"excerpt":{"rendered":"<p>Instytucja post\u0119powania grupowego w krajach Unii Europejskiej jest stosowana stosunkowo kr\u00f3tko, jednak mo\u017ce mie\u0107 donios\u0142e znaczenie dla obrotu gospodarczego, w szczeg\u00f3lno\u015bci w przypadku spor\u00f3w instytucji finansowych oraz najwi\u0119kszych korporacji z konsumentami. Niniejsza publikacja jest ukierunkowana na analiz\u0119 prawnopor\u00f3wnawcz\u0105 instytucji post\u0119powania grupowego w wybranych systemach prawnych oraz prze\u015bledzenie najnowszych zmian dotycz\u0105cych omawianej instytucji w kontek\u015bcie ochrony konsument\u00f3w. Poruszono tak\u017ce problem aktualnych zmian w zakresie post\u0119powania grupowego administracyjnego i s\u0105dowego w niekt\u00f3rych pa\u0144stwach europejskich oraz om\u00f3wiono projekt dyrektywy w sprawie pow\u00f3dztw przedstawicielskich, b\u0119d\u0105cy cz\u0119\u015bci\u0105 planowanego pakietu \u201eNowy \u0142ad dla konsument\u00f3w\u201d. G\u0142\u00f3wn\u0105 cz\u0119\u015b\u0107 publikacji stanowi\u0105 trzy rozdzia\u0142y zawieraj\u0105ce rozwa\u017cania dotycz\u0105ce uregulowania omawianej instytucji w systemach prawnych Polski, W\u0142och oraz Belgii. Szczeg\u00f3\u0142owej analizie zosta\u0142y poddane nie tylko akty prawne reguluj\u0105ce instytucj\u0119 post\u0119powania grupowego oraz pogl\u0105dy doktryny, ale te\u017c dotychczasowe do\u015bwiadczenia praktyczne orzecznictwa. Analiza ka\u017cdej z wybranych regulacji zawiera ocen\u0119 jej skuteczno\u015bci. Zestawienie trzech wspomnianych porz\u0105dk\u00f3w prawnych pozwoli\u0142o na por\u00f3wnanie modeli pod k\u0105tem sposobu ustalania sk\u0142adu grupy, skutk\u00f3w powierzenia roli przedstawiciela grupy r\u00f3\u017cnym podmiotom, sposob\u00f3w finansowania post\u0119powania, mo\u017cliwo\u015bci polubownego rozwi\u0105zania sporu oraz rzeczywistego wp\u0142ywu wprowadzenia omawianej regulacji na ochron\u0119 praw konsumenta we wskazanych pa\u0144stwach.<\/p>\n<p>Publikacja kierowana jest zar\u00f3wno do praktyk\u00f3w prawa, w tym rzecznik\u00f3w konsument\u00f3w, pracownik\u00f3w organizacji konsumenckich oraz profesjonalnych pe\u0142nomocnik\u00f3w zajmuj\u0105cych si\u0119 reprezentacj\u0105 grup w post\u0119powaniu grupowym, jak i badaczy prawa konsumenckiego.<\/p>\n","protected":false},"featured_media":15522,"template":"","meta":{"_acf_changed":false},"journal":[],"rodzaj":[7077,7076],"seria":[7797],"product_brand":[],"product_cat":[6932],"product_tag":[7951],"class_list":{"0":"post-46500","1":"product","2":"type-product","3":"status-publish","4":"has-post-thumbnail","6":"rodzaj-czasopismo","7":"rodzaj-serie-wydawnicze","8":"seria-dissertationes-laudatissimae-universitas-gedanensis","9":"product_cat-prawo-i-administracja","10":"product_tag-hanna-mardo","12":"first","13":"instock","14":"taxable","15":"shipping-taxable","16":"product-type-simple"},"acf":[],"_links":{"self":[{"href":"https:\/\/wydawnictwo.ug.edu.pl\/en\/wp-json\/wp\/v2\/product\/46500","targetHints":{"allow":["GET"]}}],"collection":[{"href":"https:\/\/wydawnictwo.ug.edu.pl\/en\/wp-json\/wp\/v2\/product"}],"about":[{"href":"https:\/\/wydawnictwo.ug.edu.pl\/en\/wp-json\/wp\/v2\/types\/product"}],"wp:featuredmedia":[{"embeddable":true,"href":"https:\/\/wydawnictwo.ug.edu.pl\/en\/wp-json\/wp\/v2\/media\/15522"}],"wp:attachment":[{"href":"https:\/\/wydawnictwo.ug.edu.pl\/en\/wp-json\/wp\/v2\/media?parent=46500"}],"wp:term":[{"taxonomy":"journal","embeddable":true,"href":"https:\/\/wydawnictwo.ug.edu.pl\/en\/wp-json\/wp\/v2\/journal?post=46500"},{"taxonomy":"rodzaj","embeddable":true,"href":"https:\/\/wydawnictwo.ug.edu.pl\/en\/wp-json\/wp\/v2\/rodzaj?post=46500"},{"taxonomy":"seria","embeddable":true,"href":"https:\/\/wydawnictwo.ug.edu.pl\/en\/wp-json\/wp\/v2\/seria?post=46500"},{"taxonomy":"product_brand","embeddable":true,"href":"https:\/\/wydawnictwo.ug.edu.pl\/en\/wp-json\/wp\/v2\/product_brand?post=46500"},{"taxonomy":"product_cat","embeddable":true,"href":"https:\/\/wydawnictwo.ug.edu.pl\/en\/wp-json\/wp\/v2\/product_cat?post=46500"},{"taxonomy":"product_tag","embeddable":true,"href":"https:\/\/wydawnictwo.ug.edu.pl\/en\/wp-json\/wp\/v2\/product_tag?post=46500"}],"curies":[{"name":"wp","href":"https:\/\/api.w.org\/{rel}","templated":true}]}}