{"id":46498,"date":"2021-09-03T11:57:33","date_gmt":"2021-09-03T11:57:33","guid":{"rendered":"https:\/\/wydawnictwo.ug.edu.pl\/ksiegarnia-online\/uncategorized\/%d1%80%d1%83%d1%81%d1%81%d0%ba%d0%b8%d0%b9-%d1%8f%d0%b7%d1%8b%d0%ba-%d0%b2-%d1%83%d0%bd%d0%b8%d0%b2%d0%b5%d1%80%d1%81%d0%b8%d1%82%d0%b5%d1%82%d0%b5-2\/"},"modified":"2026-02-11T14:12:13","modified_gmt":"2026-02-11T14:12:13","slug":"%d1%80%d1%83%d1%81%d1%81%d0%ba%d0%b8%d0%b9-%d1%8f%d0%b7%d1%8b%d0%ba-%d0%b2-%d1%83%d0%bd%d0%b8%d0%b2%d0%b5%d1%80%d1%81%d0%b8%d1%82%d0%b5%d1%82%d0%b5-2","status":"publish","type":"product","link":"https:\/\/wydawnictwo.ug.edu.pl\/en\/ksiegarnia-online\/jezykoznawstwo\/%d1%80%d1%83%d1%81%d1%81%d0%ba%d0%b8%d0%b9-%d1%8f%d0%b7%d1%8b%d0%ba-%d0%b2-%d1%83%d0%bd%d0%b8%d0%b2%d0%b5%d1%80%d1%81%d0%b8%d1%82%d0%b5%d1%82%d0%b5-2\/","title":{"rendered":"\u0420\u0443\u0441\u0441\u043a\u0438\u0439 \u044f\u0437\u044b\u043a \u0432 \u0443\u043d\u0438\u0432\u0435\u0440\u0441\u0438\u0442\u0435\u0442\u0435 2"},"content":{"rendered":"","protected":false},"excerpt":{"rendered":"<p><em>\u0420\u0443\u0441\u0441\u043a\u0438\u0439 \u044f\u0437\u044b\u043a \u0432 \u0443\u043d\u0438\u0432\u0435\u0440\u0441\u0438\u0442\u0435\u0442\u0435 2<\/em>\u00a0to druga cz\u0119\u015b\u0107 cyklu nowoczesnych podr\u0119cznik\u00f3w\u00a0przeznaczonych dla student\u00f3w filologii rosyjskiej i kierunk\u00f3w pokrewnych. Skrypt skierowany\u00a0jest do os\u00f3b, kt\u00f3re opanowa\u0142y ju\u017c podstawy j\u0119zyka rosyjskiego.<\/p>\n<p>Podr\u0119cznik sk\u0142ada si\u0119 z dwunastu rozdzia\u0142\u00f3w obejmuj\u0105cych takie obszary tematyczne,\u00a0jak: \u017cycie studenckie, problemy rodzinne, zakupy, podr\u00f3\u017ce i moda. Ka\u017cdy rozdzia\u0142\u00a0poprzedzony jest informacj\u0105, czego nauczy si\u0119 student, a ko\u0144czy si\u0119 powt\u00f3rzeniem materia\u0142u.\u00a0Skrypt zawiera tak\u017ce bogaty materia\u0142 ortograficzny, co zwi\u0105zane jest ze specyfik\u0105\u00a0studi\u00f3w filologicznych. Zagadnienia teoretyczne wraz z \u0107wiczeniami i dyktandami zosta\u0142y\u00a0zamieszczone w k\u0105ciku ortograficznym na ko\u0144cu podr\u0119cznika.<\/p>\n<p>W ksi\u0105\u017cce znajduj\u0105 si\u0119 autorskie teksty i \u0107wiczenia oparte na nowoczesnych metodach\u00a0nauczania j\u0119zyk\u00f3w obcych, a tak\u017ce aktualne artyku\u0142y zaczerpni\u0119te z rosyjskich stron internetowych,\u00a0adaptowane do poziomu nauczania. Odpowiednio dobrana tematyka oraz\u00a0sytuacje komunikacyjne umo\u017cliwiaj\u0105 studentom rozwijanie kompetencji mi\u0119dzykulturowej\u00a0w czytaniu, s\u0142uchaniu, pisaniu oraz m\u00f3wieniu.<\/p>\n<p>Istotnym uzupe\u0142nieniem podr\u0119cznika s\u0105 nagrania MP3 przygotowane przez rodzimych\u00a0u\u017cytkownik\u00f3w j\u0119zyka, s\u0142owniczek, aplikacja mobilna do nauki nowo poznanej leksyki,\u00a0\u0107wiczenia powt\u00f3rzeniowe oraz gry edukacyjne udost\u0119pniane na stronie internetowej. Te\u00a0innowacyjne rozwi\u0105zania pozwalaj\u0105 na zwi\u0119kszenie efektywno\u015bci samodzielnej pracy\u00a0i u\u0142atwiaj\u0105 osi\u0105gni\u0119cie oczekiwanych rezultat\u00f3w.<\/p>\n","protected":false},"featured_media":15538,"template":"","meta":{"_acf_changed":false},"journal":[],"rodzaj":[7330],"seria":[],"product_brand":[],"product_cat":[7310,6924],"product_tag":[7876,7950,7913],"class_list":{"0":"post-46498","1":"product","2":"type-product","3":"status-publish","4":"has-post-thumbnail","6":"rodzaj-schoolbook","7":"product_cat-nauka-jezykow-obcych","8":"product_cat-jezykoznawstwo","9":"product_tag-karolina-wieladek","10":"product_tag-malgorzata-marciszewska","11":"product_tag-marta-noinskamarta-noinska","13":"first","14":"instock","15":"taxable","16":"shipping-taxable","17":"purchasable","18":"product-type-simple"},"acf":[],"_links":{"self":[{"href":"https:\/\/wydawnictwo.ug.edu.pl\/en\/wp-json\/wp\/v2\/product\/46498","targetHints":{"allow":["GET"]}}],"collection":[{"href":"https:\/\/wydawnictwo.ug.edu.pl\/en\/wp-json\/wp\/v2\/product"}],"about":[{"href":"https:\/\/wydawnictwo.ug.edu.pl\/en\/wp-json\/wp\/v2\/types\/product"}],"wp:featuredmedia":[{"embeddable":true,"href":"https:\/\/wydawnictwo.ug.edu.pl\/en\/wp-json\/wp\/v2\/media\/15538"}],"wp:attachment":[{"href":"https:\/\/wydawnictwo.ug.edu.pl\/en\/wp-json\/wp\/v2\/media?parent=46498"}],"wp:term":[{"taxonomy":"journal","embeddable":true,"href":"https:\/\/wydawnictwo.ug.edu.pl\/en\/wp-json\/wp\/v2\/journal?post=46498"},{"taxonomy":"rodzaj","embeddable":true,"href":"https:\/\/wydawnictwo.ug.edu.pl\/en\/wp-json\/wp\/v2\/rodzaj?post=46498"},{"taxonomy":"seria","embeddable":true,"href":"https:\/\/wydawnictwo.ug.edu.pl\/en\/wp-json\/wp\/v2\/seria?post=46498"},{"taxonomy":"product_brand","embeddable":true,"href":"https:\/\/wydawnictwo.ug.edu.pl\/en\/wp-json\/wp\/v2\/product_brand?post=46498"},{"taxonomy":"product_cat","embeddable":true,"href":"https:\/\/wydawnictwo.ug.edu.pl\/en\/wp-json\/wp\/v2\/product_cat?post=46498"},{"taxonomy":"product_tag","embeddable":true,"href":"https:\/\/wydawnictwo.ug.edu.pl\/en\/wp-json\/wp\/v2\/product_tag?post=46498"}],"curies":[{"name":"wp","href":"https:\/\/api.w.org\/{rel}","templated":true}]}}